{"id":1056,"date":"2023-06-08T14:33:28","date_gmt":"2023-06-08T14:33:28","guid":{"rendered":"https:\/\/www.escarre.com\/?page_id=1056"},"modified":"2023-07-24T14:55:07","modified_gmt":"2023-07-24T14:55:07","slug":"tintura-y-acabados","status":"publish","type":"page","link":"https:\/\/www.escarre.com\/es\/tintura-y-acabados\/","title":{"rendered":"Tintura y Acabados"},"content":{"rendered":"\n<p class=\"title-1\">Soluciones en automatizaci\u00f3n de procesos de tintura y acabados textiles<\/p>\n<p>Hemos creado una combinaci\u00f3n de nuestras soluciones para automatizar una planta de tintorer\u00eda y acabados textiles. No importa los tipos de tintura o empresa; todas nuestras soluciones se adaptan y son personalizables. S\u00famate a la industria 4.0<\/p>\n","protected":false},"excerpt":{"rendered":"<p>Soluciones en automatizaci\u00f3n de procesos de tintura y acabados textiles Hemos creado una combinaci\u00f3n de nuestras soluciones para automatizar una planta de tintorer\u00eda y acabados textiles. No importa los tipos &hellip;<\/p>\n","protected":false},"author":1,"featured_media":3593,"parent":0,"menu_order":0,"comment_status":"closed","ping_status":"closed","template":"page-templates\/page-with-header.php","meta":{"_acf_changed":false,"footnotes":""},"color":[11],"class_list":["post-1056","page","type-page","status-publish","has-post-thumbnail","hentry","color-grey"],"acf":[],"yoast_head":"<!-- This site is optimized with the Yoast SEO plugin v26.7 - https:\/\/yoast.com\/wordpress\/plugins\/seo\/ -->\n<title>EAS - Automatizaci\u00f3n de procesos de tintura y acabados textiles<\/title>\n<meta name=\"description\" content=\"EAS, soluciones para la automatizaci\u00f3n de procesos de tintura y acabados textiles. Emprenda el camino de la transformaci\u00f3n digital de su negocio \u00a1Descubra c\u00f3mo!\" \/>\n<meta name=\"robots\" content=\"index, follow, max-snippet:-1, max-image-preview:large, max-video-preview:-1\" \/>\n<link rel=\"canonical\" href=\"https:\/\/www.escarre.com\/es\/tintura-y-acabados\/\" \/>\n<meta property=\"og:locale\" content=\"es_ES\" \/>\n<meta property=\"og:type\" content=\"article\" \/>\n<meta property=\"og:title\" content=\"EAS - Automatizaci\u00f3n de procesos de tintura y acabados textiles\" \/>\n<meta property=\"og:description\" content=\"EAS, soluciones para la automatizaci\u00f3n de procesos de tintura y acabados textiles. Emprenda el camino de la transformaci\u00f3n digital de su negocio \u00a1Descubra c\u00f3mo!\" \/>\n<meta property=\"og:url\" content=\"https:\/\/www.escarre.com\/es\/tintura-y-acabados\/\" \/>\n<meta property=\"og:site_name\" content=\"Escarre\" \/>\n<meta property=\"article:modified_time\" content=\"2023-07-24T14:55:07+00:00\" \/>\n<meta property=\"og:image\" content=\"https:\/\/www.escarre.com\/wp-content\/uploads\/Tintura-y-Acabados.jpg\" \/>\n\t<meta property=\"og:image:width\" content=\"960\" \/>\n\t<meta property=\"og:image:height\" content=\"600\" \/>\n\t<meta property=\"og:image:type\" content=\"image\/jpeg\" \/>\n<meta name=\"twitter:card\" content=\"summary_large_image\" \/>\n<meta name=\"twitter:label1\" content=\"Tiempo de lectura\" \/>\n\t<meta name=\"twitter:data1\" content=\"1 minuto\" \/>\n<script type=\"application\/ld+json\" class=\"yoast-schema-graph\">{\"@context\":\"https:\/\/schema.org\",\"@graph\":[{\"@type\":\"WebPage\",\"@id\":\"https:\/\/www.escarre.com\/es\/tintura-y-acabados\/\",\"url\":\"https:\/\/www.escarre.com\/es\/tintura-y-acabados\/\",\"name\":\"EAS - Automatizaci\u00f3n de procesos de tintura y acabados textiles\",\"isPartOf\":{\"@id\":\"https:\/\/www.escarre.com\/es\/#website\"},\"primaryImageOfPage\":{\"@id\":\"https:\/\/www.escarre.com\/es\/tintura-y-acabados\/#primaryimage\"},\"image\":{\"@id\":\"https:\/\/www.escarre.com\/es\/tintura-y-acabados\/#primaryimage\"},\"thumbnailUrl\":\"https:\/\/www.escarre.com\/wp-content\/uploads\/Tintura-y-Acabados.jpg\",\"datePublished\":\"2023-06-08T14:33:28+00:00\",\"dateModified\":\"2023-07-24T14:55:07+00:00\",\"description\":\"EAS, soluciones para la automatizaci\u00f3n de procesos de tintura y acabados textiles. Emprenda el camino de la transformaci\u00f3n digital de su negocio \u00a1Descubra c\u00f3mo!\",\"breadcrumb\":{\"@id\":\"https:\/\/www.escarre.com\/es\/tintura-y-acabados\/#breadcrumb\"},\"inLanguage\":\"es\",\"potentialAction\":[{\"@type\":\"ReadAction\",\"target\":[\"https:\/\/www.escarre.com\/es\/tintura-y-acabados\/\"]}]},{\"@type\":\"ImageObject\",\"inLanguage\":\"es\",\"@id\":\"https:\/\/www.escarre.com\/es\/tintura-y-acabados\/#primaryimage\",\"url\":\"https:\/\/www.escarre.com\/wp-content\/uploads\/Tintura-y-Acabados.jpg\",\"contentUrl\":\"https:\/\/www.escarre.com\/wp-content\/uploads\/Tintura-y-Acabados.jpg\",\"width\":960,\"height\":600},{\"@type\":\"BreadcrumbList\",\"@id\":\"https:\/\/www.escarre.com\/es\/tintura-y-acabados\/#breadcrumb\",\"itemListElement\":[{\"@type\":\"ListItem\",\"position\":1,\"name\":\"Portada\",\"item\":\"https:\/\/www.escarre.com\/es\/\"},{\"@type\":\"ListItem\",\"position\":2,\"name\":\"Tintura y Acabados\"}]},{\"@type\":\"WebSite\",\"@id\":\"https:\/\/www.escarre.com\/es\/#website\",\"url\":\"https:\/\/www.escarre.com\/es\/\",\"name\":\"Escarre\",\"description\":\"\",\"publisher\":{\"@id\":\"https:\/\/www.escarre.com\/es\/#organization\"},\"potentialAction\":[{\"@type\":\"SearchAction\",\"target\":{\"@type\":\"EntryPoint\",\"urlTemplate\":\"https:\/\/www.escarre.com\/es\/?s={search_term_string}\"},\"query-input\":{\"@type\":\"PropertyValueSpecification\",\"valueRequired\":true,\"valueName\":\"search_term_string\"}}],\"inLanguage\":\"es\"},{\"@type\":\"Organization\",\"@id\":\"https:\/\/www.escarre.com\/es\/#organization\",\"name\":\"Escarre\",\"url\":\"https:\/\/www.escarre.com\/es\/\",\"logo\":{\"@type\":\"ImageObject\",\"inLanguage\":\"es\",\"@id\":\"https:\/\/www.escarre.com\/es\/#\/schema\/logo\/image\/\",\"url\":\"https:\/\/www.escarre.com\/wp-content\/uploads\/logo-eas-1.png\",\"contentUrl\":\"https:\/\/www.escarre.com\/wp-content\/uploads\/logo-eas-1.png\",\"width\":700,\"height\":125,\"caption\":\"Escarre\"},\"image\":{\"@id\":\"https:\/\/www.escarre.com\/es\/#\/schema\/logo\/image\/\"}}]}<\/script>\n<!-- \/ Yoast SEO plugin. -->","yoast_head_json":{"title":"EAS - Automatizaci\u00f3n de procesos de tintura y acabados textiles","description":"EAS, soluciones para la automatizaci\u00f3n de procesos de tintura y acabados textiles. Emprenda el camino de la transformaci\u00f3n digital de su negocio \u00a1Descubra c\u00f3mo!","robots":{"index":"index","follow":"follow","max-snippet":"max-snippet:-1","max-image-preview":"max-image-preview:large","max-video-preview":"max-video-preview:-1"},"canonical":"https:\/\/www.escarre.com\/es\/tintura-y-acabados\/","og_locale":"es_ES","og_type":"article","og_title":"EAS - Automatizaci\u00f3n de procesos de tintura y acabados textiles","og_description":"EAS, soluciones para la automatizaci\u00f3n de procesos de tintura y acabados textiles. Emprenda el camino de la transformaci\u00f3n digital de su negocio \u00a1Descubra c\u00f3mo!","og_url":"https:\/\/www.escarre.com\/es\/tintura-y-acabados\/","og_site_name":"Escarre","article_modified_time":"2023-07-24T14:55:07+00:00","og_image":[{"width":960,"height":600,"url":"https:\/\/www.escarre.com\/wp-content\/uploads\/Tintura-y-Acabados.jpg","type":"image\/jpeg"}],"twitter_card":"summary_large_image","twitter_misc":{"Tiempo de lectura":"1 minuto"},"schema":{"@context":"https:\/\/schema.org","@graph":[{"@type":"WebPage","@id":"https:\/\/www.escarre.com\/es\/tintura-y-acabados\/","url":"https:\/\/www.escarre.com\/es\/tintura-y-acabados\/","name":"EAS - Automatizaci\u00f3n de procesos de tintura y acabados textiles","isPartOf":{"@id":"https:\/\/www.escarre.com\/es\/#website"},"primaryImageOfPage":{"@id":"https:\/\/www.escarre.com\/es\/tintura-y-acabados\/#primaryimage"},"image":{"@id":"https:\/\/www.escarre.com\/es\/tintura-y-acabados\/#primaryimage"},"thumbnailUrl":"https:\/\/www.escarre.com\/wp-content\/uploads\/Tintura-y-Acabados.jpg","datePublished":"2023-06-08T14:33:28+00:00","dateModified":"2023-07-24T14:55:07+00:00","description":"EAS, soluciones para la automatizaci\u00f3n de procesos de tintura y acabados textiles. Emprenda el camino de la transformaci\u00f3n digital de su negocio \u00a1Descubra c\u00f3mo!","breadcrumb":{"@id":"https:\/\/www.escarre.com\/es\/tintura-y-acabados\/#breadcrumb"},"inLanguage":"es","potentialAction":[{"@type":"ReadAction","target":["https:\/\/www.escarre.com\/es\/tintura-y-acabados\/"]}]},{"@type":"ImageObject","inLanguage":"es","@id":"https:\/\/www.escarre.com\/es\/tintura-y-acabados\/#primaryimage","url":"https:\/\/www.escarre.com\/wp-content\/uploads\/Tintura-y-Acabados.jpg","contentUrl":"https:\/\/www.escarre.com\/wp-content\/uploads\/Tintura-y-Acabados.jpg","width":960,"height":600},{"@type":"BreadcrumbList","@id":"https:\/\/www.escarre.com\/es\/tintura-y-acabados\/#breadcrumb","itemListElement":[{"@type":"ListItem","position":1,"name":"Portada","item":"https:\/\/www.escarre.com\/es\/"},{"@type":"ListItem","position":2,"name":"Tintura y Acabados"}]},{"@type":"WebSite","@id":"https:\/\/www.escarre.com\/es\/#website","url":"https:\/\/www.escarre.com\/es\/","name":"Escarre","description":"","publisher":{"@id":"https:\/\/www.escarre.com\/es\/#organization"},"potentialAction":[{"@type":"SearchAction","target":{"@type":"EntryPoint","urlTemplate":"https:\/\/www.escarre.com\/es\/?s={search_term_string}"},"query-input":{"@type":"PropertyValueSpecification","valueRequired":true,"valueName":"search_term_string"}}],"inLanguage":"es"},{"@type":"Organization","@id":"https:\/\/www.escarre.com\/es\/#organization","name":"Escarre","url":"https:\/\/www.escarre.com\/es\/","logo":{"@type":"ImageObject","inLanguage":"es","@id":"https:\/\/www.escarre.com\/es\/#\/schema\/logo\/image\/","url":"https:\/\/www.escarre.com\/wp-content\/uploads\/logo-eas-1.png","contentUrl":"https:\/\/www.escarre.com\/wp-content\/uploads\/logo-eas-1.png","width":700,"height":125,"caption":"Escarre"},"image":{"@id":"https:\/\/www.escarre.com\/es\/#\/schema\/logo\/image\/"}}]}},"_links":{"self":[{"href":"https:\/\/www.escarre.com\/es\/wp-json\/wp\/v2\/pages\/1056","targetHints":{"allow":["GET"]}}],"collection":[{"href":"https:\/\/www.escarre.com\/es\/wp-json\/wp\/v2\/pages"}],"about":[{"href":"https:\/\/www.escarre.com\/es\/wp-json\/wp\/v2\/types\/page"}],"author":[{"embeddable":true,"href":"https:\/\/www.escarre.com\/es\/wp-json\/wp\/v2\/users\/1"}],"replies":[{"embeddable":true,"href":"https:\/\/www.escarre.com\/es\/wp-json\/wp\/v2\/comments?post=1056"}],"version-history":[{"count":5,"href":"https:\/\/www.escarre.com\/es\/wp-json\/wp\/v2\/pages\/1056\/revisions"}],"predecessor-version":[{"id":4862,"href":"https:\/\/www.escarre.com\/es\/wp-json\/wp\/v2\/pages\/1056\/revisions\/4862"}],"wp:featuredmedia":[{"embeddable":true,"href":"https:\/\/www.escarre.com\/es\/wp-json\/wp\/v2\/media\/3593"}],"wp:attachment":[{"href":"https:\/\/www.escarre.com\/es\/wp-json\/wp\/v2\/media?parent=1056"}],"wp:term":[{"taxonomy":"color","embeddable":true,"href":"https:\/\/www.escarre.com\/es\/wp-json\/wp\/v2\/color?post=1056"}],"curies":[{"name":"wp","href":"https:\/\/api.w.org\/{rel}","templated":true}]}}