{"id":1093,"date":"2023-06-08T15:13:39","date_gmt":"2023-06-08T15:13:39","guid":{"rendered":"https:\/\/www.escarre.com\/?page_id=1093"},"modified":"2023-09-07T11:08:28","modified_gmt":"2023-09-07T11:08:28","slug":"bolsas-hidrosolubles","status":"publish","type":"page","link":"https:\/\/www.escarre.com\/es\/bolsas-hidrosolubles\/","title":{"rendered":"Bolsas hidrosolubles"},"content":{"rendered":"\n<p>Permiten introducir la cantidad de colorante exacta que requiere la receta, introduciendo la bolsa directamente en el tanque de preparaci\u00f3n.<\/p>\n<p>Esta se disolver\u00e1 sin dejar residuos y sin afectar a la composici\u00f3n. Las bolsas hidrosolubles con el complemento perfecto para el pesaje de qu\u00edmicos facilitando el sistema de almacenaje de colorantes pesados, permitiendo la preparaci\u00f3n de futuras tinturas. Adem\u00e1s, mejora la ergonom\u00eda en el trabajo, evitando al operario\/a la larga exposici\u00f3n a qu\u00edmicos. Disponemos de varias medidas en stock y tambi\u00e9n encargos de fabricaciones especiales.<\/p>\n","protected":false},"excerpt":{"rendered":"<p>Permiten introducir la cantidad de colorante exacta que requiere la receta, introduciendo la bolsa directamente en el tanque de preparaci\u00f3n. Esta se disolver\u00e1 sin dejar residuos y sin afectar a &hellip;<\/p>\n","protected":false},"author":1,"featured_media":1100,"parent":0,"menu_order":0,"comment_status":"closed","ping_status":"closed","template":"page-templates\/page-with-header-section-2.php","meta":{"_acf_changed":false,"footnotes":""},"color":[11],"class_list":["post-1093","page","type-page","status-publish","has-post-thumbnail","hentry","color-grey"],"acf":[],"yoast_head":"<!-- This site is optimized with the Yoast SEO plugin v26.7 - https:\/\/yoast.com\/wordpress\/plugins\/seo\/ -->\n<title>Bolsas hidrosolubles - Escarre<\/title>\n<meta name=\"description\" content=\"Permiten introducir la cantidad de colorante exacta que requiere la receta, introduciendo la bolsa directamente en el tanque de preparaci\u00f3n. Esta se\" \/>\n<meta name=\"robots\" content=\"index, follow, max-snippet:-1, max-image-preview:large, max-video-preview:-1\" \/>\n<link rel=\"canonical\" href=\"https:\/\/www.escarre.com\/es\/bolsas-hidrosolubles\/\" \/>\n<meta property=\"og:locale\" content=\"es_ES\" \/>\n<meta property=\"og:type\" content=\"article\" \/>\n<meta property=\"og:title\" content=\"Bolsas hidrosolubles - Escarre\" \/>\n<meta property=\"og:description\" content=\"Permiten introducir la cantidad de colorante exacta que requiere la receta, introduciendo la bolsa directamente en el tanque de preparaci\u00f3n. Esta se\" \/>\n<meta property=\"og:url\" content=\"https:\/\/www.escarre.com\/es\/bolsas-hidrosolubles\/\" \/>\n<meta property=\"og:site_name\" content=\"Escarre\" \/>\n<meta property=\"article:modified_time\" content=\"2023-09-07T11:08:28+00:00\" \/>\n<meta property=\"og:image\" content=\"https:\/\/www.escarre.com\/wp-content\/uploads\/bolsas-hidrosolubles.jpg\" \/>\n\t<meta property=\"og:image:width\" content=\"960\" \/>\n\t<meta property=\"og:image:height\" content=\"550\" \/>\n\t<meta property=\"og:image:type\" content=\"image\/jpeg\" \/>\n<meta name=\"twitter:card\" content=\"summary_large_image\" \/>\n<meta name=\"twitter:label1\" content=\"Tiempo de lectura\" \/>\n\t<meta name=\"twitter:data1\" content=\"1 minuto\" \/>\n<script type=\"application\/ld+json\" class=\"yoast-schema-graph\">{\"@context\":\"https:\/\/schema.org\",\"@graph\":[{\"@type\":\"WebPage\",\"@id\":\"https:\/\/www.escarre.com\/es\/bolsas-hidrosolubles\/\",\"url\":\"https:\/\/www.escarre.com\/es\/bolsas-hidrosolubles\/\",\"name\":\"Bolsas hidrosolubles - Escarre\",\"isPartOf\":{\"@id\":\"https:\/\/www.escarre.com\/es\/#website\"},\"primaryImageOfPage\":{\"@id\":\"https:\/\/www.escarre.com\/es\/bolsas-hidrosolubles\/#primaryimage\"},\"image\":{\"@id\":\"https:\/\/www.escarre.com\/es\/bolsas-hidrosolubles\/#primaryimage\"},\"thumbnailUrl\":\"https:\/\/www.escarre.com\/wp-content\/uploads\/bolsas-hidrosolubles.jpg\",\"datePublished\":\"2023-06-08T15:13:39+00:00\",\"dateModified\":\"2023-09-07T11:08:28+00:00\",\"description\":\"Permiten introducir la cantidad de colorante exacta que requiere la receta, introduciendo la bolsa directamente en el tanque de preparaci\u00f3n. Esta se\",\"breadcrumb\":{\"@id\":\"https:\/\/www.escarre.com\/es\/bolsas-hidrosolubles\/#breadcrumb\"},\"inLanguage\":\"es\",\"potentialAction\":[{\"@type\":\"ReadAction\",\"target\":[\"https:\/\/www.escarre.com\/es\/bolsas-hidrosolubles\/\"]}]},{\"@type\":\"ImageObject\",\"inLanguage\":\"es\",\"@id\":\"https:\/\/www.escarre.com\/es\/bolsas-hidrosolubles\/#primaryimage\",\"url\":\"https:\/\/www.escarre.com\/wp-content\/uploads\/bolsas-hidrosolubles.jpg\",\"contentUrl\":\"https:\/\/www.escarre.com\/wp-content\/uploads\/bolsas-hidrosolubles.jpg\",\"width\":960,\"height\":550},{\"@type\":\"BreadcrumbList\",\"@id\":\"https:\/\/www.escarre.com\/es\/bolsas-hidrosolubles\/#breadcrumb\",\"itemListElement\":[{\"@type\":\"ListItem\",\"position\":1,\"name\":\"Portada\",\"item\":\"https:\/\/www.escarre.com\/es\/\"},{\"@type\":\"ListItem\",\"position\":2,\"name\":\"Bolsas hidrosolubles\"}]},{\"@type\":\"WebSite\",\"@id\":\"https:\/\/www.escarre.com\/es\/#website\",\"url\":\"https:\/\/www.escarre.com\/es\/\",\"name\":\"Escarre\",\"description\":\"\",\"publisher\":{\"@id\":\"https:\/\/www.escarre.com\/es\/#organization\"},\"potentialAction\":[{\"@type\":\"SearchAction\",\"target\":{\"@type\":\"EntryPoint\",\"urlTemplate\":\"https:\/\/www.escarre.com\/es\/?s={search_term_string}\"},\"query-input\":{\"@type\":\"PropertyValueSpecification\",\"valueRequired\":true,\"valueName\":\"search_term_string\"}}],\"inLanguage\":\"es\"},{\"@type\":\"Organization\",\"@id\":\"https:\/\/www.escarre.com\/es\/#organization\",\"name\":\"Escarre\",\"url\":\"https:\/\/www.escarre.com\/es\/\",\"logo\":{\"@type\":\"ImageObject\",\"inLanguage\":\"es\",\"@id\":\"https:\/\/www.escarre.com\/es\/#\/schema\/logo\/image\/\",\"url\":\"https:\/\/www.escarre.com\/wp-content\/uploads\/logo-eas-1.png\",\"contentUrl\":\"https:\/\/www.escarre.com\/wp-content\/uploads\/logo-eas-1.png\",\"width\":700,\"height\":125,\"caption\":\"Escarre\"},\"image\":{\"@id\":\"https:\/\/www.escarre.com\/es\/#\/schema\/logo\/image\/\"}}]}<\/script>\n<!-- \/ Yoast SEO plugin. -->","yoast_head_json":{"title":"Bolsas hidrosolubles - Escarre","description":"Permiten introducir la cantidad de colorante exacta que requiere la receta, introduciendo la bolsa directamente en el tanque de preparaci\u00f3n. Esta se","robots":{"index":"index","follow":"follow","max-snippet":"max-snippet:-1","max-image-preview":"max-image-preview:large","max-video-preview":"max-video-preview:-1"},"canonical":"https:\/\/www.escarre.com\/es\/bolsas-hidrosolubles\/","og_locale":"es_ES","og_type":"article","og_title":"Bolsas hidrosolubles - Escarre","og_description":"Permiten introducir la cantidad de colorante exacta que requiere la receta, introduciendo la bolsa directamente en el tanque de preparaci\u00f3n. Esta se","og_url":"https:\/\/www.escarre.com\/es\/bolsas-hidrosolubles\/","og_site_name":"Escarre","article_modified_time":"2023-09-07T11:08:28+00:00","og_image":[{"width":960,"height":550,"url":"https:\/\/www.escarre.com\/wp-content\/uploads\/bolsas-hidrosolubles.jpg","type":"image\/jpeg"}],"twitter_card":"summary_large_image","twitter_misc":{"Tiempo de lectura":"1 minuto"},"schema":{"@context":"https:\/\/schema.org","@graph":[{"@type":"WebPage","@id":"https:\/\/www.escarre.com\/es\/bolsas-hidrosolubles\/","url":"https:\/\/www.escarre.com\/es\/bolsas-hidrosolubles\/","name":"Bolsas hidrosolubles - Escarre","isPartOf":{"@id":"https:\/\/www.escarre.com\/es\/#website"},"primaryImageOfPage":{"@id":"https:\/\/www.escarre.com\/es\/bolsas-hidrosolubles\/#primaryimage"},"image":{"@id":"https:\/\/www.escarre.com\/es\/bolsas-hidrosolubles\/#primaryimage"},"thumbnailUrl":"https:\/\/www.escarre.com\/wp-content\/uploads\/bolsas-hidrosolubles.jpg","datePublished":"2023-06-08T15:13:39+00:00","dateModified":"2023-09-07T11:08:28+00:00","description":"Permiten introducir la cantidad de colorante exacta que requiere la receta, introduciendo la bolsa directamente en el tanque de preparaci\u00f3n. Esta se","breadcrumb":{"@id":"https:\/\/www.escarre.com\/es\/bolsas-hidrosolubles\/#breadcrumb"},"inLanguage":"es","potentialAction":[{"@type":"ReadAction","target":["https:\/\/www.escarre.com\/es\/bolsas-hidrosolubles\/"]}]},{"@type":"ImageObject","inLanguage":"es","@id":"https:\/\/www.escarre.com\/es\/bolsas-hidrosolubles\/#primaryimage","url":"https:\/\/www.escarre.com\/wp-content\/uploads\/bolsas-hidrosolubles.jpg","contentUrl":"https:\/\/www.escarre.com\/wp-content\/uploads\/bolsas-hidrosolubles.jpg","width":960,"height":550},{"@type":"BreadcrumbList","@id":"https:\/\/www.escarre.com\/es\/bolsas-hidrosolubles\/#breadcrumb","itemListElement":[{"@type":"ListItem","position":1,"name":"Portada","item":"https:\/\/www.escarre.com\/es\/"},{"@type":"ListItem","position":2,"name":"Bolsas hidrosolubles"}]},{"@type":"WebSite","@id":"https:\/\/www.escarre.com\/es\/#website","url":"https:\/\/www.escarre.com\/es\/","name":"Escarre","description":"","publisher":{"@id":"https:\/\/www.escarre.com\/es\/#organization"},"potentialAction":[{"@type":"SearchAction","target":{"@type":"EntryPoint","urlTemplate":"https:\/\/www.escarre.com\/es\/?s={search_term_string}"},"query-input":{"@type":"PropertyValueSpecification","valueRequired":true,"valueName":"search_term_string"}}],"inLanguage":"es"},{"@type":"Organization","@id":"https:\/\/www.escarre.com\/es\/#organization","name":"Escarre","url":"https:\/\/www.escarre.com\/es\/","logo":{"@type":"ImageObject","inLanguage":"es","@id":"https:\/\/www.escarre.com\/es\/#\/schema\/logo\/image\/","url":"https:\/\/www.escarre.com\/wp-content\/uploads\/logo-eas-1.png","contentUrl":"https:\/\/www.escarre.com\/wp-content\/uploads\/logo-eas-1.png","width":700,"height":125,"caption":"Escarre"},"image":{"@id":"https:\/\/www.escarre.com\/es\/#\/schema\/logo\/image\/"}}]}},"_links":{"self":[{"href":"https:\/\/www.escarre.com\/es\/wp-json\/wp\/v2\/pages\/1093","targetHints":{"allow":["GET"]}}],"collection":[{"href":"https:\/\/www.escarre.com\/es\/wp-json\/wp\/v2\/pages"}],"about":[{"href":"https:\/\/www.escarre.com\/es\/wp-json\/wp\/v2\/types\/page"}],"author":[{"embeddable":true,"href":"https:\/\/www.escarre.com\/es\/wp-json\/wp\/v2\/users\/1"}],"replies":[{"embeddable":true,"href":"https:\/\/www.escarre.com\/es\/wp-json\/wp\/v2\/comments?post=1093"}],"version-history":[{"count":2,"href":"https:\/\/www.escarre.com\/es\/wp-json\/wp\/v2\/pages\/1093\/revisions"}],"predecessor-version":[{"id":6728,"href":"https:\/\/www.escarre.com\/es\/wp-json\/wp\/v2\/pages\/1093\/revisions\/6728"}],"wp:featuredmedia":[{"embeddable":true,"href":"https:\/\/www.escarre.com\/es\/wp-json\/wp\/v2\/media\/1100"}],"wp:attachment":[{"href":"https:\/\/www.escarre.com\/es\/wp-json\/wp\/v2\/media?parent=1093"}],"wp:term":[{"taxonomy":"color","embeddable":true,"href":"https:\/\/www.escarre.com\/es\/wp-json\/wp\/v2\/color?post=1093"}],"curies":[{"name":"wp","href":"https:\/\/api.w.org\/{rel}","templated":true}]}}