{"id":378,"date":"2023-06-05T08:58:07","date_gmt":"2023-06-05T08:58:07","guid":{"rendered":"https:\/\/www.escarre.com\/?page_id=378"},"modified":"2023-09-15T06:58:03","modified_gmt":"2023-09-15T06:58:03","slug":"soporte","status":"publish","type":"page","link":"https:\/\/www.escarre.com\/es\/soporte\/","title":{"rendered":"Soporte"},"content":{"rendered":"\n<p>En EAS hemos creado un equipo de soporte para ofrecerte la mejor atenci\u00f3n en cualquier parte del planeta.<\/p>\n<p>Sabemos lo importante que es contar con un servicio de soporte t\u00e9cnico de calidad en el momento en que lo necesitas. Nuestro servicio de soporte remoto te permitir\u00e1 solucionar cualquier problema t\u00e9cnico de forma r\u00e1pida y eficiente. Con tan solo una conexi\u00f3n a internet, podr\u00e1s acceder a nuestro equipo de soporte en cualquiera de nuestros equipos.<\/p>\n<p>Nuestro equipo est\u00e1 formado por t\u00e9cnicos expertos dispuestos a ayudarte a solventar un problema t\u00e9cnico, resolver dudas sobre funcionamiento, o programaci\u00f3n de asistencias presenciales.<\/p>\n\n\n\n<p><\/p>\n\n\n\n<p><\/p>\n","protected":false},"excerpt":{"rendered":"<p>En EAS hemos creado un equipo de soporte para ofrecerte la mejor atenci\u00f3n en cualquier parte del planeta. Sabemos lo importante que es contar con un servicio de soporte t\u00e9cnico &hellip;<\/p>\n","protected":false},"author":1,"featured_media":3618,"parent":0,"menu_order":0,"comment_status":"closed","ping_status":"closed","template":"page-templates\/page-with-header-section-2.php","meta":{"_acf_changed":false,"footnotes":""},"color":[11],"class_list":["post-378","page","type-page","status-publish","has-post-thumbnail","hentry","color-grey"],"acf":[],"yoast_head":"<!-- This site is optimized with the Yoast SEO plugin v26.7 - https:\/\/yoast.com\/wordpress\/plugins\/seo\/ -->\n<title>Soporte - Escarre<\/title>\n<meta name=\"description\" content=\"En EAS hemos creado un equipo de soporte para ofrecerte la mejor atenci\u00f3n en cualquier parte del planeta. Sabemos lo importante que es contar con un\" \/>\n<meta name=\"robots\" content=\"index, follow, max-snippet:-1, max-image-preview:large, max-video-preview:-1\" \/>\n<link rel=\"canonical\" href=\"https:\/\/www.escarre.com\/es\/soporte\/\" \/>\n<meta property=\"og:locale\" content=\"es_ES\" \/>\n<meta property=\"og:type\" content=\"article\" \/>\n<meta property=\"og:title\" content=\"Soporte - Escarre\" \/>\n<meta property=\"og:description\" content=\"En EAS hemos creado un equipo de soporte para ofrecerte la mejor atenci\u00f3n en cualquier parte del planeta. Sabemos lo importante que es contar con un\" \/>\n<meta property=\"og:url\" content=\"https:\/\/www.escarre.com\/es\/soporte\/\" \/>\n<meta property=\"og:site_name\" content=\"Escarre\" \/>\n<meta property=\"article:modified_time\" content=\"2023-09-15T06:58:03+00:00\" \/>\n<meta property=\"og:image\" content=\"https:\/\/www.escarre.com\/wp-content\/uploads\/Conexion-total-con-la-planta-1.jpg\" \/>\n\t<meta property=\"og:image:width\" content=\"960\" \/>\n\t<meta property=\"og:image:height\" content=\"600\" \/>\n\t<meta property=\"og:image:type\" content=\"image\/jpeg\" \/>\n<meta name=\"twitter:card\" content=\"summary_large_image\" \/>\n<meta name=\"twitter:label1\" content=\"Tiempo de lectura\" \/>\n\t<meta name=\"twitter:data1\" content=\"1 minuto\" \/>\n<script type=\"application\/ld+json\" class=\"yoast-schema-graph\">{\"@context\":\"https:\/\/schema.org\",\"@graph\":[{\"@type\":\"WebPage\",\"@id\":\"https:\/\/www.escarre.com\/es\/soporte\/\",\"url\":\"https:\/\/www.escarre.com\/es\/soporte\/\",\"name\":\"Soporte - Escarre\",\"isPartOf\":{\"@id\":\"https:\/\/www.escarre.com\/es\/#website\"},\"primaryImageOfPage\":{\"@id\":\"https:\/\/www.escarre.com\/es\/soporte\/#primaryimage\"},\"image\":{\"@id\":\"https:\/\/www.escarre.com\/es\/soporte\/#primaryimage\"},\"thumbnailUrl\":\"https:\/\/www.escarre.com\/wp-content\/uploads\/Conexion-total-con-la-planta-1.jpg\",\"datePublished\":\"2023-06-05T08:58:07+00:00\",\"dateModified\":\"2023-09-15T06:58:03+00:00\",\"description\":\"En EAS hemos creado un equipo de soporte para ofrecerte la mejor atenci\u00f3n en cualquier parte del planeta. Sabemos lo importante que es contar con un\",\"breadcrumb\":{\"@id\":\"https:\/\/www.escarre.com\/es\/soporte\/#breadcrumb\"},\"inLanguage\":\"es\",\"potentialAction\":[{\"@type\":\"ReadAction\",\"target\":[\"https:\/\/www.escarre.com\/es\/soporte\/\"]}]},{\"@type\":\"ImageObject\",\"inLanguage\":\"es\",\"@id\":\"https:\/\/www.escarre.com\/es\/soporte\/#primaryimage\",\"url\":\"https:\/\/www.escarre.com\/wp-content\/uploads\/Conexion-total-con-la-planta-1.jpg\",\"contentUrl\":\"https:\/\/www.escarre.com\/wp-content\/uploads\/Conexion-total-con-la-planta-1.jpg\",\"width\":960,\"height\":600},{\"@type\":\"BreadcrumbList\",\"@id\":\"https:\/\/www.escarre.com\/es\/soporte\/#breadcrumb\",\"itemListElement\":[{\"@type\":\"ListItem\",\"position\":1,\"name\":\"Portada\",\"item\":\"https:\/\/www.escarre.com\/es\/\"},{\"@type\":\"ListItem\",\"position\":2,\"name\":\"Soporte\"}]},{\"@type\":\"WebSite\",\"@id\":\"https:\/\/www.escarre.com\/es\/#website\",\"url\":\"https:\/\/www.escarre.com\/es\/\",\"name\":\"Escarre\",\"description\":\"\",\"publisher\":{\"@id\":\"https:\/\/www.escarre.com\/es\/#organization\"},\"potentialAction\":[{\"@type\":\"SearchAction\",\"target\":{\"@type\":\"EntryPoint\",\"urlTemplate\":\"https:\/\/www.escarre.com\/es\/?s={search_term_string}\"},\"query-input\":{\"@type\":\"PropertyValueSpecification\",\"valueRequired\":true,\"valueName\":\"search_term_string\"}}],\"inLanguage\":\"es\"},{\"@type\":\"Organization\",\"@id\":\"https:\/\/www.escarre.com\/es\/#organization\",\"name\":\"Escarre\",\"url\":\"https:\/\/www.escarre.com\/es\/\",\"logo\":{\"@type\":\"ImageObject\",\"inLanguage\":\"es\",\"@id\":\"https:\/\/www.escarre.com\/es\/#\/schema\/logo\/image\/\",\"url\":\"https:\/\/www.escarre.com\/wp-content\/uploads\/logo-eas-1.png\",\"contentUrl\":\"https:\/\/www.escarre.com\/wp-content\/uploads\/logo-eas-1.png\",\"width\":700,\"height\":125,\"caption\":\"Escarre\"},\"image\":{\"@id\":\"https:\/\/www.escarre.com\/es\/#\/schema\/logo\/image\/\"}}]}<\/script>\n<!-- \/ Yoast SEO plugin. -->","yoast_head_json":{"title":"Soporte - Escarre","description":"En EAS hemos creado un equipo de soporte para ofrecerte la mejor atenci\u00f3n en cualquier parte del planeta. Sabemos lo importante que es contar con un","robots":{"index":"index","follow":"follow","max-snippet":"max-snippet:-1","max-image-preview":"max-image-preview:large","max-video-preview":"max-video-preview:-1"},"canonical":"https:\/\/www.escarre.com\/es\/soporte\/","og_locale":"es_ES","og_type":"article","og_title":"Soporte - Escarre","og_description":"En EAS hemos creado un equipo de soporte para ofrecerte la mejor atenci\u00f3n en cualquier parte del planeta. Sabemos lo importante que es contar con un","og_url":"https:\/\/www.escarre.com\/es\/soporte\/","og_site_name":"Escarre","article_modified_time":"2023-09-15T06:58:03+00:00","og_image":[{"width":960,"height":600,"url":"https:\/\/www.escarre.com\/wp-content\/uploads\/Conexion-total-con-la-planta-1.jpg","type":"image\/jpeg"}],"twitter_card":"summary_large_image","twitter_misc":{"Tiempo de lectura":"1 minuto"},"schema":{"@context":"https:\/\/schema.org","@graph":[{"@type":"WebPage","@id":"https:\/\/www.escarre.com\/es\/soporte\/","url":"https:\/\/www.escarre.com\/es\/soporte\/","name":"Soporte - Escarre","isPartOf":{"@id":"https:\/\/www.escarre.com\/es\/#website"},"primaryImageOfPage":{"@id":"https:\/\/www.escarre.com\/es\/soporte\/#primaryimage"},"image":{"@id":"https:\/\/www.escarre.com\/es\/soporte\/#primaryimage"},"thumbnailUrl":"https:\/\/www.escarre.com\/wp-content\/uploads\/Conexion-total-con-la-planta-1.jpg","datePublished":"2023-06-05T08:58:07+00:00","dateModified":"2023-09-15T06:58:03+00:00","description":"En EAS hemos creado un equipo de soporte para ofrecerte la mejor atenci\u00f3n en cualquier parte del planeta. Sabemos lo importante que es contar con un","breadcrumb":{"@id":"https:\/\/www.escarre.com\/es\/soporte\/#breadcrumb"},"inLanguage":"es","potentialAction":[{"@type":"ReadAction","target":["https:\/\/www.escarre.com\/es\/soporte\/"]}]},{"@type":"ImageObject","inLanguage":"es","@id":"https:\/\/www.escarre.com\/es\/soporte\/#primaryimage","url":"https:\/\/www.escarre.com\/wp-content\/uploads\/Conexion-total-con-la-planta-1.jpg","contentUrl":"https:\/\/www.escarre.com\/wp-content\/uploads\/Conexion-total-con-la-planta-1.jpg","width":960,"height":600},{"@type":"BreadcrumbList","@id":"https:\/\/www.escarre.com\/es\/soporte\/#breadcrumb","itemListElement":[{"@type":"ListItem","position":1,"name":"Portada","item":"https:\/\/www.escarre.com\/es\/"},{"@type":"ListItem","position":2,"name":"Soporte"}]},{"@type":"WebSite","@id":"https:\/\/www.escarre.com\/es\/#website","url":"https:\/\/www.escarre.com\/es\/","name":"Escarre","description":"","publisher":{"@id":"https:\/\/www.escarre.com\/es\/#organization"},"potentialAction":[{"@type":"SearchAction","target":{"@type":"EntryPoint","urlTemplate":"https:\/\/www.escarre.com\/es\/?s={search_term_string}"},"query-input":{"@type":"PropertyValueSpecification","valueRequired":true,"valueName":"search_term_string"}}],"inLanguage":"es"},{"@type":"Organization","@id":"https:\/\/www.escarre.com\/es\/#organization","name":"Escarre","url":"https:\/\/www.escarre.com\/es\/","logo":{"@type":"ImageObject","inLanguage":"es","@id":"https:\/\/www.escarre.com\/es\/#\/schema\/logo\/image\/","url":"https:\/\/www.escarre.com\/wp-content\/uploads\/logo-eas-1.png","contentUrl":"https:\/\/www.escarre.com\/wp-content\/uploads\/logo-eas-1.png","width":700,"height":125,"caption":"Escarre"},"image":{"@id":"https:\/\/www.escarre.com\/es\/#\/schema\/logo\/image\/"}}]}},"_links":{"self":[{"href":"https:\/\/www.escarre.com\/es\/wp-json\/wp\/v2\/pages\/378","targetHints":{"allow":["GET"]}}],"collection":[{"href":"https:\/\/www.escarre.com\/es\/wp-json\/wp\/v2\/pages"}],"about":[{"href":"https:\/\/www.escarre.com\/es\/wp-json\/wp\/v2\/types\/page"}],"author":[{"embeddable":true,"href":"https:\/\/www.escarre.com\/es\/wp-json\/wp\/v2\/users\/1"}],"replies":[{"embeddable":true,"href":"https:\/\/www.escarre.com\/es\/wp-json\/wp\/v2\/comments?post=378"}],"version-history":[{"count":2,"href":"https:\/\/www.escarre.com\/es\/wp-json\/wp\/v2\/pages\/378\/revisions"}],"predecessor-version":[{"id":6832,"href":"https:\/\/www.escarre.com\/es\/wp-json\/wp\/v2\/pages\/378\/revisions\/6832"}],"wp:featuredmedia":[{"embeddable":true,"href":"https:\/\/www.escarre.com\/es\/wp-json\/wp\/v2\/media\/3618"}],"wp:attachment":[{"href":"https:\/\/www.escarre.com\/es\/wp-json\/wp\/v2\/media?parent=378"}],"wp:term":[{"taxonomy":"color","embeddable":true,"href":"https:\/\/www.escarre.com\/es\/wp-json\/wp\/v2\/color?post=378"}],"curies":[{"name":"wp","href":"https:\/\/api.w.org\/{rel}","templated":true}]}}