{"id":56,"date":"2022-03-31T07:48:04","date_gmt":"2022-03-31T07:48:04","guid":{"rendered":"https:\/\/www.escarre.com\/?page_id=56"},"modified":"2025-06-26T08:21:16","modified_gmt":"2025-06-26T08:21:16","slug":"pagina-principal","status":"publish","type":"page","link":"https:\/\/www.escarre.com\/es\/","title":{"rendered":"Soluciones para la automatizaci\u00f3n de industrias textiles"},"content":{"rendered":"\n<p class=\"p1\">Soluciones para la automatizaci\u00f3n de industrias textiles<\/p>\n<p class=\"p1\">Automatizamos plantas textiles para obtener una mayor eficiencia&#8230; Tecnolog\u00eda 4.0 adaptada a la industria textil.<\/p>\n","protected":false},"excerpt":{"rendered":"<p>Soluciones para la automatizaci\u00f3n de industrias textiles Automatizamos plantas textiles para obtener una mayor eficiencia&#8230; Tecnolog\u00eda 4.0 adaptada a la industria textil.<\/p>\n","protected":false},"author":1,"featured_media":0,"parent":0,"menu_order":0,"comment_status":"closed","ping_status":"closed","template":"page-templates\/page-home.php","meta":{"_acf_changed":false,"footnotes":""},"color":[],"class_list":["post-56","page","type-page","status-publish","hentry"],"acf":[],"yoast_head":"<!-- This site is optimized with the Yoast SEO plugin v26.7 - https:\/\/yoast.com\/wordpress\/plugins\/seo\/ -->\n<title>EAS | Soluciones en automatizaci\u00f3n de industrias textiles.<\/title>\n<meta name=\"description\" content=\"Impulsa tu planta textil con Tecnolog\u00eda 4.0. Proveedores de Software y Sistemas de Automatizaci\u00f3n para la industria textil.\" \/>\n<meta name=\"robots\" content=\"index, follow, max-snippet:-1, max-image-preview:large, max-video-preview:-1\" \/>\n<link rel=\"canonical\" href=\"https:\/\/www.escarre.com\/es\/\" \/>\n<meta property=\"og:locale\" content=\"es_ES\" \/>\n<meta property=\"og:type\" content=\"article\" \/>\n<meta property=\"og:title\" content=\"EAS | Soluciones en automatizaci\u00f3n de industrias textiles.\" \/>\n<meta property=\"og:description\" content=\"Impulsa tu planta textil con Tecnolog\u00eda 4.0. Proveedores de Software y Sistemas de Automatizaci\u00f3n para la industria textil.\" \/>\n<meta property=\"og:url\" content=\"https:\/\/www.escarre.com\/es\/\" \/>\n<meta property=\"og:site_name\" content=\"Escarre\" \/>\n<meta property=\"article:modified_time\" content=\"2025-06-26T08:21:16+00:00\" \/>\n<meta name=\"twitter:card\" content=\"summary_large_image\" \/>\n<meta name=\"twitter:label1\" content=\"Tiempo de lectura\" \/>\n\t<meta name=\"twitter:data1\" content=\"1 minuto\" \/>\n<script type=\"application\/ld+json\" class=\"yoast-schema-graph\">{\"@context\":\"https:\/\/schema.org\",\"@graph\":[{\"@type\":\"WebPage\",\"@id\":\"https:\/\/www.escarre.com\/es\/\",\"url\":\"https:\/\/www.escarre.com\/es\/\",\"name\":\"EAS | Soluciones en automatizaci\u00f3n de industrias textiles.\",\"isPartOf\":{\"@id\":\"https:\/\/www.escarre.com\/es\/#website\"},\"datePublished\":\"2022-03-31T07:48:04+00:00\",\"dateModified\":\"2025-06-26T08:21:16+00:00\",\"description\":\"Impulsa tu planta textil con Tecnolog\u00eda 4.0. Proveedores de Software y Sistemas de Automatizaci\u00f3n para la industria textil.\",\"breadcrumb\":{\"@id\":\"https:\/\/www.escarre.com\/es\/#breadcrumb\"},\"inLanguage\":\"es\",\"potentialAction\":[{\"@type\":\"ReadAction\",\"target\":[\"https:\/\/www.escarre.com\/es\/\"]}]},{\"@type\":\"BreadcrumbList\",\"@id\":\"https:\/\/www.escarre.com\/es\/#breadcrumb\",\"itemListElement\":[{\"@type\":\"ListItem\",\"position\":1,\"name\":\"Portada\",\"item\":\"https:\/\/www.escarre.com\/es\/\"},{\"@type\":\"ListItem\",\"position\":2,\"name\":\"Soluciones para la automatizaci\u00f3n de industrias textiles\"}]},{\"@type\":\"WebSite\",\"@id\":\"https:\/\/www.escarre.com\/es\/#website\",\"url\":\"https:\/\/www.escarre.com\/es\/\",\"name\":\"Escarre\",\"description\":\"\",\"publisher\":{\"@id\":\"https:\/\/www.escarre.com\/es\/#organization\"},\"potentialAction\":[{\"@type\":\"SearchAction\",\"target\":{\"@type\":\"EntryPoint\",\"urlTemplate\":\"https:\/\/www.escarre.com\/es\/?s={search_term_string}\"},\"query-input\":{\"@type\":\"PropertyValueSpecification\",\"valueRequired\":true,\"valueName\":\"search_term_string\"}}],\"inLanguage\":\"es\"},{\"@type\":\"Organization\",\"@id\":\"https:\/\/www.escarre.com\/es\/#organization\",\"name\":\"Escarre\",\"url\":\"https:\/\/www.escarre.com\/es\/\",\"logo\":{\"@type\":\"ImageObject\",\"inLanguage\":\"es\",\"@id\":\"https:\/\/www.escarre.com\/es\/#\/schema\/logo\/image\/\",\"url\":\"https:\/\/www.escarre.com\/wp-content\/uploads\/logo-eas-1.png\",\"contentUrl\":\"https:\/\/www.escarre.com\/wp-content\/uploads\/logo-eas-1.png\",\"width\":700,\"height\":125,\"caption\":\"Escarre\"},\"image\":{\"@id\":\"https:\/\/www.escarre.com\/es\/#\/schema\/logo\/image\/\"}}]}<\/script>\n<!-- \/ Yoast SEO plugin. -->","yoast_head_json":{"title":"EAS | Soluciones en automatizaci\u00f3n de industrias textiles.","description":"Impulsa tu planta textil con Tecnolog\u00eda 4.0. Proveedores de Software y Sistemas de Automatizaci\u00f3n para la industria textil.","robots":{"index":"index","follow":"follow","max-snippet":"max-snippet:-1","max-image-preview":"max-image-preview:large","max-video-preview":"max-video-preview:-1"},"canonical":"https:\/\/www.escarre.com\/es\/","og_locale":"es_ES","og_type":"article","og_title":"EAS | Soluciones en automatizaci\u00f3n de industrias textiles.","og_description":"Impulsa tu planta textil con Tecnolog\u00eda 4.0. Proveedores de Software y Sistemas de Automatizaci\u00f3n para la industria textil.","og_url":"https:\/\/www.escarre.com\/es\/","og_site_name":"Escarre","article_modified_time":"2025-06-26T08:21:16+00:00","twitter_card":"summary_large_image","twitter_misc":{"Tiempo de lectura":"1 minuto"},"schema":{"@context":"https:\/\/schema.org","@graph":[{"@type":"WebPage","@id":"https:\/\/www.escarre.com\/es\/","url":"https:\/\/www.escarre.com\/es\/","name":"EAS | Soluciones en automatizaci\u00f3n de industrias textiles.","isPartOf":{"@id":"https:\/\/www.escarre.com\/es\/#website"},"datePublished":"2022-03-31T07:48:04+00:00","dateModified":"2025-06-26T08:21:16+00:00","description":"Impulsa tu planta textil con Tecnolog\u00eda 4.0. Proveedores de Software y Sistemas de Automatizaci\u00f3n para la industria textil.","breadcrumb":{"@id":"https:\/\/www.escarre.com\/es\/#breadcrumb"},"inLanguage":"es","potentialAction":[{"@type":"ReadAction","target":["https:\/\/www.escarre.com\/es\/"]}]},{"@type":"BreadcrumbList","@id":"https:\/\/www.escarre.com\/es\/#breadcrumb","itemListElement":[{"@type":"ListItem","position":1,"name":"Portada","item":"https:\/\/www.escarre.com\/es\/"},{"@type":"ListItem","position":2,"name":"Soluciones para la automatizaci\u00f3n de industrias textiles"}]},{"@type":"WebSite","@id":"https:\/\/www.escarre.com\/es\/#website","url":"https:\/\/www.escarre.com\/es\/","name":"Escarre","description":"","publisher":{"@id":"https:\/\/www.escarre.com\/es\/#organization"},"potentialAction":[{"@type":"SearchAction","target":{"@type":"EntryPoint","urlTemplate":"https:\/\/www.escarre.com\/es\/?s={search_term_string}"},"query-input":{"@type":"PropertyValueSpecification","valueRequired":true,"valueName":"search_term_string"}}],"inLanguage":"es"},{"@type":"Organization","@id":"https:\/\/www.escarre.com\/es\/#organization","name":"Escarre","url":"https:\/\/www.escarre.com\/es\/","logo":{"@type":"ImageObject","inLanguage":"es","@id":"https:\/\/www.escarre.com\/es\/#\/schema\/logo\/image\/","url":"https:\/\/www.escarre.com\/wp-content\/uploads\/logo-eas-1.png","contentUrl":"https:\/\/www.escarre.com\/wp-content\/uploads\/logo-eas-1.png","width":700,"height":125,"caption":"Escarre"},"image":{"@id":"https:\/\/www.escarre.com\/es\/#\/schema\/logo\/image\/"}}]}},"_links":{"self":[{"href":"https:\/\/www.escarre.com\/es\/wp-json\/wp\/v2\/pages\/56","targetHints":{"allow":["GET"]}}],"collection":[{"href":"https:\/\/www.escarre.com\/es\/wp-json\/wp\/v2\/pages"}],"about":[{"href":"https:\/\/www.escarre.com\/es\/wp-json\/wp\/v2\/types\/page"}],"author":[{"embeddable":true,"href":"https:\/\/www.escarre.com\/es\/wp-json\/wp\/v2\/users\/1"}],"replies":[{"embeddable":true,"href":"https:\/\/www.escarre.com\/es\/wp-json\/wp\/v2\/comments?post=56"}],"version-history":[{"count":86,"href":"https:\/\/www.escarre.com\/es\/wp-json\/wp\/v2\/pages\/56\/revisions"}],"predecessor-version":[{"id":7499,"href":"https:\/\/www.escarre.com\/es\/wp-json\/wp\/v2\/pages\/56\/revisions\/7499"}],"wp:attachment":[{"href":"https:\/\/www.escarre.com\/es\/wp-json\/wp\/v2\/media?parent=56"}],"wp:term":[{"taxonomy":"color","embeddable":true,"href":"https:\/\/www.escarre.com\/es\/wp-json\/wp\/v2\/color?post=56"}],"curies":[{"name":"wp","href":"https:\/\/api.w.org\/{rel}","templated":true}]}}