{"id":685,"date":"2023-06-06T14:15:23","date_gmt":"2023-06-06T14:15:23","guid":{"rendered":"https:\/\/www.escarre.com\/?page_id=685"},"modified":"2023-09-20T13:09:53","modified_gmt":"2023-09-20T13:09:53","slug":"software","status":"publish","type":"page","link":"https:\/\/www.escarre.com\/es\/software\/","title":{"rendered":"Software"},"content":{"rendered":"\n<p>\u00a0<\/p>\n<p class=\"title-1\">Potencia tu eficiencia productiva con nuestro destacado software de gesti\u00f3n dise\u00f1ado para la industria textil<\/p>\n<p>Nuestros expertos han desarrollado programas de gesti\u00f3n altamente especializados, cuidadosamente adaptados a las demandas espec\u00edficas de tu planta textil. Se trata de un sistema ERP modular altamente vers\u00e1til, completamente compatible con la amplia gama de maquinaria y productos disponibles en el mercado, dise\u00f1ado para maximizar el rendimiento de tu planta textil<\/p>\n","protected":false},"excerpt":{"rendered":"<p>\u00a0 Potencia tu eficiencia productiva con nuestro destacado software de gesti\u00f3n dise\u00f1ado para la industria textil Nuestros expertos han desarrollado programas de gesti\u00f3n altamente especializados, cuidadosamente adaptados a las demandas &hellip;<\/p>\n","protected":false},"author":1,"featured_media":3546,"parent":0,"menu_order":0,"comment_status":"closed","ping_status":"closed","template":"page-templates\/page-with-header.php","meta":{"_acf_changed":false,"footnotes":""},"color":[9],"class_list":["post-685","page","type-page","status-publish","has-post-thumbnail","hentry","color-blue"],"acf":[],"yoast_head":"<!-- This site is optimized with the Yoast SEO plugin v26.7 - https:\/\/yoast.com\/wordpress\/plugins\/seo\/ -->\n<title>EAS | Software de producci\u00f3n especializado en el sector textil.<\/title>\n<meta name=\"description\" content=\"Sistema erp para industria textil compatible con la mayor\u00eda de las m\u00e1quinas y productos del mercado. Obt\u00e9n un mayor rendimiento \u26a1\" \/>\n<meta name=\"robots\" content=\"index, follow, max-snippet:-1, max-image-preview:large, max-video-preview:-1\" \/>\n<link rel=\"canonical\" href=\"https:\/\/www.escarre.com\/es\/software\/\" \/>\n<meta property=\"og:locale\" content=\"es_ES\" \/>\n<meta property=\"og:type\" content=\"article\" \/>\n<meta property=\"og:title\" content=\"EAS | Software de producci\u00f3n especializado en el sector textil.\" \/>\n<meta property=\"og:description\" content=\"Sistema erp para industria textil compatible con la mayor\u00eda de las m\u00e1quinas y productos del mercado. Obt\u00e9n un mayor rendimiento \u26a1\" \/>\n<meta property=\"og:url\" content=\"https:\/\/www.escarre.com\/es\/software\/\" \/>\n<meta property=\"og:site_name\" content=\"Escarre\" \/>\n<meta property=\"article:modified_time\" content=\"2023-09-20T13:09:53+00:00\" \/>\n<meta property=\"og:image\" content=\"https:\/\/www.escarre.com\/wp-content\/uploads\/software2.jpg\" \/>\n\t<meta property=\"og:image:width\" content=\"960\" \/>\n\t<meta property=\"og:image:height\" content=\"600\" \/>\n\t<meta property=\"og:image:type\" content=\"image\/jpeg\" \/>\n<meta name=\"twitter:card\" content=\"summary_large_image\" \/>\n<meta name=\"twitter:label1\" content=\"Tiempo de lectura\" \/>\n\t<meta name=\"twitter:data1\" content=\"1 minuto\" \/>\n<script type=\"application\/ld+json\" class=\"yoast-schema-graph\">{\"@context\":\"https:\/\/schema.org\",\"@graph\":[{\"@type\":\"WebPage\",\"@id\":\"https:\/\/www.escarre.com\/es\/software\/\",\"url\":\"https:\/\/www.escarre.com\/es\/software\/\",\"name\":\"EAS | Software de producci\u00f3n especializado en el sector textil.\",\"isPartOf\":{\"@id\":\"https:\/\/www.escarre.com\/es\/#website\"},\"primaryImageOfPage\":{\"@id\":\"https:\/\/www.escarre.com\/es\/software\/#primaryimage\"},\"image\":{\"@id\":\"https:\/\/www.escarre.com\/es\/software\/#primaryimage\"},\"thumbnailUrl\":\"https:\/\/www.escarre.com\/wp-content\/uploads\/software2.jpg\",\"datePublished\":\"2023-06-06T14:15:23+00:00\",\"dateModified\":\"2023-09-20T13:09:53+00:00\",\"description\":\"Sistema erp para industria textil compatible con la mayor\u00eda de las m\u00e1quinas y productos del mercado. Obt\u00e9n un mayor rendimiento \u26a1\",\"breadcrumb\":{\"@id\":\"https:\/\/www.escarre.com\/es\/software\/#breadcrumb\"},\"inLanguage\":\"es\",\"potentialAction\":[{\"@type\":\"ReadAction\",\"target\":[\"https:\/\/www.escarre.com\/es\/software\/\"]}]},{\"@type\":\"ImageObject\",\"inLanguage\":\"es\",\"@id\":\"https:\/\/www.escarre.com\/es\/software\/#primaryimage\",\"url\":\"https:\/\/www.escarre.com\/wp-content\/uploads\/software2.jpg\",\"contentUrl\":\"https:\/\/www.escarre.com\/wp-content\/uploads\/software2.jpg\",\"width\":960,\"height\":600},{\"@type\":\"BreadcrumbList\",\"@id\":\"https:\/\/www.escarre.com\/es\/software\/#breadcrumb\",\"itemListElement\":[{\"@type\":\"ListItem\",\"position\":1,\"name\":\"Portada\",\"item\":\"https:\/\/www.escarre.com\/es\/\"},{\"@type\":\"ListItem\",\"position\":2,\"name\":\"Software\"}]},{\"@type\":\"WebSite\",\"@id\":\"https:\/\/www.escarre.com\/es\/#website\",\"url\":\"https:\/\/www.escarre.com\/es\/\",\"name\":\"Escarre\",\"description\":\"\",\"publisher\":{\"@id\":\"https:\/\/www.escarre.com\/es\/#organization\"},\"potentialAction\":[{\"@type\":\"SearchAction\",\"target\":{\"@type\":\"EntryPoint\",\"urlTemplate\":\"https:\/\/www.escarre.com\/es\/?s={search_term_string}\"},\"query-input\":{\"@type\":\"PropertyValueSpecification\",\"valueRequired\":true,\"valueName\":\"search_term_string\"}}],\"inLanguage\":\"es\"},{\"@type\":\"Organization\",\"@id\":\"https:\/\/www.escarre.com\/es\/#organization\",\"name\":\"Escarre\",\"url\":\"https:\/\/www.escarre.com\/es\/\",\"logo\":{\"@type\":\"ImageObject\",\"inLanguage\":\"es\",\"@id\":\"https:\/\/www.escarre.com\/es\/#\/schema\/logo\/image\/\",\"url\":\"https:\/\/www.escarre.com\/wp-content\/uploads\/logo-eas-1.png\",\"contentUrl\":\"https:\/\/www.escarre.com\/wp-content\/uploads\/logo-eas-1.png\",\"width\":700,\"height\":125,\"caption\":\"Escarre\"},\"image\":{\"@id\":\"https:\/\/www.escarre.com\/es\/#\/schema\/logo\/image\/\"}}]}<\/script>\n<!-- \/ Yoast SEO plugin. -->","yoast_head_json":{"title":"EAS | Software de producci\u00f3n especializado en el sector textil.","description":"Sistema erp para industria textil compatible con la mayor\u00eda de las m\u00e1quinas y productos del mercado. Obt\u00e9n un mayor rendimiento \u26a1","robots":{"index":"index","follow":"follow","max-snippet":"max-snippet:-1","max-image-preview":"max-image-preview:large","max-video-preview":"max-video-preview:-1"},"canonical":"https:\/\/www.escarre.com\/es\/software\/","og_locale":"es_ES","og_type":"article","og_title":"EAS | Software de producci\u00f3n especializado en el sector textil.","og_description":"Sistema erp para industria textil compatible con la mayor\u00eda de las m\u00e1quinas y productos del mercado. Obt\u00e9n un mayor rendimiento \u26a1","og_url":"https:\/\/www.escarre.com\/es\/software\/","og_site_name":"Escarre","article_modified_time":"2023-09-20T13:09:53+00:00","og_image":[{"width":960,"height":600,"url":"https:\/\/www.escarre.com\/wp-content\/uploads\/software2.jpg","type":"image\/jpeg"}],"twitter_card":"summary_large_image","twitter_misc":{"Tiempo de lectura":"1 minuto"},"schema":{"@context":"https:\/\/schema.org","@graph":[{"@type":"WebPage","@id":"https:\/\/www.escarre.com\/es\/software\/","url":"https:\/\/www.escarre.com\/es\/software\/","name":"EAS | Software de producci\u00f3n especializado en el sector textil.","isPartOf":{"@id":"https:\/\/www.escarre.com\/es\/#website"},"primaryImageOfPage":{"@id":"https:\/\/www.escarre.com\/es\/software\/#primaryimage"},"image":{"@id":"https:\/\/www.escarre.com\/es\/software\/#primaryimage"},"thumbnailUrl":"https:\/\/www.escarre.com\/wp-content\/uploads\/software2.jpg","datePublished":"2023-06-06T14:15:23+00:00","dateModified":"2023-09-20T13:09:53+00:00","description":"Sistema erp para industria textil compatible con la mayor\u00eda de las m\u00e1quinas y productos del mercado. Obt\u00e9n un mayor rendimiento \u26a1","breadcrumb":{"@id":"https:\/\/www.escarre.com\/es\/software\/#breadcrumb"},"inLanguage":"es","potentialAction":[{"@type":"ReadAction","target":["https:\/\/www.escarre.com\/es\/software\/"]}]},{"@type":"ImageObject","inLanguage":"es","@id":"https:\/\/www.escarre.com\/es\/software\/#primaryimage","url":"https:\/\/www.escarre.com\/wp-content\/uploads\/software2.jpg","contentUrl":"https:\/\/www.escarre.com\/wp-content\/uploads\/software2.jpg","width":960,"height":600},{"@type":"BreadcrumbList","@id":"https:\/\/www.escarre.com\/es\/software\/#breadcrumb","itemListElement":[{"@type":"ListItem","position":1,"name":"Portada","item":"https:\/\/www.escarre.com\/es\/"},{"@type":"ListItem","position":2,"name":"Software"}]},{"@type":"WebSite","@id":"https:\/\/www.escarre.com\/es\/#website","url":"https:\/\/www.escarre.com\/es\/","name":"Escarre","description":"","publisher":{"@id":"https:\/\/www.escarre.com\/es\/#organization"},"potentialAction":[{"@type":"SearchAction","target":{"@type":"EntryPoint","urlTemplate":"https:\/\/www.escarre.com\/es\/?s={search_term_string}"},"query-input":{"@type":"PropertyValueSpecification","valueRequired":true,"valueName":"search_term_string"}}],"inLanguage":"es"},{"@type":"Organization","@id":"https:\/\/www.escarre.com\/es\/#organization","name":"Escarre","url":"https:\/\/www.escarre.com\/es\/","logo":{"@type":"ImageObject","inLanguage":"es","@id":"https:\/\/www.escarre.com\/es\/#\/schema\/logo\/image\/","url":"https:\/\/www.escarre.com\/wp-content\/uploads\/logo-eas-1.png","contentUrl":"https:\/\/www.escarre.com\/wp-content\/uploads\/logo-eas-1.png","width":700,"height":125,"caption":"Escarre"},"image":{"@id":"https:\/\/www.escarre.com\/es\/#\/schema\/logo\/image\/"}}]}},"_links":{"self":[{"href":"https:\/\/www.escarre.com\/es\/wp-json\/wp\/v2\/pages\/685","targetHints":{"allow":["GET"]}}],"collection":[{"href":"https:\/\/www.escarre.com\/es\/wp-json\/wp\/v2\/pages"}],"about":[{"href":"https:\/\/www.escarre.com\/es\/wp-json\/wp\/v2\/types\/page"}],"author":[{"embeddable":true,"href":"https:\/\/www.escarre.com\/es\/wp-json\/wp\/v2\/users\/1"}],"replies":[{"embeddable":true,"href":"https:\/\/www.escarre.com\/es\/wp-json\/wp\/v2\/comments?post=685"}],"version-history":[{"count":68,"href":"https:\/\/www.escarre.com\/es\/wp-json\/wp\/v2\/pages\/685\/revisions"}],"predecessor-version":[{"id":6879,"href":"https:\/\/www.escarre.com\/es\/wp-json\/wp\/v2\/pages\/685\/revisions\/6879"}],"wp:featuredmedia":[{"embeddable":true,"href":"https:\/\/www.escarre.com\/es\/wp-json\/wp\/v2\/media\/3546"}],"wp:attachment":[{"href":"https:\/\/www.escarre.com\/es\/wp-json\/wp\/v2\/media?parent=685"}],"wp:term":[{"taxonomy":"color","embeddable":true,"href":"https:\/\/www.escarre.com\/es\/wp-json\/wp\/v2\/color?post=685"}],"curies":[{"name":"wp","href":"https:\/\/api.w.org\/{rel}","templated":true}]}}