{"id":710,"date":"2023-06-06T14:15:40","date_gmt":"2023-06-06T14:15:40","guid":{"rendered":"https:\/\/www.escarre.com\/?page_id=710"},"modified":"2023-09-18T09:47:03","modified_gmt":"2023-09-18T09:47:03","slug":"texdrive","status":"publish","type":"page","link":"https:\/\/www.escarre.com\/es\/software\/texdrive\/","title":{"rendered":"TexDrive"},"content":{"rendered":"\n<p class=\"title-2\">ERP para la gesti\u00f3n de empresas textiles<\/p>\n<p style=\"text-align: left;\">TexDrive es la soluci\u00f3n definitiva en gesti\u00f3n textil, dise\u00f1ada para proporcionar un absoluto dominio sobre la operativa de su planta.<\/p>\n<p style=\"text-align: left;\">Ofrecemos una integraci\u00f3n completa de todo el ciclo de producci\u00f3n, abarcando desde la generaci\u00f3n de \u00f3rdenes de producci\u00f3n hasta la etapa final de productos terminados, pasando por todos los procesos intermedios, incluyendo la elaboraci\u00f3n de hojas de ruta.<\/p>\n<p>\u00a0<\/p>\n","protected":false},"excerpt":{"rendered":"<p>ERP para la gesti\u00f3n de empresas textiles TexDrive es la soluci\u00f3n definitiva en gesti\u00f3n textil, dise\u00f1ada para proporcionar un absoluto dominio sobre la operativa de su planta. Ofrecemos una integraci\u00f3n &hellip;<\/p>\n","protected":false},"author":1,"featured_media":4673,"parent":685,"menu_order":0,"comment_status":"closed","ping_status":"closed","template":"page-templates\/page-with-header-section-2.php","meta":{"_acf_changed":false,"footnotes":""},"color":[9],"class_list":["post-710","page","type-page","status-publish","has-post-thumbnail","hentry","color-blue"],"acf":[],"yoast_head":"<!-- This site is optimized with the Yoast SEO plugin v26.7 - https:\/\/yoast.com\/wordpress\/plugins\/seo\/ -->\n<title>TexDrive | Software ERP para la gesti\u00f3n de industrias textiles<\/title>\n<meta name=\"description\" content=\"Software ERP ideal para empresas textiles. F\u00e1cil de integrar, dise\u00f1ado para gestionar todo el proceso de producci\u00f3n de una planta textil\" \/>\n<meta name=\"robots\" content=\"index, follow, max-snippet:-1, max-image-preview:large, max-video-preview:-1\" \/>\n<link rel=\"canonical\" href=\"https:\/\/www.escarre.com\/es\/software\/texdrive\/\" \/>\n<meta property=\"og:locale\" content=\"es_ES\" \/>\n<meta property=\"og:type\" content=\"article\" \/>\n<meta property=\"og:title\" content=\"TexDrive | Software ERP para la gesti\u00f3n de industrias textiles\" \/>\n<meta property=\"og:description\" content=\"Software ERP ideal para empresas textiles. F\u00e1cil de integrar, dise\u00f1ado para gestionar todo el proceso de producci\u00f3n de una planta textil\" \/>\n<meta property=\"og:url\" content=\"https:\/\/www.escarre.com\/es\/software\/texdrive\/\" \/>\n<meta property=\"og:site_name\" content=\"Escarre\" \/>\n<meta property=\"article:modified_time\" content=\"2023-09-18T09:47:03+00:00\" \/>\n<meta property=\"og:image\" content=\"https:\/\/www.escarre.com\/wp-content\/uploads\/Texdrive-960-1.png\" \/>\n\t<meta property=\"og:image:width\" content=\"960\" \/>\n\t<meta property=\"og:image:height\" content=\"600\" \/>\n\t<meta property=\"og:image:type\" content=\"image\/png\" \/>\n<meta name=\"twitter:card\" content=\"summary_large_image\" \/>\n<meta name=\"twitter:label1\" content=\"Tiempo de lectura\" \/>\n\t<meta name=\"twitter:data1\" content=\"1 minuto\" \/>\n<script type=\"application\/ld+json\" class=\"yoast-schema-graph\">{\"@context\":\"https:\/\/schema.org\",\"@graph\":[{\"@type\":\"WebPage\",\"@id\":\"https:\/\/www.escarre.com\/es\/software\/texdrive\/\",\"url\":\"https:\/\/www.escarre.com\/es\/software\/texdrive\/\",\"name\":\"TexDrive | Software ERP para la gesti\u00f3n de industrias textiles\",\"isPartOf\":{\"@id\":\"https:\/\/www.escarre.com\/es\/#website\"},\"primaryImageOfPage\":{\"@id\":\"https:\/\/www.escarre.com\/es\/software\/texdrive\/#primaryimage\"},\"image\":{\"@id\":\"https:\/\/www.escarre.com\/es\/software\/texdrive\/#primaryimage\"},\"thumbnailUrl\":\"https:\/\/www.escarre.com\/wp-content\/uploads\/Texdrive-960-1.png\",\"datePublished\":\"2023-06-06T14:15:40+00:00\",\"dateModified\":\"2023-09-18T09:47:03+00:00\",\"description\":\"Software ERP ideal para empresas textiles. F\u00e1cil de integrar, dise\u00f1ado para gestionar todo el proceso de producci\u00f3n de una planta textil\",\"breadcrumb\":{\"@id\":\"https:\/\/www.escarre.com\/es\/software\/texdrive\/#breadcrumb\"},\"inLanguage\":\"es\",\"potentialAction\":[{\"@type\":\"ReadAction\",\"target\":[\"https:\/\/www.escarre.com\/es\/software\/texdrive\/\"]}]},{\"@type\":\"ImageObject\",\"inLanguage\":\"es\",\"@id\":\"https:\/\/www.escarre.com\/es\/software\/texdrive\/#primaryimage\",\"url\":\"https:\/\/www.escarre.com\/wp-content\/uploads\/Texdrive-960-1.png\",\"contentUrl\":\"https:\/\/www.escarre.com\/wp-content\/uploads\/Texdrive-960-1.png\",\"width\":960,\"height\":600},{\"@type\":\"BreadcrumbList\",\"@id\":\"https:\/\/www.escarre.com\/es\/software\/texdrive\/#breadcrumb\",\"itemListElement\":[{\"@type\":\"ListItem\",\"position\":1,\"name\":\"Portada\",\"item\":\"https:\/\/www.escarre.com\/es\/\"},{\"@type\":\"ListItem\",\"position\":2,\"name\":\"Software\",\"item\":\"https:\/\/www.escarre.com\/es\/software\/\"},{\"@type\":\"ListItem\",\"position\":3,\"name\":\"TexDrive\"}]},{\"@type\":\"WebSite\",\"@id\":\"https:\/\/www.escarre.com\/es\/#website\",\"url\":\"https:\/\/www.escarre.com\/es\/\",\"name\":\"Escarre\",\"description\":\"\",\"publisher\":{\"@id\":\"https:\/\/www.escarre.com\/es\/#organization\"},\"potentialAction\":[{\"@type\":\"SearchAction\",\"target\":{\"@type\":\"EntryPoint\",\"urlTemplate\":\"https:\/\/www.escarre.com\/es\/?s={search_term_string}\"},\"query-input\":{\"@type\":\"PropertyValueSpecification\",\"valueRequired\":true,\"valueName\":\"search_term_string\"}}],\"inLanguage\":\"es\"},{\"@type\":\"Organization\",\"@id\":\"https:\/\/www.escarre.com\/es\/#organization\",\"name\":\"Escarre\",\"url\":\"https:\/\/www.escarre.com\/es\/\",\"logo\":{\"@type\":\"ImageObject\",\"inLanguage\":\"es\",\"@id\":\"https:\/\/www.escarre.com\/es\/#\/schema\/logo\/image\/\",\"url\":\"https:\/\/www.escarre.com\/wp-content\/uploads\/logo-eas-1.png\",\"contentUrl\":\"https:\/\/www.escarre.com\/wp-content\/uploads\/logo-eas-1.png\",\"width\":700,\"height\":125,\"caption\":\"Escarre\"},\"image\":{\"@id\":\"https:\/\/www.escarre.com\/es\/#\/schema\/logo\/image\/\"}}]}<\/script>\n<!-- \/ Yoast SEO plugin. -->","yoast_head_json":{"title":"TexDrive | Software ERP para la gesti\u00f3n de industrias textiles","description":"Software ERP ideal para empresas textiles. F\u00e1cil de integrar, dise\u00f1ado para gestionar todo el proceso de producci\u00f3n de una planta textil","robots":{"index":"index","follow":"follow","max-snippet":"max-snippet:-1","max-image-preview":"max-image-preview:large","max-video-preview":"max-video-preview:-1"},"canonical":"https:\/\/www.escarre.com\/es\/software\/texdrive\/","og_locale":"es_ES","og_type":"article","og_title":"TexDrive | Software ERP para la gesti\u00f3n de industrias textiles","og_description":"Software ERP ideal para empresas textiles. F\u00e1cil de integrar, dise\u00f1ado para gestionar todo el proceso de producci\u00f3n de una planta textil","og_url":"https:\/\/www.escarre.com\/es\/software\/texdrive\/","og_site_name":"Escarre","article_modified_time":"2023-09-18T09:47:03+00:00","og_image":[{"width":960,"height":600,"url":"https:\/\/www.escarre.com\/wp-content\/uploads\/Texdrive-960-1.png","type":"image\/png"}],"twitter_card":"summary_large_image","twitter_misc":{"Tiempo de lectura":"1 minuto"},"schema":{"@context":"https:\/\/schema.org","@graph":[{"@type":"WebPage","@id":"https:\/\/www.escarre.com\/es\/software\/texdrive\/","url":"https:\/\/www.escarre.com\/es\/software\/texdrive\/","name":"TexDrive | Software ERP para la gesti\u00f3n de industrias textiles","isPartOf":{"@id":"https:\/\/www.escarre.com\/es\/#website"},"primaryImageOfPage":{"@id":"https:\/\/www.escarre.com\/es\/software\/texdrive\/#primaryimage"},"image":{"@id":"https:\/\/www.escarre.com\/es\/software\/texdrive\/#primaryimage"},"thumbnailUrl":"https:\/\/www.escarre.com\/wp-content\/uploads\/Texdrive-960-1.png","datePublished":"2023-06-06T14:15:40+00:00","dateModified":"2023-09-18T09:47:03+00:00","description":"Software ERP ideal para empresas textiles. F\u00e1cil de integrar, dise\u00f1ado para gestionar todo el proceso de producci\u00f3n de una planta textil","breadcrumb":{"@id":"https:\/\/www.escarre.com\/es\/software\/texdrive\/#breadcrumb"},"inLanguage":"es","potentialAction":[{"@type":"ReadAction","target":["https:\/\/www.escarre.com\/es\/software\/texdrive\/"]}]},{"@type":"ImageObject","inLanguage":"es","@id":"https:\/\/www.escarre.com\/es\/software\/texdrive\/#primaryimage","url":"https:\/\/www.escarre.com\/wp-content\/uploads\/Texdrive-960-1.png","contentUrl":"https:\/\/www.escarre.com\/wp-content\/uploads\/Texdrive-960-1.png","width":960,"height":600},{"@type":"BreadcrumbList","@id":"https:\/\/www.escarre.com\/es\/software\/texdrive\/#breadcrumb","itemListElement":[{"@type":"ListItem","position":1,"name":"Portada","item":"https:\/\/www.escarre.com\/es\/"},{"@type":"ListItem","position":2,"name":"Software","item":"https:\/\/www.escarre.com\/es\/software\/"},{"@type":"ListItem","position":3,"name":"TexDrive"}]},{"@type":"WebSite","@id":"https:\/\/www.escarre.com\/es\/#website","url":"https:\/\/www.escarre.com\/es\/","name":"Escarre","description":"","publisher":{"@id":"https:\/\/www.escarre.com\/es\/#organization"},"potentialAction":[{"@type":"SearchAction","target":{"@type":"EntryPoint","urlTemplate":"https:\/\/www.escarre.com\/es\/?s={search_term_string}"},"query-input":{"@type":"PropertyValueSpecification","valueRequired":true,"valueName":"search_term_string"}}],"inLanguage":"es"},{"@type":"Organization","@id":"https:\/\/www.escarre.com\/es\/#organization","name":"Escarre","url":"https:\/\/www.escarre.com\/es\/","logo":{"@type":"ImageObject","inLanguage":"es","@id":"https:\/\/www.escarre.com\/es\/#\/schema\/logo\/image\/","url":"https:\/\/www.escarre.com\/wp-content\/uploads\/logo-eas-1.png","contentUrl":"https:\/\/www.escarre.com\/wp-content\/uploads\/logo-eas-1.png","width":700,"height":125,"caption":"Escarre"},"image":{"@id":"https:\/\/www.escarre.com\/es\/#\/schema\/logo\/image\/"}}]}},"_links":{"self":[{"href":"https:\/\/www.escarre.com\/es\/wp-json\/wp\/v2\/pages\/710","targetHints":{"allow":["GET"]}}],"collection":[{"href":"https:\/\/www.escarre.com\/es\/wp-json\/wp\/v2\/pages"}],"about":[{"href":"https:\/\/www.escarre.com\/es\/wp-json\/wp\/v2\/types\/page"}],"author":[{"embeddable":true,"href":"https:\/\/www.escarre.com\/es\/wp-json\/wp\/v2\/users\/1"}],"replies":[{"embeddable":true,"href":"https:\/\/www.escarre.com\/es\/wp-json\/wp\/v2\/comments?post=710"}],"version-history":[{"count":32,"href":"https:\/\/www.escarre.com\/es\/wp-json\/wp\/v2\/pages\/710\/revisions"}],"predecessor-version":[{"id":6866,"href":"https:\/\/www.escarre.com\/es\/wp-json\/wp\/v2\/pages\/710\/revisions\/6866"}],"up":[{"embeddable":true,"href":"https:\/\/www.escarre.com\/es\/wp-json\/wp\/v2\/pages\/685"}],"wp:featuredmedia":[{"embeddable":true,"href":"https:\/\/www.escarre.com\/es\/wp-json\/wp\/v2\/media\/4673"}],"wp:attachment":[{"href":"https:\/\/www.escarre.com\/es\/wp-json\/wp\/v2\/media?parent=710"}],"wp:term":[{"taxonomy":"color","embeddable":true,"href":"https:\/\/www.escarre.com\/es\/wp-json\/wp\/v2\/color?post=710"}],"curies":[{"name":"wp","href":"https:\/\/api.w.org\/{rel}","templated":true}]}}