{"id":715,"date":"2023-06-06T14:17:27","date_gmt":"2023-06-06T14:17:27","guid":{"rendered":"https:\/\/www.escarre.com\/?page_id=715"},"modified":"2023-09-06T09:38:42","modified_gmt":"2023-09-06T09:38:42","slug":"texlab","status":"publish","type":"page","link":"https:\/\/www.escarre.com\/es\/software\/texlab\/","title":{"rendered":"TexLab"},"content":{"rendered":"\n<p>Optimizamos la producci\u00f3n textil integrando recetas desde el laboratorio, control de calidad y desarrollo de colores. Nuestra estrategia reduce errores y te ayuda a ahorrar en costes de implementaci\u00f3n<\/p>\n","protected":false},"excerpt":{"rendered":"<p>Optimizamos la producci\u00f3n textil integrando recetas desde el laboratorio, control de calidad y desarrollo de colores. Nuestra estrategia reduce errores y te ayuda a ahorrar en costes de implementaci\u00f3n<\/p>\n","protected":false},"author":1,"featured_media":4676,"parent":685,"menu_order":4,"comment_status":"closed","ping_status":"closed","template":"page-templates\/page-with-header-section-2.php","meta":{"_acf_changed":false,"footnotes":""},"color":[108],"class_list":["post-715","page","type-page","status-publish","has-post-thumbnail","hentry","color-orange"],"acf":[],"yoast_head":"<!-- This site is optimized with the Yoast SEO plugin v26.7 - https:\/\/yoast.com\/wordpress\/plugins\/seo\/ -->\n<title>TexLab - Software para la gesti\u00f3n del laboratorio en empresas textiles<\/title>\n<meta name=\"description\" content=\"Software de gesti\u00f3n de recetas de laboratorio, el control de calidad y el desarrollo del color en fabricaci\u00f3n textil. Reduce errores y optimiza la producci\u00f3n\" \/>\n<meta name=\"robots\" content=\"index, follow, max-snippet:-1, max-image-preview:large, max-video-preview:-1\" \/>\n<link rel=\"canonical\" href=\"https:\/\/www.escarre.com\/es\/software\/texlab\/\" \/>\n<meta property=\"og:locale\" content=\"es_ES\" \/>\n<meta property=\"og:type\" content=\"article\" \/>\n<meta property=\"og:title\" content=\"TexLab - Software para la gesti\u00f3n del laboratorio en empresas textiles\" \/>\n<meta property=\"og:description\" content=\"Software de gesti\u00f3n de recetas de laboratorio, el control de calidad y el desarrollo del color en fabricaci\u00f3n textil. Reduce errores y optimiza la producci\u00f3n\" \/>\n<meta property=\"og:url\" content=\"https:\/\/www.escarre.com\/es\/software\/texlab\/\" \/>\n<meta property=\"og:site_name\" content=\"Escarre\" \/>\n<meta property=\"article:modified_time\" content=\"2023-09-06T09:38:42+00:00\" \/>\n<meta property=\"og:image\" content=\"https:\/\/www.escarre.com\/wp-content\/uploads\/TexLab-960-1.png\" \/>\n\t<meta property=\"og:image:width\" content=\"960\" \/>\n\t<meta property=\"og:image:height\" content=\"600\" \/>\n\t<meta property=\"og:image:type\" content=\"image\/png\" \/>\n<meta name=\"twitter:card\" content=\"summary_large_image\" \/>\n<meta name=\"twitter:label1\" content=\"Tiempo de lectura\" \/>\n\t<meta name=\"twitter:data1\" content=\"1 minuto\" \/>\n<script type=\"application\/ld+json\" class=\"yoast-schema-graph\">{\"@context\":\"https:\/\/schema.org\",\"@graph\":[{\"@type\":\"WebPage\",\"@id\":\"https:\/\/www.escarre.com\/es\/software\/texlab\/\",\"url\":\"https:\/\/www.escarre.com\/es\/software\/texlab\/\",\"name\":\"TexLab - Software para la gesti\u00f3n del laboratorio en empresas textiles\",\"isPartOf\":{\"@id\":\"https:\/\/www.escarre.com\/es\/#website\"},\"primaryImageOfPage\":{\"@id\":\"https:\/\/www.escarre.com\/es\/software\/texlab\/#primaryimage\"},\"image\":{\"@id\":\"https:\/\/www.escarre.com\/es\/software\/texlab\/#primaryimage\"},\"thumbnailUrl\":\"https:\/\/www.escarre.com\/wp-content\/uploads\/TexLab-960-1.png\",\"datePublished\":\"2023-06-06T14:17:27+00:00\",\"dateModified\":\"2023-09-06T09:38:42+00:00\",\"description\":\"Software de gesti\u00f3n de recetas de laboratorio, el control de calidad y el desarrollo del color en fabricaci\u00f3n textil. Reduce errores y optimiza la producci\u00f3n\",\"breadcrumb\":{\"@id\":\"https:\/\/www.escarre.com\/es\/software\/texlab\/#breadcrumb\"},\"inLanguage\":\"es\",\"potentialAction\":[{\"@type\":\"ReadAction\",\"target\":[\"https:\/\/www.escarre.com\/es\/software\/texlab\/\"]}]},{\"@type\":\"ImageObject\",\"inLanguage\":\"es\",\"@id\":\"https:\/\/www.escarre.com\/es\/software\/texlab\/#primaryimage\",\"url\":\"https:\/\/www.escarre.com\/wp-content\/uploads\/TexLab-960-1.png\",\"contentUrl\":\"https:\/\/www.escarre.com\/wp-content\/uploads\/TexLab-960-1.png\",\"width\":960,\"height\":600},{\"@type\":\"BreadcrumbList\",\"@id\":\"https:\/\/www.escarre.com\/es\/software\/texlab\/#breadcrumb\",\"itemListElement\":[{\"@type\":\"ListItem\",\"position\":1,\"name\":\"Portada\",\"item\":\"https:\/\/www.escarre.com\/es\/\"},{\"@type\":\"ListItem\",\"position\":2,\"name\":\"Software\",\"item\":\"https:\/\/www.escarre.com\/es\/software\/\"},{\"@type\":\"ListItem\",\"position\":3,\"name\":\"TexLab\"}]},{\"@type\":\"WebSite\",\"@id\":\"https:\/\/www.escarre.com\/es\/#website\",\"url\":\"https:\/\/www.escarre.com\/es\/\",\"name\":\"Escarre\",\"description\":\"\",\"publisher\":{\"@id\":\"https:\/\/www.escarre.com\/es\/#organization\"},\"potentialAction\":[{\"@type\":\"SearchAction\",\"target\":{\"@type\":\"EntryPoint\",\"urlTemplate\":\"https:\/\/www.escarre.com\/es\/?s={search_term_string}\"},\"query-input\":{\"@type\":\"PropertyValueSpecification\",\"valueRequired\":true,\"valueName\":\"search_term_string\"}}],\"inLanguage\":\"es\"},{\"@type\":\"Organization\",\"@id\":\"https:\/\/www.escarre.com\/es\/#organization\",\"name\":\"Escarre\",\"url\":\"https:\/\/www.escarre.com\/es\/\",\"logo\":{\"@type\":\"ImageObject\",\"inLanguage\":\"es\",\"@id\":\"https:\/\/www.escarre.com\/es\/#\/schema\/logo\/image\/\",\"url\":\"https:\/\/www.escarre.com\/wp-content\/uploads\/logo-eas-1.png\",\"contentUrl\":\"https:\/\/www.escarre.com\/wp-content\/uploads\/logo-eas-1.png\",\"width\":700,\"height\":125,\"caption\":\"Escarre\"},\"image\":{\"@id\":\"https:\/\/www.escarre.com\/es\/#\/schema\/logo\/image\/\"}}]}<\/script>\n<!-- \/ Yoast SEO plugin. -->","yoast_head_json":{"title":"TexLab - Software para la gesti\u00f3n del laboratorio en empresas textiles","description":"Software de gesti\u00f3n de recetas de laboratorio, el control de calidad y el desarrollo del color en fabricaci\u00f3n textil. Reduce errores y optimiza la producci\u00f3n","robots":{"index":"index","follow":"follow","max-snippet":"max-snippet:-1","max-image-preview":"max-image-preview:large","max-video-preview":"max-video-preview:-1"},"canonical":"https:\/\/www.escarre.com\/es\/software\/texlab\/","og_locale":"es_ES","og_type":"article","og_title":"TexLab - Software para la gesti\u00f3n del laboratorio en empresas textiles","og_description":"Software de gesti\u00f3n de recetas de laboratorio, el control de calidad y el desarrollo del color en fabricaci\u00f3n textil. Reduce errores y optimiza la producci\u00f3n","og_url":"https:\/\/www.escarre.com\/es\/software\/texlab\/","og_site_name":"Escarre","article_modified_time":"2023-09-06T09:38:42+00:00","og_image":[{"width":960,"height":600,"url":"https:\/\/www.escarre.com\/wp-content\/uploads\/TexLab-960-1.png","type":"image\/png"}],"twitter_card":"summary_large_image","twitter_misc":{"Tiempo de lectura":"1 minuto"},"schema":{"@context":"https:\/\/schema.org","@graph":[{"@type":"WebPage","@id":"https:\/\/www.escarre.com\/es\/software\/texlab\/","url":"https:\/\/www.escarre.com\/es\/software\/texlab\/","name":"TexLab - Software para la gesti\u00f3n del laboratorio en empresas textiles","isPartOf":{"@id":"https:\/\/www.escarre.com\/es\/#website"},"primaryImageOfPage":{"@id":"https:\/\/www.escarre.com\/es\/software\/texlab\/#primaryimage"},"image":{"@id":"https:\/\/www.escarre.com\/es\/software\/texlab\/#primaryimage"},"thumbnailUrl":"https:\/\/www.escarre.com\/wp-content\/uploads\/TexLab-960-1.png","datePublished":"2023-06-06T14:17:27+00:00","dateModified":"2023-09-06T09:38:42+00:00","description":"Software de gesti\u00f3n de recetas de laboratorio, el control de calidad y el desarrollo del color en fabricaci\u00f3n textil. Reduce errores y optimiza la producci\u00f3n","breadcrumb":{"@id":"https:\/\/www.escarre.com\/es\/software\/texlab\/#breadcrumb"},"inLanguage":"es","potentialAction":[{"@type":"ReadAction","target":["https:\/\/www.escarre.com\/es\/software\/texlab\/"]}]},{"@type":"ImageObject","inLanguage":"es","@id":"https:\/\/www.escarre.com\/es\/software\/texlab\/#primaryimage","url":"https:\/\/www.escarre.com\/wp-content\/uploads\/TexLab-960-1.png","contentUrl":"https:\/\/www.escarre.com\/wp-content\/uploads\/TexLab-960-1.png","width":960,"height":600},{"@type":"BreadcrumbList","@id":"https:\/\/www.escarre.com\/es\/software\/texlab\/#breadcrumb","itemListElement":[{"@type":"ListItem","position":1,"name":"Portada","item":"https:\/\/www.escarre.com\/es\/"},{"@type":"ListItem","position":2,"name":"Software","item":"https:\/\/www.escarre.com\/es\/software\/"},{"@type":"ListItem","position":3,"name":"TexLab"}]},{"@type":"WebSite","@id":"https:\/\/www.escarre.com\/es\/#website","url":"https:\/\/www.escarre.com\/es\/","name":"Escarre","description":"","publisher":{"@id":"https:\/\/www.escarre.com\/es\/#organization"},"potentialAction":[{"@type":"SearchAction","target":{"@type":"EntryPoint","urlTemplate":"https:\/\/www.escarre.com\/es\/?s={search_term_string}"},"query-input":{"@type":"PropertyValueSpecification","valueRequired":true,"valueName":"search_term_string"}}],"inLanguage":"es"},{"@type":"Organization","@id":"https:\/\/www.escarre.com\/es\/#organization","name":"Escarre","url":"https:\/\/www.escarre.com\/es\/","logo":{"@type":"ImageObject","inLanguage":"es","@id":"https:\/\/www.escarre.com\/es\/#\/schema\/logo\/image\/","url":"https:\/\/www.escarre.com\/wp-content\/uploads\/logo-eas-1.png","contentUrl":"https:\/\/www.escarre.com\/wp-content\/uploads\/logo-eas-1.png","width":700,"height":125,"caption":"Escarre"},"image":{"@id":"https:\/\/www.escarre.com\/es\/#\/schema\/logo\/image\/"}}]}},"_links":{"self":[{"href":"https:\/\/www.escarre.com\/es\/wp-json\/wp\/v2\/pages\/715","targetHints":{"allow":["GET"]}}],"collection":[{"href":"https:\/\/www.escarre.com\/es\/wp-json\/wp\/v2\/pages"}],"about":[{"href":"https:\/\/www.escarre.com\/es\/wp-json\/wp\/v2\/types\/page"}],"author":[{"embeddable":true,"href":"https:\/\/www.escarre.com\/es\/wp-json\/wp\/v2\/users\/1"}],"replies":[{"embeddable":true,"href":"https:\/\/www.escarre.com\/es\/wp-json\/wp\/v2\/comments?post=715"}],"version-history":[{"count":47,"href":"https:\/\/www.escarre.com\/es\/wp-json\/wp\/v2\/pages\/715\/revisions"}],"predecessor-version":[{"id":6452,"href":"https:\/\/www.escarre.com\/es\/wp-json\/wp\/v2\/pages\/715\/revisions\/6452"}],"up":[{"embeddable":true,"href":"https:\/\/www.escarre.com\/es\/wp-json\/wp\/v2\/pages\/685"}],"wp:featuredmedia":[{"embeddable":true,"href":"https:\/\/www.escarre.com\/es\/wp-json\/wp\/v2\/media\/4676"}],"wp:attachment":[{"href":"https:\/\/www.escarre.com\/es\/wp-json\/wp\/v2\/media?parent=715"}],"wp:term":[{"taxonomy":"color","embeddable":true,"href":"https:\/\/www.escarre.com\/es\/wp-json\/wp\/v2\/color?post=715"}],"curies":[{"name":"wp","href":"https:\/\/api.w.org\/{rel}","templated":true}]}}