{"id":7511,"date":"2025-07-22T07:07:43","date_gmt":"2025-07-22T07:07:43","guid":{"rendered":"https:\/\/www.escarre.com\/?page_id=7511"},"modified":"2025-07-22T10:19:52","modified_gmt":"2025-07-22T10:19:52","slug":"politica-de-cookies-2","status":"publish","type":"page","link":"https:\/\/www.escarre.com\/es\/politica-de-cookies\/","title":{"rendered":"Pol\u00edtica de Cookies"},"content":{"rendered":"<h3>Acerca de esta pol\u00edtica de cookies.<\/h3>\n<p class=\"cli_pg_page_contaner\">Esta Pol\u00edtica de Cookies explica qu\u00e9 son las cookies y c\u00f3mo las utilizamos. Debe leer esta pol\u00edtica para entender qu\u00e9 son las cookies, c\u00f3mo las empleamos, los tipos de cookies que usamos \u2014es decir, la informaci\u00f3n que recopilamos mediante cookies y c\u00f3mo se utiliza\u2014 y c\u00f3mo controlar sus preferencias de cookies. Para m\u00e1s informaci\u00f3n sobre c\u00f3mo usamos, almacenamos y protegemos sus datos personales, consulte nuestra Pol\u00edtica de Privacidad.En cualquier momento puede cambiar o retirar su consentimiento desde la Declaraci\u00f3n de Cookies en nuestro sitio web.Obtenga m\u00e1s informaci\u00f3n sobre qui\u00e9nes somos, c\u00f3mo puede ponerse en contacto con nosotros y c\u00f3mo tratamos los datos personales en nuestra Pol\u00edtica de Privacidad.Su consentimiento se aplica a los siguientes dominios:<\/p>\n<p class=\"cli_pg_page_contaner\">www.escarre.com<div class=\"wt-cli-element cli_user_consent_state\"><\/div><\/p>\n<div class=\"cli_pg_page_contaner\">\n<h3>\u00bfQu\u00e9 son las cookies?<\/h3>\n<p>Las cookies son peque\u00f1os archivos de texto que se utilizan para almacenar peque\u00f1as cantidades de informaci\u00f3n. Las cookies se guardan en su dispositivo cuando se carga el sitio web en su navegador. Estas cookies nos ayudan a que el sitio web funcione correctamente, a mejorar su seguridad, a ofrecer una mejor experiencia de usuario y a entender el rendimiento del sitio web, as\u00ed como a analizar qu\u00e9 funciona y d\u00f3nde es necesario realizar mejoras.<\/p>\n<\/div>\n<div class=\"cli_pg_page_contaner\">\n<h3>\u00bfC\u00f3mo usamos las cookies?<\/h3>\n<p>Como la mayor\u00eda de los servicios en l\u00ednea, nuestro sitio web utiliza cookies propias y de terceros con diversos fines. Las cookies propias son en su mayor\u00eda necesarias para el correcto funcionamiento del sitio web y no recopilan ninguno de sus datos personales que permitan identificarle.Las cookies de terceros que utilizamos en nuestras webs sirven principalmente para entender el rendimiento del sitio, c\u00f3mo interact\u00faa usted con \u00e9l, mantener la seguridad de nuestros servicios, ofrecerle publicidad relevante y, en general, proporcionarle una mejor experiencia de usuario, adem\u00e1s de agilizar sus futuras interacciones con nuestro sitio web.<\/p>\n<\/div>\n<h3>\u00bfQu\u00e9 tipos de cookies utilizamos?<\/h3>\n<p class=\"cli_pg_page_contaner\">Las cookies utilizadas en nuestro sitio web se agrupan en las siguientes categor\u00edas:<div class=\"wt-cli-element cli_cookie_category_single\"><div class=\"cli_cookie_category_single\"><h5 class=\"cli_cookie_category_single_hd\">Necesarias<\/h5><div class=\"cli_cookie_category_single_description\"><p>Las cookies necesarias son absolutamente esenciales para que el sitio web funcione correctamente. Esta categor\u00eda solo incluye cookies que garantizan funcionalidades b\u00e1sicas y caracter\u00edsticas de seguridad del sitio web. Estas cookies no almacenan ninguna informaci\u00f3n personal.<\/p><\/div><\/div><div class=\"cli_cookie_category_single\"><h5 class=\"cli_cookie_category_single_hd\">No Necesaria<\/h5><div class=\"cli_cookie_category_single_description\"><p>Las cookies que pueden no ser particularmente necesarias para que el sitio web funcione y se utilizan espec\u00edficamente para recopilar datos personales del usuario a trav\u00e9s de an\u00e1lisis, anuncios y otros contenidos integrados se denominan cookies no necesarias. Es obligatorio obtener el consentimiento del usuario antes de ejecutar estas cookies en su sitio web.<\/p><\/div><\/div><div class=\"cli_cookie_category_single\"><h5 class=\"cli_cookie_category_single_hd\">Anuncio<\/h5><div class=\"cli_cookie_category_single_description\"><p>Las cookies publicitarias se utilizan para proporcionar a los visitantes anuncios y campa\u00f1as de marketing relevantes. Estas cookies rastrean a los visitantes en los sitios web y recopilan informaci\u00f3n para proporcionar anuncios personalizados.\r\n<\/p><\/div><\/div><div class=\"cli_cookie_category_single\"><h5 class=\"cli_cookie_category_single_hd\">Anal\u00edtica<\/h5><div class=\"cli_cookie_category_single_description\"><p>Cookies anal\u00edticos s\u00e3o usados para entender como os visitantes interagem com o site. Esses cookies ajudam a fornecer informa\u00e7\u00f5es sobre m\u00e9tricas como n\u00famero de visitantes, taxa de rejei\u00e7\u00e3o, fonte de tr\u00e1fego etc.\r\n<\/p><\/div><\/div><div class=\"cli_cookie_category_single\"><h5 class=\"cli_cookie_category_single_hd\">Funcional<\/h5><div class=\"cli_cookie_category_single_description\"><p>Las cookies funcionales ayudan a realizar ciertas funcionalidades, como compartir el contenido del sitio web en plataformas de redes sociales, recopilar comentarios y otras funciones de terceros.\r\n<\/p><\/div><\/div><div class=\"cli_cookie_category_single\"><h5 class=\"cli_cookie_category_single_hd\">Otras<\/h5><div class=\"cli_cookie_category_single_description\"><p>Otras cookies no categorizadas son aquellas que est\u00e1n siendo analizadas y a\u00fan no han sido clasificadas en una categor\u00eda.\r\n<\/p><\/div><\/div><\/div>La siguiente lista detalla las cookies usadas en nuestro sitio web:<\/p>\n<div class=\"cli_pg_page_contaner\">\n<p class=\"cli_pg_page_contaner\"><table class=\"wt-cli-element cookielawinfo-classic cookielawinfo-row-cat-table\"><thead><tr><th scope=\"col\" class=\"cookielawinfo-column-1\">Cookie<\/th><th scope=\"col\" class=\"cookielawinfo-column-4\">Descripci\u00f3n<\/th><\/thead><tbody><tr class=\"cookielawinfo-row-cat-title\"><th colspan=\"2\" class=\"cookielawinfo-row-cat-title-head\">Necesarias<\/th><\/tr><tr class=\"cookielawinfo-row\"><td class=\"cookielawinfo-column-1\">_GRECAPTCHA<\/td><td class=\"cookielawinfo-column-4\">El servicio Google Recaptcha establece esta cookie para identificar bots para proteger el sitio web contra ataques de spam malicioso.<\/td><\/tr><tr class=\"cookielawinfo-row\"><td class=\"cookielawinfo-column-1\">cookielawinfo-checkbox-functional-es<\/td><td class=\"cookielawinfo-column-4\">CookieS\u00ed configura esta cookie para registrar el consentimiento del usuario para las cookies en la categor\u00eda \"Funcional\".<\/td><\/tr><tr class=\"cookielawinfo-row\"><td class=\"cookielawinfo-column-1\">cookielawinfo-checkbox-analytics-es<\/td><td class=\"cookielawinfo-column-4\">CookieYes configura esta cookie para almacenar el consentimiento del usuario para las cookies en la categor\u00eda Analytics.<\/td><\/tr><tr class=\"cookielawinfo-row\"><td class=\"cookielawinfo-column-1\">cookielawinfo-checkbox-advertisement-es<\/td><td class=\"cookielawinfo-column-4\">CookieYes configura esta cookie para almacenar el consentimiento del usuario para las cookies en la categor\u00eda \"Publicidad\".<\/td><\/tr><tr class=\"cookielawinfo-row\"><td class=\"cookielawinfo-column-1\">CookieLawInfoConsent<\/td><td class=\"cookielawinfo-column-4\">CookieYes configura esta cookie para registrar el estado del bot\u00f3n predeterminado de la categor\u00eda correspondiente y el estado de CCPA. Funciona solo en coordinaci\u00f3n con la cookie principal.<\/td><\/tr><tr class=\"cookielawinfo-row\"><td class=\"cookielawinfo-column-1\">viewed_cookie_policy<\/td><td class=\"cookielawinfo-column-4\">La cookie est\u00e1 configurada por el complemento de consentimiento de cookies de GDPR y se utiliza para almacenar si el usuario ha dado su consentimiento o no para el uso de cookies. No almacena ning\u00fan dato personal.<\/td><\/tr><tr class=\"cookielawinfo-row\"><td class=\"cookielawinfo-column-1\">cookielawinfo-checkbox-necessary<\/td><td class=\"cookielawinfo-column-4\">Esta cookie est\u00e1 configurada por el complemento de consentimiento de cookies de GDPR. Las cookies se utilizan para almacenar el consentimiento del usuario para las cookies en la categor\u00eda \"Necesario\".<\/td><\/tr><tr class=\"cookielawinfo-row\"><td class=\"cookielawinfo-column-1\">cookielawinfo-checkbox-non-necessary<\/td><td class=\"cookielawinfo-column-4\">Esta cookie est\u00e1 configurada por el complemento de consentimiento de cookies de GDPR. Las cookies se utilizan para almacenar el consentimiento del usuario para las cookies en la categor\u00eda \"No necesarias\".<\/td><\/tr><tr class=\"cookielawinfo-row-cat-title\"><th colspan=\"2\" class=\"cookielawinfo-row-cat-title-head\">No Necesaria<\/th><\/tr><tr class=\"cookielawinfo-row\"><td class=\"cookielawinfo-column-1\">test_cookie<\/td><td class=\"cookielawinfo-column-4\"><\/td><\/tr><tr class=\"cookielawinfo-row-cat-title\"><th colspan=\"2\" class=\"cookielawinfo-row-cat-title-head\">Anuncio<\/th><\/tr><tr class=\"cookielawinfo-row\"><td class=\"cookielawinfo-column-1\">yt.innertube::requests<\/td><td class=\"cookielawinfo-column-4\">YouTube configura esta cookie para registrar una identificaci\u00f3n \u00fanica para almacenar datos sobre qu\u00e9 videos de YouTube ha visto el usuario.<\/td><\/tr><tr class=\"cookielawinfo-row\"><td class=\"cookielawinfo-column-1\">yt.innertube::nextId<\/td><td class=\"cookielawinfo-column-4\">YouTube configura esta cookie para registrar una identificaci\u00f3n \u00fanica para almacenar datos sobre qu\u00e9 videos de YouTube ha visto el usuario.<\/td><\/tr><tr class=\"cookielawinfo-row-cat-title\"><th colspan=\"2\" class=\"cookielawinfo-row-cat-title-head\">Anal\u00edtica<\/th><\/tr><tr class=\"cookielawinfo-row\"><td class=\"cookielawinfo-column-1\">_ga<\/td><td class=\"cookielawinfo-column-4\">Google Analytics establece esta cookie para calcular los datos de visitantes, sesiones y campa\u00f1as y realizar un seguimiento del uso del sitio para el informe de an\u00e1lisis del sitio. La cookie almacena informaci\u00f3n de forma an\u00f3nima y asigna un n\u00famero generado aleatoriamente para reconocer a visitantes \u00fanicos.<\/td><\/tr><tr class=\"cookielawinfo-row\"><td class=\"cookielawinfo-column-1\">_gid<\/td><td class=\"cookielawinfo-column-4\">Google Analytics configura esta cookie para almacenar informaci\u00f3n sobre c\u00f3mo los visitantes usan un sitio web y, al mismo tiempo, crea un informe anal\u00edtico del rendimiento del sitio web. Algunos de los datos recopilados incluyen la cantidad de visitantes, su fuente y las p\u00e1ginas que visitan de forma an\u00f3nima.<\/td><\/tr><tr class=\"cookielawinfo-row\"><td class=\"cookielawinfo-column-1\">_gat_UA-*<\/td><td class=\"cookielawinfo-column-4\">Google Analytics establece esta cookie para el seguimiento del comportamiento del usuario.<\/td><\/tr><tr class=\"cookielawinfo-row-cat-title\"><th colspan=\"2\" class=\"cookielawinfo-row-cat-title-head\">Funcional<\/th><\/tr><tr class=\"cookielawinfo-row\"><td class=\"cookielawinfo-column-1\">wp-wpml_current_language<\/td><td class=\"cookielawinfo-column-4\">El complemento multiling\u00fce de WordPress configura esta cookie para almacenar la configuraci\u00f3n actual de idioma\/idioma.<\/td><\/tr><tr class=\"cookielawinfo-row-cat-title\"><th colspan=\"2\" class=\"cookielawinfo-row-cat-title-head\">Otras<\/th><\/tr><tr class=\"cookielawinfo-row\"><td class=\"cookielawinfo-column-1\">cookielawinfo-checkbox-non-necessary-es<\/td><td class=\"cookielawinfo-column-4\">La descripci\u00f3n no est\u00e1 disponible actualmente.<\/td><\/tr><tr class=\"cookielawinfo-row\"><td class=\"cookielawinfo-column-1\">cookielawinfo-checkbox-necessary-es<\/td><td class=\"cookielawinfo-column-4\">La descripci\u00f3n no est\u00e1 disponible actualmente.<\/td><\/tr><\/tbody><\/table><\/p>\n<div class=\"cli_pg_page_contaner\">\n<h3>\u00bfC\u00f3mo puedo controlar mis preferencias de cookies?<\/h3>\n<p>Puede gestionar sus preferencias de cookies haciendo clic en el bot\u00f3n \u201cSettings\u201d y activando o desactivando las categor\u00edas de cookies en la ventana emergente seg\u00fan sus preferencias.Si decide cambiar sus preferencias m\u00e1s adelante durante la sesi\u00f3n de navegaci\u00f3n, puede hacer clic en la pesta\u00f1a \u201cManage consent\u201d que aparecer\u00e1 en pantalla. Esto mostrar\u00e1 de nuevo el aviso de consentimiento, permiti\u00e9ndole modificar sus opciones o retirar completamente su consentimiento.Adem\u00e1s, los distintos navegadores ofrecen m\u00e9todos para bloquear y eliminar las cookies utilizadas por los sitios web. Puede cambiar la configuraci\u00f3n de su navegador para bloquear o eliminar las cookies. Para obtener m\u00e1s informaci\u00f3n sobre c\u00f3mo gestionar y eliminar cookies, visite\u202fwikipedia.org\u202fy\u202fwww.allaboutcookies.org.<\/p>\n<\/div>\n<\/div>\n","protected":false},"excerpt":{"rendered":"<p>Acerca de esta pol\u00edtica de cookies. Esta Pol\u00edtica de Cookies explica qu\u00e9 son las cookies y c\u00f3mo las utilizamos. Debe leer esta pol\u00edtica para entender qu\u00e9 son las cookies, c\u00f3mo &hellip;<\/p>\n","protected":false},"author":1,"featured_media":0,"parent":0,"menu_order":0,"comment_status":"closed","ping_status":"closed","template":"","meta":{"_acf_changed":false,"footnotes":""},"color":[],"class_list":["post-7511","page","type-page","status-publish","hentry"],"acf":[],"yoast_head":"<!-- This site is optimized with the Yoast SEO plugin v26.7 - https:\/\/yoast.com\/wordpress\/plugins\/seo\/ -->\n<title>Pol\u00edtica de Cookies - Escarre<\/title>\n<meta name=\"description\" content=\"Acerca de esta pol\u00edtica de cookies. Esta Pol\u00edtica de Cookies explica qu\u00e9 son las cookies y c\u00f3mo las utilizamos. Debe leer esta pol\u00edtica para entender qu\u00e9\" \/>\n<meta name=\"robots\" content=\"index, follow, max-snippet:-1, max-image-preview:large, max-video-preview:-1\" \/>\n<link rel=\"canonical\" href=\"https:\/\/www.escarre.com\/es\/politica-de-cookies\/\" \/>\n<meta property=\"og:locale\" content=\"es_ES\" \/>\n<meta property=\"og:type\" content=\"article\" \/>\n<meta property=\"og:title\" content=\"Pol\u00edtica de Cookies - Escarre\" \/>\n<meta property=\"og:description\" content=\"Acerca de esta pol\u00edtica de cookies. Esta Pol\u00edtica de Cookies explica qu\u00e9 son las cookies y c\u00f3mo las utilizamos. Debe leer esta pol\u00edtica para entender qu\u00e9\" \/>\n<meta property=\"og:url\" content=\"https:\/\/www.escarre.com\/es\/politica-de-cookies\/\" \/>\n<meta property=\"og:site_name\" content=\"Escarre\" \/>\n<meta property=\"article:modified_time\" content=\"2025-07-22T10:19:52+00:00\" \/>\n<meta name=\"twitter:card\" content=\"summary_large_image\" \/>\n<meta name=\"twitter:label1\" content=\"Tiempo de lectura\" \/>\n\t<meta name=\"twitter:data1\" content=\"3 minutos\" \/>\n<script type=\"application\/ld+json\" class=\"yoast-schema-graph\">{\"@context\":\"https:\/\/schema.org\",\"@graph\":[{\"@type\":\"WebPage\",\"@id\":\"https:\/\/www.escarre.com\/es\/politica-de-cookies\/\",\"url\":\"https:\/\/www.escarre.com\/es\/politica-de-cookies\/\",\"name\":\"Pol\u00edtica de Cookies - Escarre\",\"isPartOf\":{\"@id\":\"https:\/\/www.escarre.com\/es\/#website\"},\"datePublished\":\"2025-07-22T07:07:43+00:00\",\"dateModified\":\"2025-07-22T10:19:52+00:00\",\"description\":\"Acerca de esta pol\u00edtica de cookies. Esta Pol\u00edtica de Cookies explica qu\u00e9 son las cookies y c\u00f3mo las utilizamos. Debe leer esta pol\u00edtica para entender qu\u00e9\",\"breadcrumb\":{\"@id\":\"https:\/\/www.escarre.com\/es\/politica-de-cookies\/#breadcrumb\"},\"inLanguage\":\"es\",\"potentialAction\":[{\"@type\":\"ReadAction\",\"target\":[\"https:\/\/www.escarre.com\/es\/politica-de-cookies\/\"]}]},{\"@type\":\"BreadcrumbList\",\"@id\":\"https:\/\/www.escarre.com\/es\/politica-de-cookies\/#breadcrumb\",\"itemListElement\":[{\"@type\":\"ListItem\",\"position\":1,\"name\":\"Portada\",\"item\":\"https:\/\/www.escarre.com\/es\/\"},{\"@type\":\"ListItem\",\"position\":2,\"name\":\"Pol\u00edtica de Cookies\"}]},{\"@type\":\"WebSite\",\"@id\":\"https:\/\/www.escarre.com\/es\/#website\",\"url\":\"https:\/\/www.escarre.com\/es\/\",\"name\":\"Escarre\",\"description\":\"\",\"publisher\":{\"@id\":\"https:\/\/www.escarre.com\/es\/#organization\"},\"potentialAction\":[{\"@type\":\"SearchAction\",\"target\":{\"@type\":\"EntryPoint\",\"urlTemplate\":\"https:\/\/www.escarre.com\/es\/?s={search_term_string}\"},\"query-input\":{\"@type\":\"PropertyValueSpecification\",\"valueRequired\":true,\"valueName\":\"search_term_string\"}}],\"inLanguage\":\"es\"},{\"@type\":\"Organization\",\"@id\":\"https:\/\/www.escarre.com\/es\/#organization\",\"name\":\"Escarre\",\"url\":\"https:\/\/www.escarre.com\/es\/\",\"logo\":{\"@type\":\"ImageObject\",\"inLanguage\":\"es\",\"@id\":\"https:\/\/www.escarre.com\/es\/#\/schema\/logo\/image\/\",\"url\":\"https:\/\/www.escarre.com\/wp-content\/uploads\/logo-eas-1.png\",\"contentUrl\":\"https:\/\/www.escarre.com\/wp-content\/uploads\/logo-eas-1.png\",\"width\":700,\"height\":125,\"caption\":\"Escarre\"},\"image\":{\"@id\":\"https:\/\/www.escarre.com\/es\/#\/schema\/logo\/image\/\"}}]}<\/script>\n<!-- \/ Yoast SEO plugin. -->","yoast_head_json":{"title":"Pol\u00edtica de Cookies - Escarre","description":"Acerca de esta pol\u00edtica de cookies. Esta Pol\u00edtica de Cookies explica qu\u00e9 son las cookies y c\u00f3mo las utilizamos. Debe leer esta pol\u00edtica para entender qu\u00e9","robots":{"index":"index","follow":"follow","max-snippet":"max-snippet:-1","max-image-preview":"max-image-preview:large","max-video-preview":"max-video-preview:-1"},"canonical":"https:\/\/www.escarre.com\/es\/politica-de-cookies\/","og_locale":"es_ES","og_type":"article","og_title":"Pol\u00edtica de Cookies - Escarre","og_description":"Acerca de esta pol\u00edtica de cookies. Esta Pol\u00edtica de Cookies explica qu\u00e9 son las cookies y c\u00f3mo las utilizamos. Debe leer esta pol\u00edtica para entender qu\u00e9","og_url":"https:\/\/www.escarre.com\/es\/politica-de-cookies\/","og_site_name":"Escarre","article_modified_time":"2025-07-22T10:19:52+00:00","twitter_card":"summary_large_image","twitter_misc":{"Tiempo de lectura":"3 minutos"},"schema":{"@context":"https:\/\/schema.org","@graph":[{"@type":"WebPage","@id":"https:\/\/www.escarre.com\/es\/politica-de-cookies\/","url":"https:\/\/www.escarre.com\/es\/politica-de-cookies\/","name":"Pol\u00edtica de Cookies - Escarre","isPartOf":{"@id":"https:\/\/www.escarre.com\/es\/#website"},"datePublished":"2025-07-22T07:07:43+00:00","dateModified":"2025-07-22T10:19:52+00:00","description":"Acerca de esta pol\u00edtica de cookies. Esta Pol\u00edtica de Cookies explica qu\u00e9 son las cookies y c\u00f3mo las utilizamos. Debe leer esta pol\u00edtica para entender qu\u00e9","breadcrumb":{"@id":"https:\/\/www.escarre.com\/es\/politica-de-cookies\/#breadcrumb"},"inLanguage":"es","potentialAction":[{"@type":"ReadAction","target":["https:\/\/www.escarre.com\/es\/politica-de-cookies\/"]}]},{"@type":"BreadcrumbList","@id":"https:\/\/www.escarre.com\/es\/politica-de-cookies\/#breadcrumb","itemListElement":[{"@type":"ListItem","position":1,"name":"Portada","item":"https:\/\/www.escarre.com\/es\/"},{"@type":"ListItem","position":2,"name":"Pol\u00edtica de Cookies"}]},{"@type":"WebSite","@id":"https:\/\/www.escarre.com\/es\/#website","url":"https:\/\/www.escarre.com\/es\/","name":"Escarre","description":"","publisher":{"@id":"https:\/\/www.escarre.com\/es\/#organization"},"potentialAction":[{"@type":"SearchAction","target":{"@type":"EntryPoint","urlTemplate":"https:\/\/www.escarre.com\/es\/?s={search_term_string}"},"query-input":{"@type":"PropertyValueSpecification","valueRequired":true,"valueName":"search_term_string"}}],"inLanguage":"es"},{"@type":"Organization","@id":"https:\/\/www.escarre.com\/es\/#organization","name":"Escarre","url":"https:\/\/www.escarre.com\/es\/","logo":{"@type":"ImageObject","inLanguage":"es","@id":"https:\/\/www.escarre.com\/es\/#\/schema\/logo\/image\/","url":"https:\/\/www.escarre.com\/wp-content\/uploads\/logo-eas-1.png","contentUrl":"https:\/\/www.escarre.com\/wp-content\/uploads\/logo-eas-1.png","width":700,"height":125,"caption":"Escarre"},"image":{"@id":"https:\/\/www.escarre.com\/es\/#\/schema\/logo\/image\/"}}]}},"_links":{"self":[{"href":"https:\/\/www.escarre.com\/es\/wp-json\/wp\/v2\/pages\/7511","targetHints":{"allow":["GET"]}}],"collection":[{"href":"https:\/\/www.escarre.com\/es\/wp-json\/wp\/v2\/pages"}],"about":[{"href":"https:\/\/www.escarre.com\/es\/wp-json\/wp\/v2\/types\/page"}],"author":[{"embeddable":true,"href":"https:\/\/www.escarre.com\/es\/wp-json\/wp\/v2\/users\/1"}],"replies":[{"embeddable":true,"href":"https:\/\/www.escarre.com\/es\/wp-json\/wp\/v2\/comments?post=7511"}],"version-history":[{"count":9,"href":"https:\/\/www.escarre.com\/es\/wp-json\/wp\/v2\/pages\/7511\/revisions"}],"predecessor-version":[{"id":7535,"href":"https:\/\/www.escarre.com\/es\/wp-json\/wp\/v2\/pages\/7511\/revisions\/7535"}],"wp:attachment":[{"href":"https:\/\/www.escarre.com\/es\/wp-json\/wp\/v2\/media?parent=7511"}],"wp:term":[{"taxonomy":"color","embeddable":true,"href":"https:\/\/www.escarre.com\/es\/wp-json\/wp\/v2\/color?post=7511"}],"curies":[{"name":"wp","href":"https:\/\/api.w.org\/{rel}","templated":true}]}}