{"id":859,"date":"2023-06-07T15:56:18","date_gmt":"2023-06-07T15:56:18","guid":{"rendered":"https:\/\/www.escarre.com\/?page_id=859"},"modified":"2025-10-27T08:49:43","modified_gmt":"2025-10-27T08:49:43","slug":"controladores-atlantis","status":"publish","type":"page","link":"https:\/\/www.escarre.com\/es\/controladores-atlantis\/","title":{"rendered":"Controladores Atlantis"},"content":{"rendered":"\n<p>Los controladores Atlantis son la elecci\u00f3n ideal para entornos industriales que buscan un alto rendimiento en maquinaria textil. Gracias a su dise\u00f1o compacto, se integran f\u00e1cilmente en cualquier m\u00e1quina, y su pantalla t\u00e1ctil de alta visibilidad mejora la eficiencia y simplifica el mantenimiento.<\/p>\n","protected":false},"excerpt":{"rendered":"<p>Los controladores Atlantis son la elecci\u00f3n ideal para entornos industriales que buscan un alto rendimiento en maquinaria textil. Gracias a su dise\u00f1o compacto, se integran f\u00e1cilmente en cualquier m\u00e1quina, y &hellip;<\/p>\n","protected":false},"author":1,"featured_media":7044,"parent":0,"menu_order":0,"comment_status":"closed","ping_status":"closed","template":"page-templates\/page-with-header-section-2.php","meta":{"_acf_changed":false,"footnotes":""},"color":[9],"class_list":["post-859","page","type-page","status-publish","has-post-thumbnail","hentry","color-blue"],"acf":[],"yoast_head":"<!-- This site is optimized with the Yoast SEO plugin v26.7 - https:\/\/yoast.com\/wordpress\/plugins\/seo\/ -->\n<title>Innovaci\u00f3n en automatizaci\u00f3n de maquinaria textil<\/title>\n<meta name=\"description\" content=\"Los controladores Atlantis son la elecci\u00f3n perfecta para entornos industriales que buscan un alto rendimiento en m\u00e1quinas textiles \u00a1Desc\u00fabrelos!\" \/>\n<meta name=\"robots\" content=\"index, follow, max-snippet:-1, max-image-preview:large, max-video-preview:-1\" \/>\n<link rel=\"canonical\" href=\"https:\/\/www.escarre.com\/es\/controladores-atlantis\/\" \/>\n<meta property=\"og:locale\" content=\"es_ES\" \/>\n<meta property=\"og:type\" content=\"article\" \/>\n<meta property=\"og:title\" content=\"Innovaci\u00f3n en automatizaci\u00f3n de maquinaria textil\" \/>\n<meta property=\"og:description\" content=\"Los controladores Atlantis son la elecci\u00f3n perfecta para entornos industriales que buscan un alto rendimiento en m\u00e1quinas textiles \u00a1Desc\u00fabrelos!\" \/>\n<meta property=\"og:url\" content=\"https:\/\/www.escarre.com\/es\/controladores-atlantis\/\" \/>\n<meta property=\"og:site_name\" content=\"Escarre\" \/>\n<meta property=\"article:modified_time\" content=\"2025-10-27T08:49:43+00:00\" \/>\n<meta property=\"og:image\" content=\"https:\/\/www.escarre.com\/wp-content\/uploads\/Line-Up-controladores-2024-1-1.png\" \/>\n\t<meta property=\"og:image:width\" content=\"990\" \/>\n\t<meta property=\"og:image:height\" content=\"630\" \/>\n\t<meta property=\"og:image:type\" content=\"image\/png\" \/>\n<meta name=\"twitter:card\" content=\"summary_large_image\" \/>\n<meta name=\"twitter:label1\" content=\"Tiempo de lectura\" \/>\n\t<meta name=\"twitter:data1\" content=\"1 minuto\" \/>\n<script type=\"application\/ld+json\" class=\"yoast-schema-graph\">{\"@context\":\"https:\/\/schema.org\",\"@graph\":[{\"@type\":\"WebPage\",\"@id\":\"https:\/\/www.escarre.com\/es\/controladores-atlantis\/\",\"url\":\"https:\/\/www.escarre.com\/es\/controladores-atlantis\/\",\"name\":\"Innovaci\u00f3n en automatizaci\u00f3n de maquinaria textil\",\"isPartOf\":{\"@id\":\"https:\/\/www.escarre.com\/es\/#website\"},\"primaryImageOfPage\":{\"@id\":\"https:\/\/www.escarre.com\/es\/controladores-atlantis\/#primaryimage\"},\"image\":{\"@id\":\"https:\/\/www.escarre.com\/es\/controladores-atlantis\/#primaryimage\"},\"thumbnailUrl\":\"https:\/\/www.escarre.com\/wp-content\/uploads\/Line-Up-controladores-2024-1-1.png\",\"datePublished\":\"2023-06-07T15:56:18+00:00\",\"dateModified\":\"2025-10-27T08:49:43+00:00\",\"description\":\"Los controladores Atlantis son la elecci\u00f3n perfecta para entornos industriales que buscan un alto rendimiento en m\u00e1quinas textiles \u00a1Desc\u00fabrelos!\",\"breadcrumb\":{\"@id\":\"https:\/\/www.escarre.com\/es\/controladores-atlantis\/#breadcrumb\"},\"inLanguage\":\"es\",\"potentialAction\":[{\"@type\":\"ReadAction\",\"target\":[\"https:\/\/www.escarre.com\/es\/controladores-atlantis\/\"]}]},{\"@type\":\"ImageObject\",\"inLanguage\":\"es\",\"@id\":\"https:\/\/www.escarre.com\/es\/controladores-atlantis\/#primaryimage\",\"url\":\"https:\/\/www.escarre.com\/wp-content\/uploads\/Line-Up-controladores-2024-1-1.png\",\"contentUrl\":\"https:\/\/www.escarre.com\/wp-content\/uploads\/Line-Up-controladores-2024-1-1.png\",\"width\":990,\"height\":630},{\"@type\":\"BreadcrumbList\",\"@id\":\"https:\/\/www.escarre.com\/es\/controladores-atlantis\/#breadcrumb\",\"itemListElement\":[{\"@type\":\"ListItem\",\"position\":1,\"name\":\"Portada\",\"item\":\"https:\/\/www.escarre.com\/es\/\"},{\"@type\":\"ListItem\",\"position\":2,\"name\":\"Controladores Atlantis\"}]},{\"@type\":\"WebSite\",\"@id\":\"https:\/\/www.escarre.com\/es\/#website\",\"url\":\"https:\/\/www.escarre.com\/es\/\",\"name\":\"Escarre\",\"description\":\"\",\"publisher\":{\"@id\":\"https:\/\/www.escarre.com\/es\/#organization\"},\"potentialAction\":[{\"@type\":\"SearchAction\",\"target\":{\"@type\":\"EntryPoint\",\"urlTemplate\":\"https:\/\/www.escarre.com\/es\/?s={search_term_string}\"},\"query-input\":{\"@type\":\"PropertyValueSpecification\",\"valueRequired\":true,\"valueName\":\"search_term_string\"}}],\"inLanguage\":\"es\"},{\"@type\":\"Organization\",\"@id\":\"https:\/\/www.escarre.com\/es\/#organization\",\"name\":\"Escarre\",\"url\":\"https:\/\/www.escarre.com\/es\/\",\"logo\":{\"@type\":\"ImageObject\",\"inLanguage\":\"es\",\"@id\":\"https:\/\/www.escarre.com\/es\/#\/schema\/logo\/image\/\",\"url\":\"https:\/\/www.escarre.com\/wp-content\/uploads\/logo-eas-1.png\",\"contentUrl\":\"https:\/\/www.escarre.com\/wp-content\/uploads\/logo-eas-1.png\",\"width\":700,\"height\":125,\"caption\":\"Escarre\"},\"image\":{\"@id\":\"https:\/\/www.escarre.com\/es\/#\/schema\/logo\/image\/\"}}]}<\/script>\n<!-- \/ Yoast SEO plugin. -->","yoast_head_json":{"title":"Innovaci\u00f3n en automatizaci\u00f3n de maquinaria textil","description":"Los controladores Atlantis son la elecci\u00f3n perfecta para entornos industriales que buscan un alto rendimiento en m\u00e1quinas textiles \u00a1Desc\u00fabrelos!","robots":{"index":"index","follow":"follow","max-snippet":"max-snippet:-1","max-image-preview":"max-image-preview:large","max-video-preview":"max-video-preview:-1"},"canonical":"https:\/\/www.escarre.com\/es\/controladores-atlantis\/","og_locale":"es_ES","og_type":"article","og_title":"Innovaci\u00f3n en automatizaci\u00f3n de maquinaria textil","og_description":"Los controladores Atlantis son la elecci\u00f3n perfecta para entornos industriales que buscan un alto rendimiento en m\u00e1quinas textiles \u00a1Desc\u00fabrelos!","og_url":"https:\/\/www.escarre.com\/es\/controladores-atlantis\/","og_site_name":"Escarre","article_modified_time":"2025-10-27T08:49:43+00:00","og_image":[{"width":990,"height":630,"url":"https:\/\/www.escarre.com\/wp-content\/uploads\/Line-Up-controladores-2024-1-1.png","type":"image\/png"}],"twitter_card":"summary_large_image","twitter_misc":{"Tiempo de lectura":"1 minuto"},"schema":{"@context":"https:\/\/schema.org","@graph":[{"@type":"WebPage","@id":"https:\/\/www.escarre.com\/es\/controladores-atlantis\/","url":"https:\/\/www.escarre.com\/es\/controladores-atlantis\/","name":"Innovaci\u00f3n en automatizaci\u00f3n de maquinaria textil","isPartOf":{"@id":"https:\/\/www.escarre.com\/es\/#website"},"primaryImageOfPage":{"@id":"https:\/\/www.escarre.com\/es\/controladores-atlantis\/#primaryimage"},"image":{"@id":"https:\/\/www.escarre.com\/es\/controladores-atlantis\/#primaryimage"},"thumbnailUrl":"https:\/\/www.escarre.com\/wp-content\/uploads\/Line-Up-controladores-2024-1-1.png","datePublished":"2023-06-07T15:56:18+00:00","dateModified":"2025-10-27T08:49:43+00:00","description":"Los controladores Atlantis son la elecci\u00f3n perfecta para entornos industriales que buscan un alto rendimiento en m\u00e1quinas textiles \u00a1Desc\u00fabrelos!","breadcrumb":{"@id":"https:\/\/www.escarre.com\/es\/controladores-atlantis\/#breadcrumb"},"inLanguage":"es","potentialAction":[{"@type":"ReadAction","target":["https:\/\/www.escarre.com\/es\/controladores-atlantis\/"]}]},{"@type":"ImageObject","inLanguage":"es","@id":"https:\/\/www.escarre.com\/es\/controladores-atlantis\/#primaryimage","url":"https:\/\/www.escarre.com\/wp-content\/uploads\/Line-Up-controladores-2024-1-1.png","contentUrl":"https:\/\/www.escarre.com\/wp-content\/uploads\/Line-Up-controladores-2024-1-1.png","width":990,"height":630},{"@type":"BreadcrumbList","@id":"https:\/\/www.escarre.com\/es\/controladores-atlantis\/#breadcrumb","itemListElement":[{"@type":"ListItem","position":1,"name":"Portada","item":"https:\/\/www.escarre.com\/es\/"},{"@type":"ListItem","position":2,"name":"Controladores Atlantis"}]},{"@type":"WebSite","@id":"https:\/\/www.escarre.com\/es\/#website","url":"https:\/\/www.escarre.com\/es\/","name":"Escarre","description":"","publisher":{"@id":"https:\/\/www.escarre.com\/es\/#organization"},"potentialAction":[{"@type":"SearchAction","target":{"@type":"EntryPoint","urlTemplate":"https:\/\/www.escarre.com\/es\/?s={search_term_string}"},"query-input":{"@type":"PropertyValueSpecification","valueRequired":true,"valueName":"search_term_string"}}],"inLanguage":"es"},{"@type":"Organization","@id":"https:\/\/www.escarre.com\/es\/#organization","name":"Escarre","url":"https:\/\/www.escarre.com\/es\/","logo":{"@type":"ImageObject","inLanguage":"es","@id":"https:\/\/www.escarre.com\/es\/#\/schema\/logo\/image\/","url":"https:\/\/www.escarre.com\/wp-content\/uploads\/logo-eas-1.png","contentUrl":"https:\/\/www.escarre.com\/wp-content\/uploads\/logo-eas-1.png","width":700,"height":125,"caption":"Escarre"},"image":{"@id":"https:\/\/www.escarre.com\/es\/#\/schema\/logo\/image\/"}}]}},"_links":{"self":[{"href":"https:\/\/www.escarre.com\/es\/wp-json\/wp\/v2\/pages\/859","targetHints":{"allow":["GET"]}}],"collection":[{"href":"https:\/\/www.escarre.com\/es\/wp-json\/wp\/v2\/pages"}],"about":[{"href":"https:\/\/www.escarre.com\/es\/wp-json\/wp\/v2\/types\/page"}],"author":[{"embeddable":true,"href":"https:\/\/www.escarre.com\/es\/wp-json\/wp\/v2\/users\/1"}],"replies":[{"embeddable":true,"href":"https:\/\/www.escarre.com\/es\/wp-json\/wp\/v2\/comments?post=859"}],"version-history":[{"count":112,"href":"https:\/\/www.escarre.com\/es\/wp-json\/wp\/v2\/pages\/859\/revisions"}],"predecessor-version":[{"id":7596,"href":"https:\/\/www.escarre.com\/es\/wp-json\/wp\/v2\/pages\/859\/revisions\/7596"}],"wp:featuredmedia":[{"embeddable":true,"href":"https:\/\/www.escarre.com\/es\/wp-json\/wp\/v2\/media\/7044"}],"wp:attachment":[{"href":"https:\/\/www.escarre.com\/es\/wp-json\/wp\/v2\/media?parent=859"}],"wp:term":[{"taxonomy":"color","embeddable":true,"href":"https:\/\/www.escarre.com\/es\/wp-json\/wp\/v2\/color?post=859"}],"curies":[{"name":"wp","href":"https:\/\/api.w.org\/{rel}","templated":true}]}}