{"id":949,"date":"2023-06-08T08:37:06","date_gmt":"2023-06-08T08:37:06","guid":{"rendered":"https:\/\/www.escarre.com\/?page_id=949"},"modified":"2025-10-27T09:26:51","modified_gmt":"2025-10-27T09:26:51","slug":"tecnomix","status":"publish","type":"page","link":"https:\/\/www.escarre.com\/es\/maquinaria\/tecnomix\/","title":{"rendered":"TecnoMix"},"content":{"rendered":"\n<p>TecnoMix es la cocina de colores de EAS para la preparaci\u00f3n y env\u00edo de colorantes para m\u00e1quinas de te\u00f1ido industrial como jets, jiggers y autoclaves industriales.<\/p>\n","protected":false},"excerpt":{"rendered":"<p>TecnoMix es la cocina de colores de EAS para la preparaci\u00f3n y env\u00edo de colorantes para m\u00e1quinas de te\u00f1ido industrial como jets, jiggers y autoclaves industriales.<\/p>\n","protected":false},"author":1,"featured_media":7609,"parent":941,"menu_order":1,"comment_status":"closed","ping_status":"closed","template":"page-templates\/page-with-header-section-2.php","meta":{"_acf_changed":false,"footnotes":""},"color":[9],"class_list":["post-949","page","type-page","status-publish","has-post-thumbnail","hentry","color-blue"],"acf":[],"yoast_head":"<!-- This site is optimized with the Yoast SEO plugin v26.7 - https:\/\/yoast.com\/wordpress\/plugins\/seo\/ -->\n<title>TecnoMix - Preparaci\u00f3n de disoluciones para m\u00e1quinas de tintorer\u00eda industrial<\/title>\n<meta name=\"description\" content=\"TecnoMix es la cocina de colores de EAS para la preparaci\u00f3n y env\u00edo de colorantes para m\u00e1quinas de te\u00f1ido industrial como jets, jiggers y autoclaves industriales\" \/>\n<meta name=\"robots\" content=\"index, follow, max-snippet:-1, max-image-preview:large, max-video-preview:-1\" \/>\n<link rel=\"canonical\" href=\"https:\/\/www.escarre.com\/es\/maquinaria\/tecnomix\/\" \/>\n<meta property=\"og:locale\" content=\"es_ES\" \/>\n<meta property=\"og:type\" content=\"article\" \/>\n<meta property=\"og:title\" content=\"TecnoMix - Preparaci\u00f3n de disoluciones para m\u00e1quinas de tintorer\u00eda industrial\" \/>\n<meta property=\"og:description\" content=\"TecnoMix es la cocina de colores de EAS para la preparaci\u00f3n y env\u00edo de colorantes para m\u00e1quinas de te\u00f1ido industrial como jets, jiggers y autoclaves industriales\" \/>\n<meta property=\"og:url\" content=\"https:\/\/www.escarre.com\/es\/maquinaria\/tecnomix\/\" \/>\n<meta property=\"og:site_name\" content=\"Escarre\" \/>\n<meta property=\"article:modified_time\" content=\"2025-10-27T09:26:51+00:00\" \/>\n<meta property=\"og:image\" content=\"https:\/\/www.escarre.com\/wp-content\/uploads\/2041_01.png\" \/>\n\t<meta property=\"og:image:width\" content=\"1\" \/>\n\t<meta property=\"og:image:height\" content=\"1\" \/>\n\t<meta property=\"og:image:type\" content=\"image\/png\" \/>\n<meta name=\"twitter:card\" content=\"summary_large_image\" \/>\n<meta name=\"twitter:label1\" content=\"Tiempo de lectura\" \/>\n\t<meta name=\"twitter:data1\" content=\"1 minuto\" \/>\n<script type=\"application\/ld+json\" class=\"yoast-schema-graph\">{\"@context\":\"https:\/\/schema.org\",\"@graph\":[{\"@type\":\"WebPage\",\"@id\":\"https:\/\/www.escarre.com\/es\/maquinaria\/tecnomix\/\",\"url\":\"https:\/\/www.escarre.com\/es\/maquinaria\/tecnomix\/\",\"name\":\"TecnoMix - Preparaci\u00f3n de disoluciones para m\u00e1quinas de tintorer\u00eda industrial\",\"isPartOf\":{\"@id\":\"https:\/\/www.escarre.com\/es\/#website\"},\"primaryImageOfPage\":{\"@id\":\"https:\/\/www.escarre.com\/es\/maquinaria\/tecnomix\/#primaryimage\"},\"image\":{\"@id\":\"https:\/\/www.escarre.com\/es\/maquinaria\/tecnomix\/#primaryimage\"},\"thumbnailUrl\":\"https:\/\/www.escarre.com\/wp-content\/uploads\/2041_01.png\",\"datePublished\":\"2023-06-08T08:37:06+00:00\",\"dateModified\":\"2025-10-27T09:26:51+00:00\",\"description\":\"TecnoMix es la cocina de colores de EAS para la preparaci\u00f3n y env\u00edo de colorantes para m\u00e1quinas de te\u00f1ido industrial como jets, jiggers y autoclaves industriales\",\"breadcrumb\":{\"@id\":\"https:\/\/www.escarre.com\/es\/maquinaria\/tecnomix\/#breadcrumb\"},\"inLanguage\":\"es\",\"potentialAction\":[{\"@type\":\"ReadAction\",\"target\":[\"https:\/\/www.escarre.com\/es\/maquinaria\/tecnomix\/\"]}]},{\"@type\":\"ImageObject\",\"inLanguage\":\"es\",\"@id\":\"https:\/\/www.escarre.com\/es\/maquinaria\/tecnomix\/#primaryimage\",\"url\":\"https:\/\/www.escarre.com\/wp-content\/uploads\/2041_01.png\",\"contentUrl\":\"https:\/\/www.escarre.com\/wp-content\/uploads\/2041_01.png\"},{\"@type\":\"BreadcrumbList\",\"@id\":\"https:\/\/www.escarre.com\/es\/maquinaria\/tecnomix\/#breadcrumb\",\"itemListElement\":[{\"@type\":\"ListItem\",\"position\":1,\"name\":\"Portada\",\"item\":\"https:\/\/www.escarre.com\/es\/\"},{\"@type\":\"ListItem\",\"position\":2,\"name\":\"Maquinaria\",\"item\":\"https:\/\/www.escarre.com\/es\/?page_id=941\"},{\"@type\":\"ListItem\",\"position\":3,\"name\":\"TecnoMix\"}]},{\"@type\":\"WebSite\",\"@id\":\"https:\/\/www.escarre.com\/es\/#website\",\"url\":\"https:\/\/www.escarre.com\/es\/\",\"name\":\"Escarre\",\"description\":\"\",\"publisher\":{\"@id\":\"https:\/\/www.escarre.com\/es\/#organization\"},\"potentialAction\":[{\"@type\":\"SearchAction\",\"target\":{\"@type\":\"EntryPoint\",\"urlTemplate\":\"https:\/\/www.escarre.com\/es\/?s={search_term_string}\"},\"query-input\":{\"@type\":\"PropertyValueSpecification\",\"valueRequired\":true,\"valueName\":\"search_term_string\"}}],\"inLanguage\":\"es\"},{\"@type\":\"Organization\",\"@id\":\"https:\/\/www.escarre.com\/es\/#organization\",\"name\":\"Escarre\",\"url\":\"https:\/\/www.escarre.com\/es\/\",\"logo\":{\"@type\":\"ImageObject\",\"inLanguage\":\"es\",\"@id\":\"https:\/\/www.escarre.com\/es\/#\/schema\/logo\/image\/\",\"url\":\"https:\/\/www.escarre.com\/wp-content\/uploads\/logo-eas-1.png\",\"contentUrl\":\"https:\/\/www.escarre.com\/wp-content\/uploads\/logo-eas-1.png\",\"width\":700,\"height\":125,\"caption\":\"Escarre\"},\"image\":{\"@id\":\"https:\/\/www.escarre.com\/es\/#\/schema\/logo\/image\/\"}}]}<\/script>\n<!-- \/ Yoast SEO plugin. -->","yoast_head_json":{"title":"TecnoMix - Preparaci\u00f3n de disoluciones para m\u00e1quinas de tintorer\u00eda industrial","description":"TecnoMix es la cocina de colores de EAS para la preparaci\u00f3n y env\u00edo de colorantes para m\u00e1quinas de te\u00f1ido industrial como jets, jiggers y autoclaves industriales","robots":{"index":"index","follow":"follow","max-snippet":"max-snippet:-1","max-image-preview":"max-image-preview:large","max-video-preview":"max-video-preview:-1"},"canonical":"https:\/\/www.escarre.com\/es\/maquinaria\/tecnomix\/","og_locale":"es_ES","og_type":"article","og_title":"TecnoMix - Preparaci\u00f3n de disoluciones para m\u00e1quinas de tintorer\u00eda industrial","og_description":"TecnoMix es la cocina de colores de EAS para la preparaci\u00f3n y env\u00edo de colorantes para m\u00e1quinas de te\u00f1ido industrial como jets, jiggers y autoclaves industriales","og_url":"https:\/\/www.escarre.com\/es\/maquinaria\/tecnomix\/","og_site_name":"Escarre","article_modified_time":"2025-10-27T09:26:51+00:00","og_image":[{"url":"https:\/\/www.escarre.com\/wp-content\/uploads\/2041_01.png","width":1,"height":1,"type":"image\/png"}],"twitter_card":"summary_large_image","twitter_misc":{"Tiempo de lectura":"1 minuto"},"schema":{"@context":"https:\/\/schema.org","@graph":[{"@type":"WebPage","@id":"https:\/\/www.escarre.com\/es\/maquinaria\/tecnomix\/","url":"https:\/\/www.escarre.com\/es\/maquinaria\/tecnomix\/","name":"TecnoMix - Preparaci\u00f3n de disoluciones para m\u00e1quinas de tintorer\u00eda industrial","isPartOf":{"@id":"https:\/\/www.escarre.com\/es\/#website"},"primaryImageOfPage":{"@id":"https:\/\/www.escarre.com\/es\/maquinaria\/tecnomix\/#primaryimage"},"image":{"@id":"https:\/\/www.escarre.com\/es\/maquinaria\/tecnomix\/#primaryimage"},"thumbnailUrl":"https:\/\/www.escarre.com\/wp-content\/uploads\/2041_01.png","datePublished":"2023-06-08T08:37:06+00:00","dateModified":"2025-10-27T09:26:51+00:00","description":"TecnoMix es la cocina de colores de EAS para la preparaci\u00f3n y env\u00edo de colorantes para m\u00e1quinas de te\u00f1ido industrial como jets, jiggers y autoclaves industriales","breadcrumb":{"@id":"https:\/\/www.escarre.com\/es\/maquinaria\/tecnomix\/#breadcrumb"},"inLanguage":"es","potentialAction":[{"@type":"ReadAction","target":["https:\/\/www.escarre.com\/es\/maquinaria\/tecnomix\/"]}]},{"@type":"ImageObject","inLanguage":"es","@id":"https:\/\/www.escarre.com\/es\/maquinaria\/tecnomix\/#primaryimage","url":"https:\/\/www.escarre.com\/wp-content\/uploads\/2041_01.png","contentUrl":"https:\/\/www.escarre.com\/wp-content\/uploads\/2041_01.png"},{"@type":"BreadcrumbList","@id":"https:\/\/www.escarre.com\/es\/maquinaria\/tecnomix\/#breadcrumb","itemListElement":[{"@type":"ListItem","position":1,"name":"Portada","item":"https:\/\/www.escarre.com\/es\/"},{"@type":"ListItem","position":2,"name":"Maquinaria","item":"https:\/\/www.escarre.com\/es\/?page_id=941"},{"@type":"ListItem","position":3,"name":"TecnoMix"}]},{"@type":"WebSite","@id":"https:\/\/www.escarre.com\/es\/#website","url":"https:\/\/www.escarre.com\/es\/","name":"Escarre","description":"","publisher":{"@id":"https:\/\/www.escarre.com\/es\/#organization"},"potentialAction":[{"@type":"SearchAction","target":{"@type":"EntryPoint","urlTemplate":"https:\/\/www.escarre.com\/es\/?s={search_term_string}"},"query-input":{"@type":"PropertyValueSpecification","valueRequired":true,"valueName":"search_term_string"}}],"inLanguage":"es"},{"@type":"Organization","@id":"https:\/\/www.escarre.com\/es\/#organization","name":"Escarre","url":"https:\/\/www.escarre.com\/es\/","logo":{"@type":"ImageObject","inLanguage":"es","@id":"https:\/\/www.escarre.com\/es\/#\/schema\/logo\/image\/","url":"https:\/\/www.escarre.com\/wp-content\/uploads\/logo-eas-1.png","contentUrl":"https:\/\/www.escarre.com\/wp-content\/uploads\/logo-eas-1.png","width":700,"height":125,"caption":"Escarre"},"image":{"@id":"https:\/\/www.escarre.com\/es\/#\/schema\/logo\/image\/"}}]}},"_links":{"self":[{"href":"https:\/\/www.escarre.com\/es\/wp-json\/wp\/v2\/pages\/949","targetHints":{"allow":["GET"]}}],"collection":[{"href":"https:\/\/www.escarre.com\/es\/wp-json\/wp\/v2\/pages"}],"about":[{"href":"https:\/\/www.escarre.com\/es\/wp-json\/wp\/v2\/types\/page"}],"author":[{"embeddable":true,"href":"https:\/\/www.escarre.com\/es\/wp-json\/wp\/v2\/users\/1"}],"replies":[{"embeddable":true,"href":"https:\/\/www.escarre.com\/es\/wp-json\/wp\/v2\/comments?post=949"}],"version-history":[{"count":16,"href":"https:\/\/www.escarre.com\/es\/wp-json\/wp\/v2\/pages\/949\/revisions"}],"predecessor-version":[{"id":7622,"href":"https:\/\/www.escarre.com\/es\/wp-json\/wp\/v2\/pages\/949\/revisions\/7622"}],"up":[{"embeddable":true,"href":"https:\/\/www.escarre.com\/es\/wp-json\/wp\/v2\/pages\/941"}],"wp:featuredmedia":[{"embeddable":true,"href":"https:\/\/www.escarre.com\/es\/wp-json\/wp\/v2\/media\/7609"}],"wp:attachment":[{"href":"https:\/\/www.escarre.com\/es\/wp-json\/wp\/v2\/media?parent=949"}],"wp:term":[{"taxonomy":"color","embeddable":true,"href":"https:\/\/www.escarre.com\/es\/wp-json\/wp\/v2\/color?post=949"}],"curies":[{"name":"wp","href":"https:\/\/api.w.org\/{rel}","templated":true}]}}