{"id":951,"date":"2023-06-08T08:37:30","date_gmt":"2023-06-08T08:37:30","guid":{"rendered":"https:\/\/www.escarre.com\/?page_id=951"},"modified":"2023-09-08T08:24:20","modified_gmt":"2023-09-08T08:24:20","slug":"tecnosal","status":"publish","type":"page","link":"https:\/\/www.escarre.com\/es\/maquinaria\/tecnosal\/","title":{"rendered":"TecnoSal"},"content":{"rendered":"\n<p>TecnoSal es la soluci\u00f3n definitiva para la preparaci\u00f3n de salmuera y disoluciones de productos en polvo a gran escala, dise\u00f1ada espec\u00edficamente para satisfacer las necesidades de la industria textil. Nuestra tecnolog\u00eda innovadora permite la obtenci\u00f3n de disoluciones l\u00edquidas estables, listas para su uso o almacenamiento. Descubre c\u00f3mo TecnoSal puede revolucionar tus procesos de producci\u00f3n y mejorar la eficiencia de tu empresa.<\/p>\n","protected":false},"excerpt":{"rendered":"<p>TecnoSal es la soluci\u00f3n definitiva para la preparaci\u00f3n de salmuera y disoluciones de productos en polvo a gran escala, dise\u00f1ada espec\u00edficamente para satisfacer las necesidades de la industria textil. Nuestra &hellip;<\/p>\n","protected":false},"author":1,"featured_media":1523,"parent":941,"menu_order":3,"comment_status":"closed","ping_status":"closed","template":"page-templates\/page-with-header-section-2.php","meta":{"_acf_changed":false,"footnotes":""},"color":[9],"class_list":["post-951","page","type-page","status-publish","has-post-thumbnail","hentry","color-blue"],"acf":[],"yoast_head":"<!-- This site is optimized with the Yoast SEO plugin v26.7 - https:\/\/yoast.com\/wordpress\/plugins\/seo\/ -->\n<title>TecnoSal - Preparaci\u00f3n de salmuera para m\u00e1quinas de tintura textil<\/title>\n<meta name=\"description\" content=\"TecnoSal, el sistema para la preparaci\u00f3n de salmuera y productos en polvo para m\u00e1quinas de tintura textiles. Consigue disoluciones l\u00edquidas \u00a1Desc\u00fabrelo!\" \/>\n<meta name=\"robots\" content=\"index, follow, max-snippet:-1, max-image-preview:large, max-video-preview:-1\" \/>\n<link rel=\"canonical\" href=\"https:\/\/www.escarre.com\/es\/maquinaria\/tecnosal\/\" \/>\n<meta property=\"og:locale\" content=\"es_ES\" \/>\n<meta property=\"og:type\" content=\"article\" \/>\n<meta property=\"og:title\" content=\"TecnoSal - Preparaci\u00f3n de salmuera para m\u00e1quinas de tintura textil\" \/>\n<meta property=\"og:description\" content=\"TecnoSal, el sistema para la preparaci\u00f3n de salmuera y productos en polvo para m\u00e1quinas de tintura textiles. Consigue disoluciones l\u00edquidas \u00a1Desc\u00fabrelo!\" \/>\n<meta property=\"og:url\" content=\"https:\/\/www.escarre.com\/es\/maquinaria\/tecnosal\/\" \/>\n<meta property=\"og:site_name\" content=\"Escarre\" \/>\n<meta property=\"article:modified_time\" content=\"2023-09-08T08:24:20+00:00\" \/>\n<meta property=\"og:image\" content=\"https:\/\/www.escarre.com\/wp-content\/uploads\/tecnosal-1.jpg\" \/>\n\t<meta property=\"og:image:width\" content=\"960\" \/>\n\t<meta property=\"og:image:height\" content=\"600\" \/>\n\t<meta property=\"og:image:type\" content=\"image\/jpeg\" \/>\n<meta name=\"twitter:card\" content=\"summary_large_image\" \/>\n<meta name=\"twitter:label1\" content=\"Tiempo de lectura\" \/>\n\t<meta name=\"twitter:data1\" content=\"1 minuto\" \/>\n<script type=\"application\/ld+json\" class=\"yoast-schema-graph\">{\"@context\":\"https:\/\/schema.org\",\"@graph\":[{\"@type\":\"WebPage\",\"@id\":\"https:\/\/www.escarre.com\/es\/maquinaria\/tecnosal\/\",\"url\":\"https:\/\/www.escarre.com\/es\/maquinaria\/tecnosal\/\",\"name\":\"TecnoSal - Preparaci\u00f3n de salmuera para m\u00e1quinas de tintura textil\",\"isPartOf\":{\"@id\":\"https:\/\/www.escarre.com\/es\/#website\"},\"primaryImageOfPage\":{\"@id\":\"https:\/\/www.escarre.com\/es\/maquinaria\/tecnosal\/#primaryimage\"},\"image\":{\"@id\":\"https:\/\/www.escarre.com\/es\/maquinaria\/tecnosal\/#primaryimage\"},\"thumbnailUrl\":\"https:\/\/www.escarre.com\/wp-content\/uploads\/tecnosal-1.jpg\",\"datePublished\":\"2023-06-08T08:37:30+00:00\",\"dateModified\":\"2023-09-08T08:24:20+00:00\",\"description\":\"TecnoSal, el sistema para la preparaci\u00f3n de salmuera y productos en polvo para m\u00e1quinas de tintura textiles. Consigue disoluciones l\u00edquidas \u00a1Desc\u00fabrelo!\",\"breadcrumb\":{\"@id\":\"https:\/\/www.escarre.com\/es\/maquinaria\/tecnosal\/#breadcrumb\"},\"inLanguage\":\"es\",\"potentialAction\":[{\"@type\":\"ReadAction\",\"target\":[\"https:\/\/www.escarre.com\/es\/maquinaria\/tecnosal\/\"]}]},{\"@type\":\"ImageObject\",\"inLanguage\":\"es\",\"@id\":\"https:\/\/www.escarre.com\/es\/maquinaria\/tecnosal\/#primaryimage\",\"url\":\"https:\/\/www.escarre.com\/wp-content\/uploads\/tecnosal-1.jpg\",\"contentUrl\":\"https:\/\/www.escarre.com\/wp-content\/uploads\/tecnosal-1.jpg\",\"width\":960,\"height\":600},{\"@type\":\"BreadcrumbList\",\"@id\":\"https:\/\/www.escarre.com\/es\/maquinaria\/tecnosal\/#breadcrumb\",\"itemListElement\":[{\"@type\":\"ListItem\",\"position\":1,\"name\":\"Portada\",\"item\":\"https:\/\/www.escarre.com\/es\/\"},{\"@type\":\"ListItem\",\"position\":2,\"name\":\"Maquinaria\",\"item\":\"https:\/\/www.escarre.com\/es\/?page_id=941\"},{\"@type\":\"ListItem\",\"position\":3,\"name\":\"TecnoSal\"}]},{\"@type\":\"WebSite\",\"@id\":\"https:\/\/www.escarre.com\/es\/#website\",\"url\":\"https:\/\/www.escarre.com\/es\/\",\"name\":\"Escarre\",\"description\":\"\",\"publisher\":{\"@id\":\"https:\/\/www.escarre.com\/es\/#organization\"},\"potentialAction\":[{\"@type\":\"SearchAction\",\"target\":{\"@type\":\"EntryPoint\",\"urlTemplate\":\"https:\/\/www.escarre.com\/es\/?s={search_term_string}\"},\"query-input\":{\"@type\":\"PropertyValueSpecification\",\"valueRequired\":true,\"valueName\":\"search_term_string\"}}],\"inLanguage\":\"es\"},{\"@type\":\"Organization\",\"@id\":\"https:\/\/www.escarre.com\/es\/#organization\",\"name\":\"Escarre\",\"url\":\"https:\/\/www.escarre.com\/es\/\",\"logo\":{\"@type\":\"ImageObject\",\"inLanguage\":\"es\",\"@id\":\"https:\/\/www.escarre.com\/es\/#\/schema\/logo\/image\/\",\"url\":\"https:\/\/www.escarre.com\/wp-content\/uploads\/logo-eas-1.png\",\"contentUrl\":\"https:\/\/www.escarre.com\/wp-content\/uploads\/logo-eas-1.png\",\"width\":700,\"height\":125,\"caption\":\"Escarre\"},\"image\":{\"@id\":\"https:\/\/www.escarre.com\/es\/#\/schema\/logo\/image\/\"}}]}<\/script>\n<!-- \/ Yoast SEO plugin. -->","yoast_head_json":{"title":"TecnoSal - Preparaci\u00f3n de salmuera para m\u00e1quinas de tintura textil","description":"TecnoSal, el sistema para la preparaci\u00f3n de salmuera y productos en polvo para m\u00e1quinas de tintura textiles. Consigue disoluciones l\u00edquidas \u00a1Desc\u00fabrelo!","robots":{"index":"index","follow":"follow","max-snippet":"max-snippet:-1","max-image-preview":"max-image-preview:large","max-video-preview":"max-video-preview:-1"},"canonical":"https:\/\/www.escarre.com\/es\/maquinaria\/tecnosal\/","og_locale":"es_ES","og_type":"article","og_title":"TecnoSal - Preparaci\u00f3n de salmuera para m\u00e1quinas de tintura textil","og_description":"TecnoSal, el sistema para la preparaci\u00f3n de salmuera y productos en polvo para m\u00e1quinas de tintura textiles. Consigue disoluciones l\u00edquidas \u00a1Desc\u00fabrelo!","og_url":"https:\/\/www.escarre.com\/es\/maquinaria\/tecnosal\/","og_site_name":"Escarre","article_modified_time":"2023-09-08T08:24:20+00:00","og_image":[{"width":960,"height":600,"url":"https:\/\/www.escarre.com\/wp-content\/uploads\/tecnosal-1.jpg","type":"image\/jpeg"}],"twitter_card":"summary_large_image","twitter_misc":{"Tiempo de lectura":"1 minuto"},"schema":{"@context":"https:\/\/schema.org","@graph":[{"@type":"WebPage","@id":"https:\/\/www.escarre.com\/es\/maquinaria\/tecnosal\/","url":"https:\/\/www.escarre.com\/es\/maquinaria\/tecnosal\/","name":"TecnoSal - Preparaci\u00f3n de salmuera para m\u00e1quinas de tintura textil","isPartOf":{"@id":"https:\/\/www.escarre.com\/es\/#website"},"primaryImageOfPage":{"@id":"https:\/\/www.escarre.com\/es\/maquinaria\/tecnosal\/#primaryimage"},"image":{"@id":"https:\/\/www.escarre.com\/es\/maquinaria\/tecnosal\/#primaryimage"},"thumbnailUrl":"https:\/\/www.escarre.com\/wp-content\/uploads\/tecnosal-1.jpg","datePublished":"2023-06-08T08:37:30+00:00","dateModified":"2023-09-08T08:24:20+00:00","description":"TecnoSal, el sistema para la preparaci\u00f3n de salmuera y productos en polvo para m\u00e1quinas de tintura textiles. Consigue disoluciones l\u00edquidas \u00a1Desc\u00fabrelo!","breadcrumb":{"@id":"https:\/\/www.escarre.com\/es\/maquinaria\/tecnosal\/#breadcrumb"},"inLanguage":"es","potentialAction":[{"@type":"ReadAction","target":["https:\/\/www.escarre.com\/es\/maquinaria\/tecnosal\/"]}]},{"@type":"ImageObject","inLanguage":"es","@id":"https:\/\/www.escarre.com\/es\/maquinaria\/tecnosal\/#primaryimage","url":"https:\/\/www.escarre.com\/wp-content\/uploads\/tecnosal-1.jpg","contentUrl":"https:\/\/www.escarre.com\/wp-content\/uploads\/tecnosal-1.jpg","width":960,"height":600},{"@type":"BreadcrumbList","@id":"https:\/\/www.escarre.com\/es\/maquinaria\/tecnosal\/#breadcrumb","itemListElement":[{"@type":"ListItem","position":1,"name":"Portada","item":"https:\/\/www.escarre.com\/es\/"},{"@type":"ListItem","position":2,"name":"Maquinaria","item":"https:\/\/www.escarre.com\/es\/?page_id=941"},{"@type":"ListItem","position":3,"name":"TecnoSal"}]},{"@type":"WebSite","@id":"https:\/\/www.escarre.com\/es\/#website","url":"https:\/\/www.escarre.com\/es\/","name":"Escarre","description":"","publisher":{"@id":"https:\/\/www.escarre.com\/es\/#organization"},"potentialAction":[{"@type":"SearchAction","target":{"@type":"EntryPoint","urlTemplate":"https:\/\/www.escarre.com\/es\/?s={search_term_string}"},"query-input":{"@type":"PropertyValueSpecification","valueRequired":true,"valueName":"search_term_string"}}],"inLanguage":"es"},{"@type":"Organization","@id":"https:\/\/www.escarre.com\/es\/#organization","name":"Escarre","url":"https:\/\/www.escarre.com\/es\/","logo":{"@type":"ImageObject","inLanguage":"es","@id":"https:\/\/www.escarre.com\/es\/#\/schema\/logo\/image\/","url":"https:\/\/www.escarre.com\/wp-content\/uploads\/logo-eas-1.png","contentUrl":"https:\/\/www.escarre.com\/wp-content\/uploads\/logo-eas-1.png","width":700,"height":125,"caption":"Escarre"},"image":{"@id":"https:\/\/www.escarre.com\/es\/#\/schema\/logo\/image\/"}}]}},"_links":{"self":[{"href":"https:\/\/www.escarre.com\/es\/wp-json\/wp\/v2\/pages\/951","targetHints":{"allow":["GET"]}}],"collection":[{"href":"https:\/\/www.escarre.com\/es\/wp-json\/wp\/v2\/pages"}],"about":[{"href":"https:\/\/www.escarre.com\/es\/wp-json\/wp\/v2\/types\/page"}],"author":[{"embeddable":true,"href":"https:\/\/www.escarre.com\/es\/wp-json\/wp\/v2\/users\/1"}],"replies":[{"embeddable":true,"href":"https:\/\/www.escarre.com\/es\/wp-json\/wp\/v2\/comments?post=951"}],"version-history":[{"count":13,"href":"https:\/\/www.escarre.com\/es\/wp-json\/wp\/v2\/pages\/951\/revisions"}],"predecessor-version":[{"id":6829,"href":"https:\/\/www.escarre.com\/es\/wp-json\/wp\/v2\/pages\/951\/revisions\/6829"}],"up":[{"embeddable":true,"href":"https:\/\/www.escarre.com\/es\/wp-json\/wp\/v2\/pages\/941"}],"wp:featuredmedia":[{"embeddable":true,"href":"https:\/\/www.escarre.com\/es\/wp-json\/wp\/v2\/media\/1523"}],"wp:attachment":[{"href":"https:\/\/www.escarre.com\/es\/wp-json\/wp\/v2\/media?parent=951"}],"wp:term":[{"taxonomy":"color","embeddable":true,"href":"https:\/\/www.escarre.com\/es\/wp-json\/wp\/v2\/color?post=951"}],"curies":[{"name":"wp","href":"https:\/\/api.w.org\/{rel}","templated":true}]}}