{"id":3112,"date":"2022-03-31T07:48:04","date_gmt":"2022-03-31T07:48:04","guid":{"rendered":"https:\/\/www.escarre.com\/pagina-principal\/"},"modified":"2025-06-25T13:43:25","modified_gmt":"2025-06-25T13:43:25","slug":"pagina-principal","status":"publish","type":"page","link":"https:\/\/www.escarre.com\/pt-pt\/","title":{"rendered":"EAS, solu\u00e7\u00f5es de automa\u00e7\u00e3o da ind\u00fastria t\u00eaxtil"},"content":{"rendered":"\n<p class=\"p1\">EAS, solu\u00e7\u00f5es de automa\u00e7\u00e3o da ind\u00fastria t\u00eaxtil<\/p>\n<p class=\"p1\">Especialistas no desenvolvimento de software, hardware e m\u00e1quinas para a produ\u00e7\u00e3o t\u00eaxtil.<\/p>\n","protected":false},"excerpt":{"rendered":"<p>EAS, solu\u00e7\u00f5es de automa\u00e7\u00e3o da ind\u00fastria t\u00eaxtil Especialistas no desenvolvimento de software, hardware e m\u00e1quinas para a produ\u00e7\u00e3o t\u00eaxtil.<\/p>\n","protected":false},"author":1,"featured_media":0,"parent":0,"menu_order":0,"comment_status":"closed","ping_status":"closed","template":"page-templates\/page-home.php","meta":{"_acf_changed":false,"footnotes":""},"color":[],"class_list":["post-3112","page","type-page","status-publish","hentry"],"acf":[],"yoast_head":"<!-- This site is optimized with the Yoast SEO plugin v26.7 - https:\/\/yoast.com\/wordpress\/plugins\/seo\/ -->\n<title>EAS, solu\u00e7\u00f5es de automa\u00e7\u00e3o da ind\u00fastria t\u00eaxtil<\/title>\n<meta name=\"description\" content=\"Automatizamos f\u00e1bricas t\u00eaxteis para obter uma produ\u00e7\u00e3o mais eficiente. Tecnologia 4.0 para a ind\u00fastria t\u00eaxtil. D\u00ea um novo impulso ao seu neg\u00f3cio. Vamos come\u00e7ar?\" \/>\n<meta name=\"robots\" content=\"index, follow, max-snippet:-1, max-image-preview:large, max-video-preview:-1\" \/>\n<link rel=\"canonical\" href=\"https:\/\/www.escarre.com\/pt-pt\/\" \/>\n<meta property=\"og:locale\" content=\"pt_PT\" \/>\n<meta property=\"og:type\" content=\"article\" \/>\n<meta property=\"og:title\" content=\"EAS, solu\u00e7\u00f5es de automa\u00e7\u00e3o da ind\u00fastria t\u00eaxtil\" \/>\n<meta property=\"og:description\" content=\"Automatizamos f\u00e1bricas t\u00eaxteis para obter uma produ\u00e7\u00e3o mais eficiente. Tecnologia 4.0 para a ind\u00fastria t\u00eaxtil. D\u00ea um novo impulso ao seu neg\u00f3cio. Vamos come\u00e7ar?\" \/>\n<meta property=\"og:url\" content=\"https:\/\/www.escarre.com\/pt-pt\/\" \/>\n<meta property=\"og:site_name\" content=\"Escarre\" \/>\n<meta property=\"article:modified_time\" content=\"2025-06-25T13:43:25+00:00\" \/>\n<meta name=\"twitter:card\" content=\"summary_large_image\" \/>\n<meta name=\"twitter:label1\" content=\"Tempo estimado de leitura\" \/>\n\t<meta name=\"twitter:data1\" content=\"1 minuto\" \/>\n<script type=\"application\/ld+json\" class=\"yoast-schema-graph\">{\"@context\":\"https:\/\/schema.org\",\"@graph\":[{\"@type\":\"WebPage\",\"@id\":\"https:\/\/www.escarre.com\/pt-pt\/\",\"url\":\"https:\/\/www.escarre.com\/pt-pt\/\",\"name\":\"EAS, solu\u00e7\u00f5es de automa\u00e7\u00e3o da ind\u00fastria t\u00eaxtil\",\"isPartOf\":{\"@id\":\"https:\/\/www.escarre.com\/pt-pt\/#website\"},\"datePublished\":\"2022-03-31T07:48:04+00:00\",\"dateModified\":\"2025-06-25T13:43:25+00:00\",\"description\":\"Automatizamos f\u00e1bricas t\u00eaxteis para obter uma produ\u00e7\u00e3o mais eficiente. Tecnologia 4.0 para a ind\u00fastria t\u00eaxtil. D\u00ea um novo impulso ao seu neg\u00f3cio. Vamos come\u00e7ar?\",\"breadcrumb\":{\"@id\":\"https:\/\/www.escarre.com\/pt-pt\/#breadcrumb\"},\"inLanguage\":\"pt-PT\",\"potentialAction\":[{\"@type\":\"ReadAction\",\"target\":[\"https:\/\/www.escarre.com\/pt-pt\/\"]}]},{\"@type\":\"BreadcrumbList\",\"@id\":\"https:\/\/www.escarre.com\/pt-pt\/#breadcrumb\",\"itemListElement\":[{\"@type\":\"ListItem\",\"position\":1,\"name\":\"Portada\",\"item\":\"https:\/\/www.escarre.com\/pt-pt\/\"},{\"@type\":\"ListItem\",\"position\":2,\"name\":\"EAS, solu\u00e7\u00f5es de automa\u00e7\u00e3o da ind\u00fastria t\u00eaxtil\"}]},{\"@type\":\"WebSite\",\"@id\":\"https:\/\/www.escarre.com\/pt-pt\/#website\",\"url\":\"https:\/\/www.escarre.com\/pt-pt\/\",\"name\":\"Escarre\",\"description\":\"\",\"publisher\":{\"@id\":\"https:\/\/www.escarre.com\/pt-pt\/#organization\"},\"potentialAction\":[{\"@type\":\"SearchAction\",\"target\":{\"@type\":\"EntryPoint\",\"urlTemplate\":\"https:\/\/www.escarre.com\/pt-pt\/?s={search_term_string}\"},\"query-input\":{\"@type\":\"PropertyValueSpecification\",\"valueRequired\":true,\"valueName\":\"search_term_string\"}}],\"inLanguage\":\"pt-PT\"},{\"@type\":\"Organization\",\"@id\":\"https:\/\/www.escarre.com\/pt-pt\/#organization\",\"name\":\"Escarre\",\"url\":\"https:\/\/www.escarre.com\/pt-pt\/\",\"logo\":{\"@type\":\"ImageObject\",\"inLanguage\":\"pt-PT\",\"@id\":\"https:\/\/www.escarre.com\/pt-pt\/#\/schema\/logo\/image\/\",\"url\":\"https:\/\/www.escarre.com\/wp-content\/uploads\/logo-eas-1.png\",\"contentUrl\":\"https:\/\/www.escarre.com\/wp-content\/uploads\/logo-eas-1.png\",\"width\":700,\"height\":125,\"caption\":\"Escarre\"},\"image\":{\"@id\":\"https:\/\/www.escarre.com\/pt-pt\/#\/schema\/logo\/image\/\"}}]}<\/script>\n<!-- \/ Yoast SEO plugin. -->","yoast_head_json":{"title":"EAS, solu\u00e7\u00f5es de automa\u00e7\u00e3o da ind\u00fastria t\u00eaxtil","description":"Automatizamos f\u00e1bricas t\u00eaxteis para obter uma produ\u00e7\u00e3o mais eficiente. Tecnologia 4.0 para a ind\u00fastria t\u00eaxtil. D\u00ea um novo impulso ao seu neg\u00f3cio. Vamos come\u00e7ar?","robots":{"index":"index","follow":"follow","max-snippet":"max-snippet:-1","max-image-preview":"max-image-preview:large","max-video-preview":"max-video-preview:-1"},"canonical":"https:\/\/www.escarre.com\/pt-pt\/","og_locale":"pt_PT","og_type":"article","og_title":"EAS, solu\u00e7\u00f5es de automa\u00e7\u00e3o da ind\u00fastria t\u00eaxtil","og_description":"Automatizamos f\u00e1bricas t\u00eaxteis para obter uma produ\u00e7\u00e3o mais eficiente. Tecnologia 4.0 para a ind\u00fastria t\u00eaxtil. D\u00ea um novo impulso ao seu neg\u00f3cio. Vamos come\u00e7ar?","og_url":"https:\/\/www.escarre.com\/pt-pt\/","og_site_name":"Escarre","article_modified_time":"2025-06-25T13:43:25+00:00","twitter_card":"summary_large_image","twitter_misc":{"Tempo estimado de leitura":"1 minuto"},"schema":{"@context":"https:\/\/schema.org","@graph":[{"@type":"WebPage","@id":"https:\/\/www.escarre.com\/pt-pt\/","url":"https:\/\/www.escarre.com\/pt-pt\/","name":"EAS, solu\u00e7\u00f5es de automa\u00e7\u00e3o da ind\u00fastria t\u00eaxtil","isPartOf":{"@id":"https:\/\/www.escarre.com\/pt-pt\/#website"},"datePublished":"2022-03-31T07:48:04+00:00","dateModified":"2025-06-25T13:43:25+00:00","description":"Automatizamos f\u00e1bricas t\u00eaxteis para obter uma produ\u00e7\u00e3o mais eficiente. Tecnologia 4.0 para a ind\u00fastria t\u00eaxtil. D\u00ea um novo impulso ao seu neg\u00f3cio. Vamos come\u00e7ar?","breadcrumb":{"@id":"https:\/\/www.escarre.com\/pt-pt\/#breadcrumb"},"inLanguage":"pt-PT","potentialAction":[{"@type":"ReadAction","target":["https:\/\/www.escarre.com\/pt-pt\/"]}]},{"@type":"BreadcrumbList","@id":"https:\/\/www.escarre.com\/pt-pt\/#breadcrumb","itemListElement":[{"@type":"ListItem","position":1,"name":"Portada","item":"https:\/\/www.escarre.com\/pt-pt\/"},{"@type":"ListItem","position":2,"name":"EAS, solu\u00e7\u00f5es de automa\u00e7\u00e3o da ind\u00fastria t\u00eaxtil"}]},{"@type":"WebSite","@id":"https:\/\/www.escarre.com\/pt-pt\/#website","url":"https:\/\/www.escarre.com\/pt-pt\/","name":"Escarre","description":"","publisher":{"@id":"https:\/\/www.escarre.com\/pt-pt\/#organization"},"potentialAction":[{"@type":"SearchAction","target":{"@type":"EntryPoint","urlTemplate":"https:\/\/www.escarre.com\/pt-pt\/?s={search_term_string}"},"query-input":{"@type":"PropertyValueSpecification","valueRequired":true,"valueName":"search_term_string"}}],"inLanguage":"pt-PT"},{"@type":"Organization","@id":"https:\/\/www.escarre.com\/pt-pt\/#organization","name":"Escarre","url":"https:\/\/www.escarre.com\/pt-pt\/","logo":{"@type":"ImageObject","inLanguage":"pt-PT","@id":"https:\/\/www.escarre.com\/pt-pt\/#\/schema\/logo\/image\/","url":"https:\/\/www.escarre.com\/wp-content\/uploads\/logo-eas-1.png","contentUrl":"https:\/\/www.escarre.com\/wp-content\/uploads\/logo-eas-1.png","width":700,"height":125,"caption":"Escarre"},"image":{"@id":"https:\/\/www.escarre.com\/pt-pt\/#\/schema\/logo\/image\/"}}]}},"_links":{"self":[{"href":"https:\/\/www.escarre.com\/pt-pt\/wp-json\/wp\/v2\/pages\/3112","targetHints":{"allow":["GET"]}}],"collection":[{"href":"https:\/\/www.escarre.com\/pt-pt\/wp-json\/wp\/v2\/pages"}],"about":[{"href":"https:\/\/www.escarre.com\/pt-pt\/wp-json\/wp\/v2\/types\/page"}],"author":[{"embeddable":true,"href":"https:\/\/www.escarre.com\/pt-pt\/wp-json\/wp\/v2\/users\/1"}],"replies":[{"embeddable":true,"href":"https:\/\/www.escarre.com\/pt-pt\/wp-json\/wp\/v2\/comments?post=3112"}],"version-history":[{"count":13,"href":"https:\/\/www.escarre.com\/pt-pt\/wp-json\/wp\/v2\/pages\/3112\/revisions"}],"predecessor-version":[{"id":7142,"href":"https:\/\/www.escarre.com\/pt-pt\/wp-json\/wp\/v2\/pages\/3112\/revisions\/7142"}],"wp:attachment":[{"href":"https:\/\/www.escarre.com\/pt-pt\/wp-json\/wp\/v2\/media?parent=3112"}],"wp:term":[{"taxonomy":"color","embeddable":true,"href":"https:\/\/www.escarre.com\/pt-pt\/wp-json\/wp\/v2\/color?post=3112"}],"curies":[{"name":"wp","href":"https:\/\/api.w.org\/{rel}","templated":true}]}}