{"id":3136,"date":"2023-06-06T14:15:23","date_gmt":"2023-06-06T14:15:23","guid":{"rendered":"https:\/\/www.escarre.com\/software\/"},"modified":"2023-09-05T07:16:45","modified_gmt":"2023-09-05T07:16:45","slug":"software","status":"publish","type":"page","link":"https:\/\/www.escarre.com\/pt-pt\/software\/","title":{"rendered":"Software"},"content":{"rendered":"\n<p class=\"title-1\">Otimize sua produ\u00e7\u00e3o com o melhor software de gerenciamento especializado no setor t\u00eaxtil.<\/p>\n<p>Desenvolvemos programas de gest\u00e3o espec\u00edficos pensando nas necessidades da f\u00e1brica t\u00eaxtil. Um sistema modular, compat\u00edvel com a maioria das m\u00e1quinas e produtos do mercado, para obter o m\u00e1ximo rendimento da f\u00e1brica t\u00eaxtil.<\/p>\n","protected":false},"excerpt":{"rendered":"<p>Otimize sua produ\u00e7\u00e3o com o melhor software de gerenciamento especializado no setor t\u00eaxtil. Desenvolvemos programas de gest\u00e3o espec\u00edficos pensando nas necessidades da f\u00e1brica t\u00eaxtil. Um sistema modular, compat\u00edvel com a &hellip;<\/p>\n","protected":false},"author":1,"featured_media":3548,"parent":0,"menu_order":0,"comment_status":"closed","ping_status":"closed","template":"page-templates\/page-with-header.php","meta":{"_acf_changed":false,"footnotes":""},"color":[9],"class_list":["post-3136","page","type-page","status-publish","has-post-thumbnail","hentry","color-blue"],"acf":[],"yoast_head":"<!-- This site is optimized with the Yoast SEO plugin v26.7 - https:\/\/yoast.com\/wordpress\/plugins\/seo\/ -->\n<title>EAS | Software de produ\u00e7\u00e3o especializado no setor t\u00eaxtil.<\/title>\n<meta name=\"description\" content=\"Um sistema ERP modular, compat\u00edvel com a maioria das m\u00e1quinas e produtos do mercado, para obter o m\u00e1ximo de sua f\u00e1brica t\u00eaxtil.\" \/>\n<meta name=\"robots\" content=\"index, follow, max-snippet:-1, max-image-preview:large, max-video-preview:-1\" \/>\n<link rel=\"canonical\" href=\"https:\/\/www.escarre.com\/pt-pt\/software\/\" \/>\n<meta property=\"og:locale\" content=\"pt_PT\" \/>\n<meta property=\"og:type\" content=\"article\" \/>\n<meta property=\"og:title\" content=\"EAS | Software de produ\u00e7\u00e3o especializado no setor t\u00eaxtil.\" \/>\n<meta property=\"og:description\" content=\"Um sistema ERP modular, compat\u00edvel com a maioria das m\u00e1quinas e produtos do mercado, para obter o m\u00e1ximo de sua f\u00e1brica t\u00eaxtil.\" \/>\n<meta property=\"og:url\" content=\"https:\/\/www.escarre.com\/pt-pt\/software\/\" \/>\n<meta property=\"og:site_name\" content=\"Escarre\" \/>\n<meta property=\"article:modified_time\" content=\"2023-09-05T07:16:45+00:00\" \/>\n<meta property=\"og:image\" content=\"https:\/\/www.escarre.com\/wp-content\/uploads\/software2.jpg\" \/>\n\t<meta property=\"og:image:width\" content=\"960\" \/>\n\t<meta property=\"og:image:height\" content=\"600\" \/>\n\t<meta property=\"og:image:type\" content=\"image\/jpeg\" \/>\n<meta name=\"twitter:card\" content=\"summary_large_image\" \/>\n<meta name=\"twitter:label1\" content=\"Tempo estimado de leitura\" \/>\n\t<meta name=\"twitter:data1\" content=\"1 minuto\" \/>\n<script type=\"application\/ld+json\" class=\"yoast-schema-graph\">{\"@context\":\"https:\/\/schema.org\",\"@graph\":[{\"@type\":\"WebPage\",\"@id\":\"https:\/\/www.escarre.com\/pt-pt\/software\/\",\"url\":\"https:\/\/www.escarre.com\/pt-pt\/software\/\",\"name\":\"EAS | Software de produ\u00e7\u00e3o especializado no setor t\u00eaxtil.\",\"isPartOf\":{\"@id\":\"https:\/\/www.escarre.com\/pt-pt\/#website\"},\"primaryImageOfPage\":{\"@id\":\"https:\/\/www.escarre.com\/pt-pt\/software\/#primaryimage\"},\"image\":{\"@id\":\"https:\/\/www.escarre.com\/pt-pt\/software\/#primaryimage\"},\"thumbnailUrl\":\"https:\/\/www.escarre.com\/wp-content\/uploads\/software2.jpg\",\"datePublished\":\"2023-06-06T14:15:23+00:00\",\"dateModified\":\"2023-09-05T07:16:45+00:00\",\"description\":\"Um sistema ERP modular, compat\u00edvel com a maioria das m\u00e1quinas e produtos do mercado, para obter o m\u00e1ximo de sua f\u00e1brica t\u00eaxtil.\",\"breadcrumb\":{\"@id\":\"https:\/\/www.escarre.com\/pt-pt\/software\/#breadcrumb\"},\"inLanguage\":\"pt-PT\",\"potentialAction\":[{\"@type\":\"ReadAction\",\"target\":[\"https:\/\/www.escarre.com\/pt-pt\/software\/\"]}]},{\"@type\":\"ImageObject\",\"inLanguage\":\"pt-PT\",\"@id\":\"https:\/\/www.escarre.com\/pt-pt\/software\/#primaryimage\",\"url\":\"https:\/\/www.escarre.com\/wp-content\/uploads\/software2.jpg\",\"contentUrl\":\"https:\/\/www.escarre.com\/wp-content\/uploads\/software2.jpg\",\"width\":960,\"height\":600},{\"@type\":\"BreadcrumbList\",\"@id\":\"https:\/\/www.escarre.com\/pt-pt\/software\/#breadcrumb\",\"itemListElement\":[{\"@type\":\"ListItem\",\"position\":1,\"name\":\"Portada\",\"item\":\"https:\/\/www.escarre.com\/pt-pt\/\"},{\"@type\":\"ListItem\",\"position\":2,\"name\":\"Software\"}]},{\"@type\":\"WebSite\",\"@id\":\"https:\/\/www.escarre.com\/pt-pt\/#website\",\"url\":\"https:\/\/www.escarre.com\/pt-pt\/\",\"name\":\"Escarre\",\"description\":\"\",\"publisher\":{\"@id\":\"https:\/\/www.escarre.com\/pt-pt\/#organization\"},\"potentialAction\":[{\"@type\":\"SearchAction\",\"target\":{\"@type\":\"EntryPoint\",\"urlTemplate\":\"https:\/\/www.escarre.com\/pt-pt\/?s={search_term_string}\"},\"query-input\":{\"@type\":\"PropertyValueSpecification\",\"valueRequired\":true,\"valueName\":\"search_term_string\"}}],\"inLanguage\":\"pt-PT\"},{\"@type\":\"Organization\",\"@id\":\"https:\/\/www.escarre.com\/pt-pt\/#organization\",\"name\":\"Escarre\",\"url\":\"https:\/\/www.escarre.com\/pt-pt\/\",\"logo\":{\"@type\":\"ImageObject\",\"inLanguage\":\"pt-PT\",\"@id\":\"https:\/\/www.escarre.com\/pt-pt\/#\/schema\/logo\/image\/\",\"url\":\"https:\/\/www.escarre.com\/wp-content\/uploads\/logo-eas-1.png\",\"contentUrl\":\"https:\/\/www.escarre.com\/wp-content\/uploads\/logo-eas-1.png\",\"width\":700,\"height\":125,\"caption\":\"Escarre\"},\"image\":{\"@id\":\"https:\/\/www.escarre.com\/pt-pt\/#\/schema\/logo\/image\/\"}}]}<\/script>\n<!-- \/ Yoast SEO plugin. -->","yoast_head_json":{"title":"EAS | Software de produ\u00e7\u00e3o especializado no setor t\u00eaxtil.","description":"Um sistema ERP modular, compat\u00edvel com a maioria das m\u00e1quinas e produtos do mercado, para obter o m\u00e1ximo de sua f\u00e1brica t\u00eaxtil.","robots":{"index":"index","follow":"follow","max-snippet":"max-snippet:-1","max-image-preview":"max-image-preview:large","max-video-preview":"max-video-preview:-1"},"canonical":"https:\/\/www.escarre.com\/pt-pt\/software\/","og_locale":"pt_PT","og_type":"article","og_title":"EAS | Software de produ\u00e7\u00e3o especializado no setor t\u00eaxtil.","og_description":"Um sistema ERP modular, compat\u00edvel com a maioria das m\u00e1quinas e produtos do mercado, para obter o m\u00e1ximo de sua f\u00e1brica t\u00eaxtil.","og_url":"https:\/\/www.escarre.com\/pt-pt\/software\/","og_site_name":"Escarre","article_modified_time":"2023-09-05T07:16:45+00:00","og_image":[{"width":960,"height":600,"url":"https:\/\/www.escarre.com\/wp-content\/uploads\/software2.jpg","type":"image\/jpeg"}],"twitter_card":"summary_large_image","twitter_misc":{"Tempo estimado de leitura":"1 minuto"},"schema":{"@context":"https:\/\/schema.org","@graph":[{"@type":"WebPage","@id":"https:\/\/www.escarre.com\/pt-pt\/software\/","url":"https:\/\/www.escarre.com\/pt-pt\/software\/","name":"EAS | Software de produ\u00e7\u00e3o especializado no setor t\u00eaxtil.","isPartOf":{"@id":"https:\/\/www.escarre.com\/pt-pt\/#website"},"primaryImageOfPage":{"@id":"https:\/\/www.escarre.com\/pt-pt\/software\/#primaryimage"},"image":{"@id":"https:\/\/www.escarre.com\/pt-pt\/software\/#primaryimage"},"thumbnailUrl":"https:\/\/www.escarre.com\/wp-content\/uploads\/software2.jpg","datePublished":"2023-06-06T14:15:23+00:00","dateModified":"2023-09-05T07:16:45+00:00","description":"Um sistema ERP modular, compat\u00edvel com a maioria das m\u00e1quinas e produtos do mercado, para obter o m\u00e1ximo de sua f\u00e1brica t\u00eaxtil.","breadcrumb":{"@id":"https:\/\/www.escarre.com\/pt-pt\/software\/#breadcrumb"},"inLanguage":"pt-PT","potentialAction":[{"@type":"ReadAction","target":["https:\/\/www.escarre.com\/pt-pt\/software\/"]}]},{"@type":"ImageObject","inLanguage":"pt-PT","@id":"https:\/\/www.escarre.com\/pt-pt\/software\/#primaryimage","url":"https:\/\/www.escarre.com\/wp-content\/uploads\/software2.jpg","contentUrl":"https:\/\/www.escarre.com\/wp-content\/uploads\/software2.jpg","width":960,"height":600},{"@type":"BreadcrumbList","@id":"https:\/\/www.escarre.com\/pt-pt\/software\/#breadcrumb","itemListElement":[{"@type":"ListItem","position":1,"name":"Portada","item":"https:\/\/www.escarre.com\/pt-pt\/"},{"@type":"ListItem","position":2,"name":"Software"}]},{"@type":"WebSite","@id":"https:\/\/www.escarre.com\/pt-pt\/#website","url":"https:\/\/www.escarre.com\/pt-pt\/","name":"Escarre","description":"","publisher":{"@id":"https:\/\/www.escarre.com\/pt-pt\/#organization"},"potentialAction":[{"@type":"SearchAction","target":{"@type":"EntryPoint","urlTemplate":"https:\/\/www.escarre.com\/pt-pt\/?s={search_term_string}"},"query-input":{"@type":"PropertyValueSpecification","valueRequired":true,"valueName":"search_term_string"}}],"inLanguage":"pt-PT"},{"@type":"Organization","@id":"https:\/\/www.escarre.com\/pt-pt\/#organization","name":"Escarre","url":"https:\/\/www.escarre.com\/pt-pt\/","logo":{"@type":"ImageObject","inLanguage":"pt-PT","@id":"https:\/\/www.escarre.com\/pt-pt\/#\/schema\/logo\/image\/","url":"https:\/\/www.escarre.com\/wp-content\/uploads\/logo-eas-1.png","contentUrl":"https:\/\/www.escarre.com\/wp-content\/uploads\/logo-eas-1.png","width":700,"height":125,"caption":"Escarre"},"image":{"@id":"https:\/\/www.escarre.com\/pt-pt\/#\/schema\/logo\/image\/"}}]}},"_links":{"self":[{"href":"https:\/\/www.escarre.com\/pt-pt\/wp-json\/wp\/v2\/pages\/3136","targetHints":{"allow":["GET"]}}],"collection":[{"href":"https:\/\/www.escarre.com\/pt-pt\/wp-json\/wp\/v2\/pages"}],"about":[{"href":"https:\/\/www.escarre.com\/pt-pt\/wp-json\/wp\/v2\/types\/page"}],"author":[{"embeddable":true,"href":"https:\/\/www.escarre.com\/pt-pt\/wp-json\/wp\/v2\/users\/1"}],"replies":[{"embeddable":true,"href":"https:\/\/www.escarre.com\/pt-pt\/wp-json\/wp\/v2\/comments?post=3136"}],"version-history":[{"count":5,"href":"https:\/\/www.escarre.com\/pt-pt\/wp-json\/wp\/v2\/pages\/3136\/revisions"}],"predecessor-version":[{"id":5751,"href":"https:\/\/www.escarre.com\/pt-pt\/wp-json\/wp\/v2\/pages\/3136\/revisions\/5751"}],"wp:featuredmedia":[{"embeddable":true,"href":"https:\/\/www.escarre.com\/pt-pt\/wp-json\/wp\/v2\/media\/3548"}],"wp:attachment":[{"href":"https:\/\/www.escarre.com\/pt-pt\/wp-json\/wp\/v2\/media?parent=3136"}],"wp:term":[{"taxonomy":"color","embeddable":true,"href":"https:\/\/www.escarre.com\/pt-pt\/wp-json\/wp\/v2\/color?post=3136"}],"curies":[{"name":"wp","href":"https:\/\/api.w.org\/{rel}","templated":true}]}}