{"id":3146,"date":"2023-06-06T14:17:27","date_gmt":"2023-06-06T14:17:27","guid":{"rendered":"https:\/\/www.escarre.com\/software\/texlab\/"},"modified":"2023-09-06T09:44:43","modified_gmt":"2023-09-06T09:44:43","slug":"texlab","status":"publish","type":"page","link":"https:\/\/www.escarre.com\/pt-pt\/software\/texlab\/","title":{"rendered":"TexLab"},"content":{"rendered":"\n<p>Otimizamos a produ\u00e7\u00e3o t\u00eaxtil integrando receitas de laborat\u00f3rio, controle de qualidade e desenvolvimento de cores. Nossa estrat\u00e9gia reduz os erros e ajuda voc\u00ea a economizar nos custos de implementa\u00e7\u00e3o<\/p>\n","protected":false},"excerpt":{"rendered":"<p>Otimizamos a produ\u00e7\u00e3o t\u00eaxtil integrando receitas de laborat\u00f3rio, controle de qualidade e desenvolvimento de cores. Nossa estrat\u00e9gia reduz os erros e ajuda voc\u00ea a economizar nos custos de implementa\u00e7\u00e3o<\/p>\n","protected":false},"author":1,"featured_media":4675,"parent":3136,"menu_order":4,"comment_status":"closed","ping_status":"closed","template":"page-templates\/page-with-header-section-2.php","meta":{"_acf_changed":false,"footnotes":""},"color":[108],"class_list":["post-3146","page","type-page","status-publish","has-post-thumbnail","hentry","color-orange"],"acf":[],"yoast_head":"<!-- This site is optimized with the Yoast SEO plugin v26.7 - https:\/\/yoast.com\/wordpress\/plugins\/seo\/ -->\n<title>TexLab - Software para gest\u00e3o laboratorial em empresas t\u00eaxteis<\/title>\n<meta name=\"description\" content=\"Software de gerenciamento de receitas de laborat\u00f3rio, controle de qualidade e desenvolvimento de cores na fabrica\u00e7\u00e3o t\u00eaxtil. Reduza erros e otimize a produ\u00e7\u00e3o\" \/>\n<meta name=\"robots\" content=\"index, follow, max-snippet:-1, max-image-preview:large, max-video-preview:-1\" \/>\n<link rel=\"canonical\" href=\"https:\/\/www.escarre.com\/pt-pt\/software\/texlab\/\" \/>\n<meta property=\"og:locale\" content=\"pt_PT\" \/>\n<meta property=\"og:type\" content=\"article\" \/>\n<meta property=\"og:title\" content=\"TexLab - Software para gest\u00e3o laboratorial em empresas t\u00eaxteis\" \/>\n<meta property=\"og:description\" content=\"Software de gerenciamento de receitas de laborat\u00f3rio, controle de qualidade e desenvolvimento de cores na fabrica\u00e7\u00e3o t\u00eaxtil. Reduza erros e otimize a produ\u00e7\u00e3o\" \/>\n<meta property=\"og:url\" content=\"https:\/\/www.escarre.com\/pt-pt\/software\/texlab\/\" \/>\n<meta property=\"og:site_name\" content=\"Escarre\" \/>\n<meta property=\"article:modified_time\" content=\"2023-09-06T09:44:43+00:00\" \/>\n<meta property=\"og:image\" content=\"https:\/\/www.escarre.com\/wp-content\/uploads\/TexLab-960-1.png\" \/>\n\t<meta property=\"og:image:width\" content=\"960\" \/>\n\t<meta property=\"og:image:height\" content=\"600\" \/>\n\t<meta property=\"og:image:type\" content=\"image\/png\" \/>\n<meta name=\"twitter:card\" content=\"summary_large_image\" \/>\n<meta name=\"twitter:label1\" content=\"Tempo estimado de leitura\" \/>\n\t<meta name=\"twitter:data1\" content=\"1 minuto\" \/>\n<script type=\"application\/ld+json\" class=\"yoast-schema-graph\">{\"@context\":\"https:\/\/schema.org\",\"@graph\":[{\"@type\":\"WebPage\",\"@id\":\"https:\/\/www.escarre.com\/pt-pt\/software\/texlab\/\",\"url\":\"https:\/\/www.escarre.com\/pt-pt\/software\/texlab\/\",\"name\":\"TexLab - Software para gest\u00e3o laboratorial em empresas t\u00eaxteis\",\"isPartOf\":{\"@id\":\"https:\/\/www.escarre.com\/pt-pt\/#website\"},\"primaryImageOfPage\":{\"@id\":\"https:\/\/www.escarre.com\/pt-pt\/software\/texlab\/#primaryimage\"},\"image\":{\"@id\":\"https:\/\/www.escarre.com\/pt-pt\/software\/texlab\/#primaryimage\"},\"thumbnailUrl\":\"https:\/\/www.escarre.com\/wp-content\/uploads\/TexLab-960-1.png\",\"datePublished\":\"2023-06-06T14:17:27+00:00\",\"dateModified\":\"2023-09-06T09:44:43+00:00\",\"description\":\"Software de gerenciamento de receitas de laborat\u00f3rio, controle de qualidade e desenvolvimento de cores na fabrica\u00e7\u00e3o t\u00eaxtil. Reduza erros e otimize a produ\u00e7\u00e3o\",\"breadcrumb\":{\"@id\":\"https:\/\/www.escarre.com\/pt-pt\/software\/texlab\/#breadcrumb\"},\"inLanguage\":\"pt-PT\",\"potentialAction\":[{\"@type\":\"ReadAction\",\"target\":[\"https:\/\/www.escarre.com\/pt-pt\/software\/texlab\/\"]}]},{\"@type\":\"ImageObject\",\"inLanguage\":\"pt-PT\",\"@id\":\"https:\/\/www.escarre.com\/pt-pt\/software\/texlab\/#primaryimage\",\"url\":\"https:\/\/www.escarre.com\/wp-content\/uploads\/TexLab-960-1.png\",\"contentUrl\":\"https:\/\/www.escarre.com\/wp-content\/uploads\/TexLab-960-1.png\",\"width\":960,\"height\":600},{\"@type\":\"BreadcrumbList\",\"@id\":\"https:\/\/www.escarre.com\/pt-pt\/software\/texlab\/#breadcrumb\",\"itemListElement\":[{\"@type\":\"ListItem\",\"position\":1,\"name\":\"Portada\",\"item\":\"https:\/\/www.escarre.com\/pt-pt\/\"},{\"@type\":\"ListItem\",\"position\":2,\"name\":\"Software\",\"item\":\"https:\/\/www.escarre.com\/pt-pt\/software\/\"},{\"@type\":\"ListItem\",\"position\":3,\"name\":\"TexLab\"}]},{\"@type\":\"WebSite\",\"@id\":\"https:\/\/www.escarre.com\/pt-pt\/#website\",\"url\":\"https:\/\/www.escarre.com\/pt-pt\/\",\"name\":\"Escarre\",\"description\":\"\",\"publisher\":{\"@id\":\"https:\/\/www.escarre.com\/pt-pt\/#organization\"},\"potentialAction\":[{\"@type\":\"SearchAction\",\"target\":{\"@type\":\"EntryPoint\",\"urlTemplate\":\"https:\/\/www.escarre.com\/pt-pt\/?s={search_term_string}\"},\"query-input\":{\"@type\":\"PropertyValueSpecification\",\"valueRequired\":true,\"valueName\":\"search_term_string\"}}],\"inLanguage\":\"pt-PT\"},{\"@type\":\"Organization\",\"@id\":\"https:\/\/www.escarre.com\/pt-pt\/#organization\",\"name\":\"Escarre\",\"url\":\"https:\/\/www.escarre.com\/pt-pt\/\",\"logo\":{\"@type\":\"ImageObject\",\"inLanguage\":\"pt-PT\",\"@id\":\"https:\/\/www.escarre.com\/pt-pt\/#\/schema\/logo\/image\/\",\"url\":\"https:\/\/www.escarre.com\/wp-content\/uploads\/logo-eas-1.png\",\"contentUrl\":\"https:\/\/www.escarre.com\/wp-content\/uploads\/logo-eas-1.png\",\"width\":700,\"height\":125,\"caption\":\"Escarre\"},\"image\":{\"@id\":\"https:\/\/www.escarre.com\/pt-pt\/#\/schema\/logo\/image\/\"}}]}<\/script>\n<!-- \/ Yoast SEO plugin. -->","yoast_head_json":{"title":"TexLab - Software para gest\u00e3o laboratorial em empresas t\u00eaxteis","description":"Software de gerenciamento de receitas de laborat\u00f3rio, controle de qualidade e desenvolvimento de cores na fabrica\u00e7\u00e3o t\u00eaxtil. Reduza erros e otimize a produ\u00e7\u00e3o","robots":{"index":"index","follow":"follow","max-snippet":"max-snippet:-1","max-image-preview":"max-image-preview:large","max-video-preview":"max-video-preview:-1"},"canonical":"https:\/\/www.escarre.com\/pt-pt\/software\/texlab\/","og_locale":"pt_PT","og_type":"article","og_title":"TexLab - Software para gest\u00e3o laboratorial em empresas t\u00eaxteis","og_description":"Software de gerenciamento de receitas de laborat\u00f3rio, controle de qualidade e desenvolvimento de cores na fabrica\u00e7\u00e3o t\u00eaxtil. Reduza erros e otimize a produ\u00e7\u00e3o","og_url":"https:\/\/www.escarre.com\/pt-pt\/software\/texlab\/","og_site_name":"Escarre","article_modified_time":"2023-09-06T09:44:43+00:00","og_image":[{"width":960,"height":600,"url":"https:\/\/www.escarre.com\/wp-content\/uploads\/TexLab-960-1.png","type":"image\/png"}],"twitter_card":"summary_large_image","twitter_misc":{"Tempo estimado de leitura":"1 minuto"},"schema":{"@context":"https:\/\/schema.org","@graph":[{"@type":"WebPage","@id":"https:\/\/www.escarre.com\/pt-pt\/software\/texlab\/","url":"https:\/\/www.escarre.com\/pt-pt\/software\/texlab\/","name":"TexLab - Software para gest\u00e3o laboratorial em empresas t\u00eaxteis","isPartOf":{"@id":"https:\/\/www.escarre.com\/pt-pt\/#website"},"primaryImageOfPage":{"@id":"https:\/\/www.escarre.com\/pt-pt\/software\/texlab\/#primaryimage"},"image":{"@id":"https:\/\/www.escarre.com\/pt-pt\/software\/texlab\/#primaryimage"},"thumbnailUrl":"https:\/\/www.escarre.com\/wp-content\/uploads\/TexLab-960-1.png","datePublished":"2023-06-06T14:17:27+00:00","dateModified":"2023-09-06T09:44:43+00:00","description":"Software de gerenciamento de receitas de laborat\u00f3rio, controle de qualidade e desenvolvimento de cores na fabrica\u00e7\u00e3o t\u00eaxtil. Reduza erros e otimize a produ\u00e7\u00e3o","breadcrumb":{"@id":"https:\/\/www.escarre.com\/pt-pt\/software\/texlab\/#breadcrumb"},"inLanguage":"pt-PT","potentialAction":[{"@type":"ReadAction","target":["https:\/\/www.escarre.com\/pt-pt\/software\/texlab\/"]}]},{"@type":"ImageObject","inLanguage":"pt-PT","@id":"https:\/\/www.escarre.com\/pt-pt\/software\/texlab\/#primaryimage","url":"https:\/\/www.escarre.com\/wp-content\/uploads\/TexLab-960-1.png","contentUrl":"https:\/\/www.escarre.com\/wp-content\/uploads\/TexLab-960-1.png","width":960,"height":600},{"@type":"BreadcrumbList","@id":"https:\/\/www.escarre.com\/pt-pt\/software\/texlab\/#breadcrumb","itemListElement":[{"@type":"ListItem","position":1,"name":"Portada","item":"https:\/\/www.escarre.com\/pt-pt\/"},{"@type":"ListItem","position":2,"name":"Software","item":"https:\/\/www.escarre.com\/pt-pt\/software\/"},{"@type":"ListItem","position":3,"name":"TexLab"}]},{"@type":"WebSite","@id":"https:\/\/www.escarre.com\/pt-pt\/#website","url":"https:\/\/www.escarre.com\/pt-pt\/","name":"Escarre","description":"","publisher":{"@id":"https:\/\/www.escarre.com\/pt-pt\/#organization"},"potentialAction":[{"@type":"SearchAction","target":{"@type":"EntryPoint","urlTemplate":"https:\/\/www.escarre.com\/pt-pt\/?s={search_term_string}"},"query-input":{"@type":"PropertyValueSpecification","valueRequired":true,"valueName":"search_term_string"}}],"inLanguage":"pt-PT"},{"@type":"Organization","@id":"https:\/\/www.escarre.com\/pt-pt\/#organization","name":"Escarre","url":"https:\/\/www.escarre.com\/pt-pt\/","logo":{"@type":"ImageObject","inLanguage":"pt-PT","@id":"https:\/\/www.escarre.com\/pt-pt\/#\/schema\/logo\/image\/","url":"https:\/\/www.escarre.com\/wp-content\/uploads\/logo-eas-1.png","contentUrl":"https:\/\/www.escarre.com\/wp-content\/uploads\/logo-eas-1.png","width":700,"height":125,"caption":"Escarre"},"image":{"@id":"https:\/\/www.escarre.com\/pt-pt\/#\/schema\/logo\/image\/"}}]}},"_links":{"self":[{"href":"https:\/\/www.escarre.com\/pt-pt\/wp-json\/wp\/v2\/pages\/3146","targetHints":{"allow":["GET"]}}],"collection":[{"href":"https:\/\/www.escarre.com\/pt-pt\/wp-json\/wp\/v2\/pages"}],"about":[{"href":"https:\/\/www.escarre.com\/pt-pt\/wp-json\/wp\/v2\/types\/page"}],"author":[{"embeddable":true,"href":"https:\/\/www.escarre.com\/pt-pt\/wp-json\/wp\/v2\/users\/1"}],"replies":[{"embeddable":true,"href":"https:\/\/www.escarre.com\/pt-pt\/wp-json\/wp\/v2\/comments?post=3146"}],"version-history":[{"count":12,"href":"https:\/\/www.escarre.com\/pt-pt\/wp-json\/wp\/v2\/pages\/3146\/revisions"}],"predecessor-version":[{"id":6454,"href":"https:\/\/www.escarre.com\/pt-pt\/wp-json\/wp\/v2\/pages\/3146\/revisions\/6454"}],"up":[{"embeddable":true,"href":"https:\/\/www.escarre.com\/pt-pt\/wp-json\/wp\/v2\/pages\/3136"}],"wp:featuredmedia":[{"embeddable":true,"href":"https:\/\/www.escarre.com\/pt-pt\/wp-json\/wp\/v2\/media\/4675"}],"wp:attachment":[{"href":"https:\/\/www.escarre.com\/pt-pt\/wp-json\/wp\/v2\/media?parent=3146"}],"wp:term":[{"taxonomy":"color","embeddable":true,"href":"https:\/\/www.escarre.com\/pt-pt\/wp-json\/wp\/v2\/color?post=3146"}],"curies":[{"name":"wp","href":"https:\/\/api.w.org\/{rel}","templated":true}]}}