{"id":3149,"date":"2023-06-06T14:17:39","date_gmt":"2023-06-06T14:17:39","guid":{"rendered":"https:\/\/www.escarre.com\/software\/texmant\/"},"modified":"2023-09-07T09:25:33","modified_gmt":"2023-09-07T09:25:33","slug":"texmant","status":"publish","type":"page","link":"https:\/\/www.escarre.com\/pt-pt\/software\/texmant\/","title":{"rendered":"TexMant"},"content":{"rendered":"\n<p>Este m\u00f3dulo \u00e9 a solu\u00e7\u00e3o definitiva para gerenciar a manuten\u00e7\u00e3o de suas m\u00e1quinas t\u00eaxteis de forma altamente eficiente. Descubra como nossa ferramenta completa permite otimizar suas opera\u00e7\u00f5es.<\/p>\n","protected":false},"excerpt":{"rendered":"<p>Este m\u00f3dulo \u00e9 a solu\u00e7\u00e3o definitiva para gerenciar a manuten\u00e7\u00e3o de suas m\u00e1quinas t\u00eaxteis de forma altamente eficiente. Descubra como nossa ferramenta completa permite otimizar suas opera\u00e7\u00f5es.<\/p>\n","protected":false},"author":1,"featured_media":4678,"parent":3136,"menu_order":1,"comment_status":"closed","ping_status":"closed","template":"page-templates\/page-with-header-section-2.php","meta":{"_acf_changed":false,"footnotes":""},"color":[109],"class_list":["post-3149","page","type-page","status-publish","has-post-thumbnail","hentry","color-yellow"],"acf":[],"yoast_head":"<!-- This site is optimized with the Yoast SEO plugin v26.7 - https:\/\/yoast.com\/wordpress\/plugins\/seo\/ -->\n<title>TexMant - Software Gest\u00e3o de manuten\u00e7\u00e3o de m\u00e1quinas em f\u00e1bricas t\u00eaxteis<\/title>\n<meta name=\"description\" content=\"O software de gest\u00e3o de manuten\u00e7\u00e3o de parques de m\u00e1quinas mais completo da ind\u00fastria t\u00eaxtil. Integra-se com os sistemas MES e ERP de EAS. Descubra!\" \/>\n<meta name=\"robots\" content=\"index, follow, max-snippet:-1, max-image-preview:large, max-video-preview:-1\" \/>\n<link rel=\"canonical\" href=\"https:\/\/www.escarre.com\/pt-pt\/software\/texmant\/\" \/>\n<meta property=\"og:locale\" content=\"pt_PT\" \/>\n<meta property=\"og:type\" content=\"article\" \/>\n<meta property=\"og:title\" content=\"TexMant - Software Gest\u00e3o de manuten\u00e7\u00e3o de m\u00e1quinas em f\u00e1bricas t\u00eaxteis\" \/>\n<meta property=\"og:description\" content=\"O software de gest\u00e3o de manuten\u00e7\u00e3o de parques de m\u00e1quinas mais completo da ind\u00fastria t\u00eaxtil. Integra-se com os sistemas MES e ERP de EAS. Descubra!\" \/>\n<meta property=\"og:url\" content=\"https:\/\/www.escarre.com\/pt-pt\/software\/texmant\/\" \/>\n<meta property=\"og:site_name\" content=\"Escarre\" \/>\n<meta property=\"article:modified_time\" content=\"2023-09-07T09:25:33+00:00\" \/>\n<meta property=\"og:image\" content=\"https:\/\/www.escarre.com\/wp-content\/uploads\/TexMant-960-1.png\" \/>\n\t<meta property=\"og:image:width\" content=\"960\" \/>\n\t<meta property=\"og:image:height\" content=\"600\" \/>\n\t<meta property=\"og:image:type\" content=\"image\/png\" \/>\n<meta name=\"twitter:card\" content=\"summary_large_image\" \/>\n<meta name=\"twitter:label1\" content=\"Tempo estimado de leitura\" \/>\n\t<meta name=\"twitter:data1\" content=\"1 minuto\" \/>\n<script type=\"application\/ld+json\" class=\"yoast-schema-graph\">{\"@context\":\"https:\/\/schema.org\",\"@graph\":[{\"@type\":\"WebPage\",\"@id\":\"https:\/\/www.escarre.com\/pt-pt\/software\/texmant\/\",\"url\":\"https:\/\/www.escarre.com\/pt-pt\/software\/texmant\/\",\"name\":\"TexMant - Software Gest\u00e3o de manuten\u00e7\u00e3o de m\u00e1quinas em f\u00e1bricas t\u00eaxteis\",\"isPartOf\":{\"@id\":\"https:\/\/www.escarre.com\/pt-pt\/#website\"},\"primaryImageOfPage\":{\"@id\":\"https:\/\/www.escarre.com\/pt-pt\/software\/texmant\/#primaryimage\"},\"image\":{\"@id\":\"https:\/\/www.escarre.com\/pt-pt\/software\/texmant\/#primaryimage\"},\"thumbnailUrl\":\"https:\/\/www.escarre.com\/wp-content\/uploads\/TexMant-960-1.png\",\"datePublished\":\"2023-06-06T14:17:39+00:00\",\"dateModified\":\"2023-09-07T09:25:33+00:00\",\"description\":\"O software de gest\u00e3o de manuten\u00e7\u00e3o de parques de m\u00e1quinas mais completo da ind\u00fastria t\u00eaxtil. Integra-se com os sistemas MES e ERP de EAS. Descubra!\",\"breadcrumb\":{\"@id\":\"https:\/\/www.escarre.com\/pt-pt\/software\/texmant\/#breadcrumb\"},\"inLanguage\":\"pt-PT\",\"potentialAction\":[{\"@type\":\"ReadAction\",\"target\":[\"https:\/\/www.escarre.com\/pt-pt\/software\/texmant\/\"]}]},{\"@type\":\"ImageObject\",\"inLanguage\":\"pt-PT\",\"@id\":\"https:\/\/www.escarre.com\/pt-pt\/software\/texmant\/#primaryimage\",\"url\":\"https:\/\/www.escarre.com\/wp-content\/uploads\/TexMant-960-1.png\",\"contentUrl\":\"https:\/\/www.escarre.com\/wp-content\/uploads\/TexMant-960-1.png\",\"width\":960,\"height\":600},{\"@type\":\"BreadcrumbList\",\"@id\":\"https:\/\/www.escarre.com\/pt-pt\/software\/texmant\/#breadcrumb\",\"itemListElement\":[{\"@type\":\"ListItem\",\"position\":1,\"name\":\"Portada\",\"item\":\"https:\/\/www.escarre.com\/pt-pt\/\"},{\"@type\":\"ListItem\",\"position\":2,\"name\":\"Software\",\"item\":\"https:\/\/www.escarre.com\/pt-pt\/software\/\"},{\"@type\":\"ListItem\",\"position\":3,\"name\":\"TexMant\"}]},{\"@type\":\"WebSite\",\"@id\":\"https:\/\/www.escarre.com\/pt-pt\/#website\",\"url\":\"https:\/\/www.escarre.com\/pt-pt\/\",\"name\":\"Escarre\",\"description\":\"\",\"publisher\":{\"@id\":\"https:\/\/www.escarre.com\/pt-pt\/#organization\"},\"potentialAction\":[{\"@type\":\"SearchAction\",\"target\":{\"@type\":\"EntryPoint\",\"urlTemplate\":\"https:\/\/www.escarre.com\/pt-pt\/?s={search_term_string}\"},\"query-input\":{\"@type\":\"PropertyValueSpecification\",\"valueRequired\":true,\"valueName\":\"search_term_string\"}}],\"inLanguage\":\"pt-PT\"},{\"@type\":\"Organization\",\"@id\":\"https:\/\/www.escarre.com\/pt-pt\/#organization\",\"name\":\"Escarre\",\"url\":\"https:\/\/www.escarre.com\/pt-pt\/\",\"logo\":{\"@type\":\"ImageObject\",\"inLanguage\":\"pt-PT\",\"@id\":\"https:\/\/www.escarre.com\/pt-pt\/#\/schema\/logo\/image\/\",\"url\":\"https:\/\/www.escarre.com\/wp-content\/uploads\/logo-eas-1.png\",\"contentUrl\":\"https:\/\/www.escarre.com\/wp-content\/uploads\/logo-eas-1.png\",\"width\":700,\"height\":125,\"caption\":\"Escarre\"},\"image\":{\"@id\":\"https:\/\/www.escarre.com\/pt-pt\/#\/schema\/logo\/image\/\"}}]}<\/script>\n<!-- \/ Yoast SEO plugin. -->","yoast_head_json":{"title":"TexMant - Software Gest\u00e3o de manuten\u00e7\u00e3o de m\u00e1quinas em f\u00e1bricas t\u00eaxteis","description":"O software de gest\u00e3o de manuten\u00e7\u00e3o de parques de m\u00e1quinas mais completo da ind\u00fastria t\u00eaxtil. Integra-se com os sistemas MES e ERP de EAS. Descubra!","robots":{"index":"index","follow":"follow","max-snippet":"max-snippet:-1","max-image-preview":"max-image-preview:large","max-video-preview":"max-video-preview:-1"},"canonical":"https:\/\/www.escarre.com\/pt-pt\/software\/texmant\/","og_locale":"pt_PT","og_type":"article","og_title":"TexMant - Software Gest\u00e3o de manuten\u00e7\u00e3o de m\u00e1quinas em f\u00e1bricas t\u00eaxteis","og_description":"O software de gest\u00e3o de manuten\u00e7\u00e3o de parques de m\u00e1quinas mais completo da ind\u00fastria t\u00eaxtil. Integra-se com os sistemas MES e ERP de EAS. Descubra!","og_url":"https:\/\/www.escarre.com\/pt-pt\/software\/texmant\/","og_site_name":"Escarre","article_modified_time":"2023-09-07T09:25:33+00:00","og_image":[{"width":960,"height":600,"url":"https:\/\/www.escarre.com\/wp-content\/uploads\/TexMant-960-1.png","type":"image\/png"}],"twitter_card":"summary_large_image","twitter_misc":{"Tempo estimado de leitura":"1 minuto"},"schema":{"@context":"https:\/\/schema.org","@graph":[{"@type":"WebPage","@id":"https:\/\/www.escarre.com\/pt-pt\/software\/texmant\/","url":"https:\/\/www.escarre.com\/pt-pt\/software\/texmant\/","name":"TexMant - Software Gest\u00e3o de manuten\u00e7\u00e3o de m\u00e1quinas em f\u00e1bricas t\u00eaxteis","isPartOf":{"@id":"https:\/\/www.escarre.com\/pt-pt\/#website"},"primaryImageOfPage":{"@id":"https:\/\/www.escarre.com\/pt-pt\/software\/texmant\/#primaryimage"},"image":{"@id":"https:\/\/www.escarre.com\/pt-pt\/software\/texmant\/#primaryimage"},"thumbnailUrl":"https:\/\/www.escarre.com\/wp-content\/uploads\/TexMant-960-1.png","datePublished":"2023-06-06T14:17:39+00:00","dateModified":"2023-09-07T09:25:33+00:00","description":"O software de gest\u00e3o de manuten\u00e7\u00e3o de parques de m\u00e1quinas mais completo da ind\u00fastria t\u00eaxtil. Integra-se com os sistemas MES e ERP de EAS. Descubra!","breadcrumb":{"@id":"https:\/\/www.escarre.com\/pt-pt\/software\/texmant\/#breadcrumb"},"inLanguage":"pt-PT","potentialAction":[{"@type":"ReadAction","target":["https:\/\/www.escarre.com\/pt-pt\/software\/texmant\/"]}]},{"@type":"ImageObject","inLanguage":"pt-PT","@id":"https:\/\/www.escarre.com\/pt-pt\/software\/texmant\/#primaryimage","url":"https:\/\/www.escarre.com\/wp-content\/uploads\/TexMant-960-1.png","contentUrl":"https:\/\/www.escarre.com\/wp-content\/uploads\/TexMant-960-1.png","width":960,"height":600},{"@type":"BreadcrumbList","@id":"https:\/\/www.escarre.com\/pt-pt\/software\/texmant\/#breadcrumb","itemListElement":[{"@type":"ListItem","position":1,"name":"Portada","item":"https:\/\/www.escarre.com\/pt-pt\/"},{"@type":"ListItem","position":2,"name":"Software","item":"https:\/\/www.escarre.com\/pt-pt\/software\/"},{"@type":"ListItem","position":3,"name":"TexMant"}]},{"@type":"WebSite","@id":"https:\/\/www.escarre.com\/pt-pt\/#website","url":"https:\/\/www.escarre.com\/pt-pt\/","name":"Escarre","description":"","publisher":{"@id":"https:\/\/www.escarre.com\/pt-pt\/#organization"},"potentialAction":[{"@type":"SearchAction","target":{"@type":"EntryPoint","urlTemplate":"https:\/\/www.escarre.com\/pt-pt\/?s={search_term_string}"},"query-input":{"@type":"PropertyValueSpecification","valueRequired":true,"valueName":"search_term_string"}}],"inLanguage":"pt-PT"},{"@type":"Organization","@id":"https:\/\/www.escarre.com\/pt-pt\/#organization","name":"Escarre","url":"https:\/\/www.escarre.com\/pt-pt\/","logo":{"@type":"ImageObject","inLanguage":"pt-PT","@id":"https:\/\/www.escarre.com\/pt-pt\/#\/schema\/logo\/image\/","url":"https:\/\/www.escarre.com\/wp-content\/uploads\/logo-eas-1.png","contentUrl":"https:\/\/www.escarre.com\/wp-content\/uploads\/logo-eas-1.png","width":700,"height":125,"caption":"Escarre"},"image":{"@id":"https:\/\/www.escarre.com\/pt-pt\/#\/schema\/logo\/image\/"}}]}},"_links":{"self":[{"href":"https:\/\/www.escarre.com\/pt-pt\/wp-json\/wp\/v2\/pages\/3149","targetHints":{"allow":["GET"]}}],"collection":[{"href":"https:\/\/www.escarre.com\/pt-pt\/wp-json\/wp\/v2\/pages"}],"about":[{"href":"https:\/\/www.escarre.com\/pt-pt\/wp-json\/wp\/v2\/types\/page"}],"author":[{"embeddable":true,"href":"https:\/\/www.escarre.com\/pt-pt\/wp-json\/wp\/v2\/users\/1"}],"replies":[{"embeddable":true,"href":"https:\/\/www.escarre.com\/pt-pt\/wp-json\/wp\/v2\/comments?post=3149"}],"version-history":[{"count":16,"href":"https:\/\/www.escarre.com\/pt-pt\/wp-json\/wp\/v2\/pages\/3149\/revisions"}],"predecessor-version":[{"id":6597,"href":"https:\/\/www.escarre.com\/pt-pt\/wp-json\/wp\/v2\/pages\/3149\/revisions\/6597"}],"up":[{"embeddable":true,"href":"https:\/\/www.escarre.com\/pt-pt\/wp-json\/wp\/v2\/pages\/3136"}],"wp:featuredmedia":[{"embeddable":true,"href":"https:\/\/www.escarre.com\/pt-pt\/wp-json\/wp\/v2\/media\/4678"}],"wp:attachment":[{"href":"https:\/\/www.escarre.com\/pt-pt\/wp-json\/wp\/v2\/media?parent=3149"}],"wp:term":[{"taxonomy":"color","embeddable":true,"href":"https:\/\/www.escarre.com\/pt-pt\/wp-json\/wp\/v2\/color?post=3149"}],"curies":[{"name":"wp","href":"https:\/\/api.w.org\/{rel}","templated":true}]}}