{"id":3204,"date":"2023-06-08T08:37:30","date_gmt":"2023-06-08T08:37:30","guid":{"rendered":"https:\/\/www.escarre.com\/maquinas\/tecnosal\/"},"modified":"2023-08-03T08:24:43","modified_gmt":"2023-08-03T08:24:43","slug":"tecnosal","status":"publish","type":"page","link":"https:\/\/www.escarre.com\/pt-pt\/maquinas\/tecnosal\/","title":{"rendered":"TecnoSal"},"content":{"rendered":"\n<p>A TecnoSal prepara dissolu\u00e7\u00f5es de salmoura e produtos em p\u00f3 em grandes quantidades para m\u00e1quinas de tingimento como jets, jiggers e autoclaves t\u00eaxteis. Obtenha dissolu\u00e7\u00f5es l\u00edquidas e est\u00e1veis para uso ou armazenamento.<\/p>\n","protected":false},"excerpt":{"rendered":"<p>A TecnoSal prepara dissolu\u00e7\u00f5es de salmoura e produtos em p\u00f3 em grandes quantidades para m\u00e1quinas de tingimento como jets, jiggers e autoclaves t\u00eaxteis. Obtenha dissolu\u00e7\u00f5es l\u00edquidas e est\u00e1veis para uso &hellip;<\/p>\n","protected":false},"author":1,"featured_media":1525,"parent":3195,"menu_order":3,"comment_status":"closed","ping_status":"closed","template":"page-templates\/page-with-header-section-2.php","meta":{"_acf_changed":false,"footnotes":""},"color":[9],"class_list":["post-3204","page","type-page","status-publish","has-post-thumbnail","hentry","color-blue"],"acf":[],"yoast_head":"<!-- This site is optimized with the Yoast SEO plugin v26.7 - https:\/\/yoast.com\/wordpress\/plugins\/seo\/ -->\n<title>TecnoSal - Prepara\u00e7\u00e3o de salmoura para m\u00e1quinas de tingimento t\u00eaxtil<\/title>\n<meta name=\"description\" content=\"A TecnoSal, o sistema de prepara\u00e7\u00e3o de salmoura e produtos em p\u00f3 para m\u00e1quinas de tingimento t\u00eaxteis. Produza solu\u00e7\u00f5es de maneira autom\u00e1tica. Descubra!\" \/>\n<meta name=\"robots\" content=\"index, follow, max-snippet:-1, max-image-preview:large, max-video-preview:-1\" \/>\n<link rel=\"canonical\" href=\"https:\/\/www.escarre.com\/pt-pt\/maquinas\/tecnosal\/\" \/>\n<meta property=\"og:locale\" content=\"pt_PT\" \/>\n<meta property=\"og:type\" content=\"article\" \/>\n<meta property=\"og:title\" content=\"TecnoSal - Prepara\u00e7\u00e3o de salmoura para m\u00e1quinas de tingimento t\u00eaxtil\" \/>\n<meta property=\"og:description\" content=\"A TecnoSal, o sistema de prepara\u00e7\u00e3o de salmoura e produtos em p\u00f3 para m\u00e1quinas de tingimento t\u00eaxteis. Produza solu\u00e7\u00f5es de maneira autom\u00e1tica. Descubra!\" \/>\n<meta property=\"og:url\" content=\"https:\/\/www.escarre.com\/pt-pt\/maquinas\/tecnosal\/\" \/>\n<meta property=\"og:site_name\" content=\"Escarre\" \/>\n<meta property=\"article:modified_time\" content=\"2023-08-03T08:24:43+00:00\" \/>\n<meta property=\"og:image\" content=\"https:\/\/www.escarre.com\/wp-content\/uploads\/tecnosal-1.jpg\" \/>\n\t<meta property=\"og:image:width\" content=\"960\" \/>\n\t<meta property=\"og:image:height\" content=\"600\" \/>\n\t<meta property=\"og:image:type\" content=\"image\/jpeg\" \/>\n<meta name=\"twitter:card\" content=\"summary_large_image\" \/>\n<meta name=\"twitter:label1\" content=\"Tempo estimado de leitura\" \/>\n\t<meta name=\"twitter:data1\" content=\"1 minuto\" \/>\n<script type=\"application\/ld+json\" class=\"yoast-schema-graph\">{\"@context\":\"https:\/\/schema.org\",\"@graph\":[{\"@type\":\"WebPage\",\"@id\":\"https:\/\/www.escarre.com\/pt-pt\/maquinas\/tecnosal\/\",\"url\":\"https:\/\/www.escarre.com\/pt-pt\/maquinas\/tecnosal\/\",\"name\":\"TecnoSal - Prepara\u00e7\u00e3o de salmoura para m\u00e1quinas de tingimento t\u00eaxtil\",\"isPartOf\":{\"@id\":\"https:\/\/www.escarre.com\/pt-pt\/#website\"},\"primaryImageOfPage\":{\"@id\":\"https:\/\/www.escarre.com\/pt-pt\/maquinas\/tecnosal\/#primaryimage\"},\"image\":{\"@id\":\"https:\/\/www.escarre.com\/pt-pt\/maquinas\/tecnosal\/#primaryimage\"},\"thumbnailUrl\":\"https:\/\/www.escarre.com\/wp-content\/uploads\/tecnosal-1.jpg\",\"datePublished\":\"2023-06-08T08:37:30+00:00\",\"dateModified\":\"2023-08-03T08:24:43+00:00\",\"description\":\"A TecnoSal, o sistema de prepara\u00e7\u00e3o de salmoura e produtos em p\u00f3 para m\u00e1quinas de tingimento t\u00eaxteis. Produza solu\u00e7\u00f5es de maneira autom\u00e1tica. Descubra!\",\"breadcrumb\":{\"@id\":\"https:\/\/www.escarre.com\/pt-pt\/maquinas\/tecnosal\/#breadcrumb\"},\"inLanguage\":\"pt-PT\",\"potentialAction\":[{\"@type\":\"ReadAction\",\"target\":[\"https:\/\/www.escarre.com\/pt-pt\/maquinas\/tecnosal\/\"]}]},{\"@type\":\"ImageObject\",\"inLanguage\":\"pt-PT\",\"@id\":\"https:\/\/www.escarre.com\/pt-pt\/maquinas\/tecnosal\/#primaryimage\",\"url\":\"https:\/\/www.escarre.com\/wp-content\/uploads\/tecnosal-1.jpg\",\"contentUrl\":\"https:\/\/www.escarre.com\/wp-content\/uploads\/tecnosal-1.jpg\",\"width\":960,\"height\":600},{\"@type\":\"BreadcrumbList\",\"@id\":\"https:\/\/www.escarre.com\/pt-pt\/maquinas\/tecnosal\/#breadcrumb\",\"itemListElement\":[{\"@type\":\"ListItem\",\"position\":1,\"name\":\"Portada\",\"item\":\"https:\/\/www.escarre.com\/pt-pt\/\"},{\"@type\":\"ListItem\",\"position\":2,\"name\":\"M\u00e1quinas\",\"item\":\"https:\/\/www.escarre.com\/pt-pt\/?page_id=941\"},{\"@type\":\"ListItem\",\"position\":3,\"name\":\"TecnoSal\"}]},{\"@type\":\"WebSite\",\"@id\":\"https:\/\/www.escarre.com\/pt-pt\/#website\",\"url\":\"https:\/\/www.escarre.com\/pt-pt\/\",\"name\":\"Escarre\",\"description\":\"\",\"publisher\":{\"@id\":\"https:\/\/www.escarre.com\/pt-pt\/#organization\"},\"potentialAction\":[{\"@type\":\"SearchAction\",\"target\":{\"@type\":\"EntryPoint\",\"urlTemplate\":\"https:\/\/www.escarre.com\/pt-pt\/?s={search_term_string}\"},\"query-input\":{\"@type\":\"PropertyValueSpecification\",\"valueRequired\":true,\"valueName\":\"search_term_string\"}}],\"inLanguage\":\"pt-PT\"},{\"@type\":\"Organization\",\"@id\":\"https:\/\/www.escarre.com\/pt-pt\/#organization\",\"name\":\"Escarre\",\"url\":\"https:\/\/www.escarre.com\/pt-pt\/\",\"logo\":{\"@type\":\"ImageObject\",\"inLanguage\":\"pt-PT\",\"@id\":\"https:\/\/www.escarre.com\/pt-pt\/#\/schema\/logo\/image\/\",\"url\":\"https:\/\/www.escarre.com\/wp-content\/uploads\/logo-eas-1.png\",\"contentUrl\":\"https:\/\/www.escarre.com\/wp-content\/uploads\/logo-eas-1.png\",\"width\":700,\"height\":125,\"caption\":\"Escarre\"},\"image\":{\"@id\":\"https:\/\/www.escarre.com\/pt-pt\/#\/schema\/logo\/image\/\"}}]}<\/script>\n<!-- \/ Yoast SEO plugin. -->","yoast_head_json":{"title":"TecnoSal - Prepara\u00e7\u00e3o de salmoura para m\u00e1quinas de tingimento t\u00eaxtil","description":"A TecnoSal, o sistema de prepara\u00e7\u00e3o de salmoura e produtos em p\u00f3 para m\u00e1quinas de tingimento t\u00eaxteis. Produza solu\u00e7\u00f5es de maneira autom\u00e1tica. Descubra!","robots":{"index":"index","follow":"follow","max-snippet":"max-snippet:-1","max-image-preview":"max-image-preview:large","max-video-preview":"max-video-preview:-1"},"canonical":"https:\/\/www.escarre.com\/pt-pt\/maquinas\/tecnosal\/","og_locale":"pt_PT","og_type":"article","og_title":"TecnoSal - Prepara\u00e7\u00e3o de salmoura para m\u00e1quinas de tingimento t\u00eaxtil","og_description":"A TecnoSal, o sistema de prepara\u00e7\u00e3o de salmoura e produtos em p\u00f3 para m\u00e1quinas de tingimento t\u00eaxteis. Produza solu\u00e7\u00f5es de maneira autom\u00e1tica. Descubra!","og_url":"https:\/\/www.escarre.com\/pt-pt\/maquinas\/tecnosal\/","og_site_name":"Escarre","article_modified_time":"2023-08-03T08:24:43+00:00","og_image":[{"width":960,"height":600,"url":"https:\/\/www.escarre.com\/wp-content\/uploads\/tecnosal-1.jpg","type":"image\/jpeg"}],"twitter_card":"summary_large_image","twitter_misc":{"Tempo estimado de leitura":"1 minuto"},"schema":{"@context":"https:\/\/schema.org","@graph":[{"@type":"WebPage","@id":"https:\/\/www.escarre.com\/pt-pt\/maquinas\/tecnosal\/","url":"https:\/\/www.escarre.com\/pt-pt\/maquinas\/tecnosal\/","name":"TecnoSal - Prepara\u00e7\u00e3o de salmoura para m\u00e1quinas de tingimento t\u00eaxtil","isPartOf":{"@id":"https:\/\/www.escarre.com\/pt-pt\/#website"},"primaryImageOfPage":{"@id":"https:\/\/www.escarre.com\/pt-pt\/maquinas\/tecnosal\/#primaryimage"},"image":{"@id":"https:\/\/www.escarre.com\/pt-pt\/maquinas\/tecnosal\/#primaryimage"},"thumbnailUrl":"https:\/\/www.escarre.com\/wp-content\/uploads\/tecnosal-1.jpg","datePublished":"2023-06-08T08:37:30+00:00","dateModified":"2023-08-03T08:24:43+00:00","description":"A TecnoSal, o sistema de prepara\u00e7\u00e3o de salmoura e produtos em p\u00f3 para m\u00e1quinas de tingimento t\u00eaxteis. Produza solu\u00e7\u00f5es de maneira autom\u00e1tica. Descubra!","breadcrumb":{"@id":"https:\/\/www.escarre.com\/pt-pt\/maquinas\/tecnosal\/#breadcrumb"},"inLanguage":"pt-PT","potentialAction":[{"@type":"ReadAction","target":["https:\/\/www.escarre.com\/pt-pt\/maquinas\/tecnosal\/"]}]},{"@type":"ImageObject","inLanguage":"pt-PT","@id":"https:\/\/www.escarre.com\/pt-pt\/maquinas\/tecnosal\/#primaryimage","url":"https:\/\/www.escarre.com\/wp-content\/uploads\/tecnosal-1.jpg","contentUrl":"https:\/\/www.escarre.com\/wp-content\/uploads\/tecnosal-1.jpg","width":960,"height":600},{"@type":"BreadcrumbList","@id":"https:\/\/www.escarre.com\/pt-pt\/maquinas\/tecnosal\/#breadcrumb","itemListElement":[{"@type":"ListItem","position":1,"name":"Portada","item":"https:\/\/www.escarre.com\/pt-pt\/"},{"@type":"ListItem","position":2,"name":"M\u00e1quinas","item":"https:\/\/www.escarre.com\/pt-pt\/?page_id=941"},{"@type":"ListItem","position":3,"name":"TecnoSal"}]},{"@type":"WebSite","@id":"https:\/\/www.escarre.com\/pt-pt\/#website","url":"https:\/\/www.escarre.com\/pt-pt\/","name":"Escarre","description":"","publisher":{"@id":"https:\/\/www.escarre.com\/pt-pt\/#organization"},"potentialAction":[{"@type":"SearchAction","target":{"@type":"EntryPoint","urlTemplate":"https:\/\/www.escarre.com\/pt-pt\/?s={search_term_string}"},"query-input":{"@type":"PropertyValueSpecification","valueRequired":true,"valueName":"search_term_string"}}],"inLanguage":"pt-PT"},{"@type":"Organization","@id":"https:\/\/www.escarre.com\/pt-pt\/#organization","name":"Escarre","url":"https:\/\/www.escarre.com\/pt-pt\/","logo":{"@type":"ImageObject","inLanguage":"pt-PT","@id":"https:\/\/www.escarre.com\/pt-pt\/#\/schema\/logo\/image\/","url":"https:\/\/www.escarre.com\/wp-content\/uploads\/logo-eas-1.png","contentUrl":"https:\/\/www.escarre.com\/wp-content\/uploads\/logo-eas-1.png","width":700,"height":125,"caption":"Escarre"},"image":{"@id":"https:\/\/www.escarre.com\/pt-pt\/#\/schema\/logo\/image\/"}}]}},"_links":{"self":[{"href":"https:\/\/www.escarre.com\/pt-pt\/wp-json\/wp\/v2\/pages\/3204","targetHints":{"allow":["GET"]}}],"collection":[{"href":"https:\/\/www.escarre.com\/pt-pt\/wp-json\/wp\/v2\/pages"}],"about":[{"href":"https:\/\/www.escarre.com\/pt-pt\/wp-json\/wp\/v2\/types\/page"}],"author":[{"embeddable":true,"href":"https:\/\/www.escarre.com\/pt-pt\/wp-json\/wp\/v2\/users\/1"}],"replies":[{"embeddable":true,"href":"https:\/\/www.escarre.com\/pt-pt\/wp-json\/wp\/v2\/comments?post=3204"}],"version-history":[{"count":4,"href":"https:\/\/www.escarre.com\/pt-pt\/wp-json\/wp\/v2\/pages\/3204\/revisions"}],"predecessor-version":[{"id":5297,"href":"https:\/\/www.escarre.com\/pt-pt\/wp-json\/wp\/v2\/pages\/3204\/revisions\/5297"}],"up":[{"embeddable":true,"href":"https:\/\/www.escarre.com\/pt-pt\/wp-json\/wp\/v2\/pages\/3195"}],"wp:featuredmedia":[{"embeddable":true,"href":"https:\/\/www.escarre.com\/pt-pt\/wp-json\/wp\/v2\/media\/1525"}],"wp:attachment":[{"href":"https:\/\/www.escarre.com\/pt-pt\/wp-json\/wp\/v2\/media?parent=3204"}],"wp:term":[{"taxonomy":"color","embeddable":true,"href":"https:\/\/www.escarre.com\/pt-pt\/wp-json\/wp\/v2\/color?post=3204"}],"curies":[{"name":"wp","href":"https:\/\/api.w.org\/{rel}","templated":true}]}}