{"id":3284,"date":"2023-06-09T10:26:28","date_gmt":"2023-06-09T10:26:28","guid":{"rendered":"https:\/\/www.escarre.com\/denim\/"},"modified":"2023-07-21T12:38:35","modified_gmt":"2023-07-21T12:38:35","slug":"denim","status":"publish","type":"page","link":"https:\/\/www.escarre.com\/pt-pt\/denim\/","title":{"rendered":"Denim"},"content":{"rendered":"\n<p class=\"title-1\">Solu\u00e7\u00f5es para a fabrica\u00e7\u00e3o de tecido jeans<\/p>\n<p>Com nossas solu\u00e7\u00f5es em armazenamento, dosagem e prepara\u00e7\u00e3o de corantes, criamos um sistema de trabalho automatizado para a fabrica\u00e7\u00e3o de tecido jeans, com foco no desenvolvimento sustent\u00e1vel desse tipo de tecido.<\/p>\n","protected":false},"excerpt":{"rendered":"<p>Solu\u00e7\u00f5es para a fabrica\u00e7\u00e3o de tecido jeans Com nossas solu\u00e7\u00f5es em armazenamento, dosagem e prepara\u00e7\u00e3o de corantes, criamos um sistema de trabalho automatizado para a fabrica\u00e7\u00e3o de tecido jeans, com &hellip;<\/p>\n","protected":false},"author":1,"featured_media":1299,"parent":0,"menu_order":0,"comment_status":"closed","ping_status":"closed","template":"page-templates\/page-with-header.php","meta":{"_acf_changed":false,"footnotes":""},"color":[],"class_list":["post-3284","page","type-page","status-publish","has-post-thumbnail","hentry"],"acf":[],"yoast_head":"<!-- This site is optimized with the Yoast SEO plugin v26.7 - https:\/\/yoast.com\/wordpress\/plugins\/seo\/ -->\n<title>A TecnoDenim a solu\u00e7\u00e3o completa para linhas de tecido jeans<\/title>\n<meta name=\"description\" content=\"A TecnoDenim, automa\u00e7\u00e3o completa da prepara\u00e7\u00e3o, armazenamento e dosagem de produtos espec\u00edficos para linhas de tingimento cont\u00ednuo para tecido \u00edndigo\/jeans\" \/>\n<meta name=\"robots\" content=\"index, follow, max-snippet:-1, max-image-preview:large, max-video-preview:-1\" \/>\n<link rel=\"canonical\" href=\"https:\/\/www.escarre.com\/pt-pt\/denim\/\" \/>\n<meta property=\"og:locale\" content=\"pt_PT\" \/>\n<meta property=\"og:type\" content=\"article\" \/>\n<meta property=\"og:title\" content=\"A TecnoDenim a solu\u00e7\u00e3o completa para linhas de tecido jeans\" \/>\n<meta property=\"og:description\" content=\"A TecnoDenim, automa\u00e7\u00e3o completa da prepara\u00e7\u00e3o, armazenamento e dosagem de produtos espec\u00edficos para linhas de tingimento cont\u00ednuo para tecido \u00edndigo\/jeans\" \/>\n<meta property=\"og:url\" content=\"https:\/\/www.escarre.com\/pt-pt\/denim\/\" \/>\n<meta property=\"og:site_name\" content=\"Escarre\" \/>\n<meta property=\"article:modified_time\" content=\"2023-07-21T12:38:35+00:00\" \/>\n<meta property=\"og:image\" content=\"https:\/\/www.escarre.com\/wp-content\/uploads\/TECNODENIM-1.jpg\" \/>\n\t<meta property=\"og:image:width\" content=\"960\" \/>\n\t<meta property=\"og:image:height\" content=\"650\" \/>\n\t<meta property=\"og:image:type\" content=\"image\/jpeg\" \/>\n<meta name=\"twitter:card\" content=\"summary_large_image\" \/>\n<meta name=\"twitter:label1\" content=\"Tempo estimado de leitura\" \/>\n\t<meta name=\"twitter:data1\" content=\"1 minuto\" \/>\n<script type=\"application\/ld+json\" class=\"yoast-schema-graph\">{\"@context\":\"https:\/\/schema.org\",\"@graph\":[{\"@type\":\"WebPage\",\"@id\":\"https:\/\/www.escarre.com\/pt-pt\/denim\/\",\"url\":\"https:\/\/www.escarre.com\/pt-pt\/denim\/\",\"name\":\"A TecnoDenim a solu\u00e7\u00e3o completa para linhas de tecido jeans\",\"isPartOf\":{\"@id\":\"https:\/\/www.escarre.com\/pt-pt\/#website\"},\"primaryImageOfPage\":{\"@id\":\"https:\/\/www.escarre.com\/pt-pt\/denim\/#primaryimage\"},\"image\":{\"@id\":\"https:\/\/www.escarre.com\/pt-pt\/denim\/#primaryimage\"},\"thumbnailUrl\":\"https:\/\/www.escarre.com\/wp-content\/uploads\/TECNODENIM-1.jpg\",\"datePublished\":\"2023-06-09T10:26:28+00:00\",\"dateModified\":\"2023-07-21T12:38:35+00:00\",\"description\":\"A TecnoDenim, automa\u00e7\u00e3o completa da prepara\u00e7\u00e3o, armazenamento e dosagem de produtos espec\u00edficos para linhas de tingimento cont\u00ednuo para tecido \u00edndigo\/jeans\",\"breadcrumb\":{\"@id\":\"https:\/\/www.escarre.com\/pt-pt\/denim\/#breadcrumb\"},\"inLanguage\":\"pt-PT\",\"potentialAction\":[{\"@type\":\"ReadAction\",\"target\":[\"https:\/\/www.escarre.com\/pt-pt\/denim\/\"]}]},{\"@type\":\"ImageObject\",\"inLanguage\":\"pt-PT\",\"@id\":\"https:\/\/www.escarre.com\/pt-pt\/denim\/#primaryimage\",\"url\":\"https:\/\/www.escarre.com\/wp-content\/uploads\/TECNODENIM-1.jpg\",\"contentUrl\":\"https:\/\/www.escarre.com\/wp-content\/uploads\/TECNODENIM-1.jpg\",\"width\":960,\"height\":650},{\"@type\":\"BreadcrumbList\",\"@id\":\"https:\/\/www.escarre.com\/pt-pt\/denim\/#breadcrumb\",\"itemListElement\":[{\"@type\":\"ListItem\",\"position\":1,\"name\":\"Portada\",\"item\":\"https:\/\/www.escarre.com\/pt-pt\/\"},{\"@type\":\"ListItem\",\"position\":2,\"name\":\"Denim\"}]},{\"@type\":\"WebSite\",\"@id\":\"https:\/\/www.escarre.com\/pt-pt\/#website\",\"url\":\"https:\/\/www.escarre.com\/pt-pt\/\",\"name\":\"Escarre\",\"description\":\"\",\"publisher\":{\"@id\":\"https:\/\/www.escarre.com\/pt-pt\/#organization\"},\"potentialAction\":[{\"@type\":\"SearchAction\",\"target\":{\"@type\":\"EntryPoint\",\"urlTemplate\":\"https:\/\/www.escarre.com\/pt-pt\/?s={search_term_string}\"},\"query-input\":{\"@type\":\"PropertyValueSpecification\",\"valueRequired\":true,\"valueName\":\"search_term_string\"}}],\"inLanguage\":\"pt-PT\"},{\"@type\":\"Organization\",\"@id\":\"https:\/\/www.escarre.com\/pt-pt\/#organization\",\"name\":\"Escarre\",\"url\":\"https:\/\/www.escarre.com\/pt-pt\/\",\"logo\":{\"@type\":\"ImageObject\",\"inLanguage\":\"pt-PT\",\"@id\":\"https:\/\/www.escarre.com\/pt-pt\/#\/schema\/logo\/image\/\",\"url\":\"https:\/\/www.escarre.com\/wp-content\/uploads\/logo-eas-1.png\",\"contentUrl\":\"https:\/\/www.escarre.com\/wp-content\/uploads\/logo-eas-1.png\",\"width\":700,\"height\":125,\"caption\":\"Escarre\"},\"image\":{\"@id\":\"https:\/\/www.escarre.com\/pt-pt\/#\/schema\/logo\/image\/\"}}]}<\/script>\n<!-- \/ Yoast SEO plugin. -->","yoast_head_json":{"title":"A TecnoDenim a solu\u00e7\u00e3o completa para linhas de tecido jeans","description":"A TecnoDenim, automa\u00e7\u00e3o completa da prepara\u00e7\u00e3o, armazenamento e dosagem de produtos espec\u00edficos para linhas de tingimento cont\u00ednuo para tecido \u00edndigo\/jeans","robots":{"index":"index","follow":"follow","max-snippet":"max-snippet:-1","max-image-preview":"max-image-preview:large","max-video-preview":"max-video-preview:-1"},"canonical":"https:\/\/www.escarre.com\/pt-pt\/denim\/","og_locale":"pt_PT","og_type":"article","og_title":"A TecnoDenim a solu\u00e7\u00e3o completa para linhas de tecido jeans","og_description":"A TecnoDenim, automa\u00e7\u00e3o completa da prepara\u00e7\u00e3o, armazenamento e dosagem de produtos espec\u00edficos para linhas de tingimento cont\u00ednuo para tecido \u00edndigo\/jeans","og_url":"https:\/\/www.escarre.com\/pt-pt\/denim\/","og_site_name":"Escarre","article_modified_time":"2023-07-21T12:38:35+00:00","og_image":[{"width":960,"height":650,"url":"https:\/\/www.escarre.com\/wp-content\/uploads\/TECNODENIM-1.jpg","type":"image\/jpeg"}],"twitter_card":"summary_large_image","twitter_misc":{"Tempo estimado de leitura":"1 minuto"},"schema":{"@context":"https:\/\/schema.org","@graph":[{"@type":"WebPage","@id":"https:\/\/www.escarre.com\/pt-pt\/denim\/","url":"https:\/\/www.escarre.com\/pt-pt\/denim\/","name":"A TecnoDenim a solu\u00e7\u00e3o completa para linhas de tecido jeans","isPartOf":{"@id":"https:\/\/www.escarre.com\/pt-pt\/#website"},"primaryImageOfPage":{"@id":"https:\/\/www.escarre.com\/pt-pt\/denim\/#primaryimage"},"image":{"@id":"https:\/\/www.escarre.com\/pt-pt\/denim\/#primaryimage"},"thumbnailUrl":"https:\/\/www.escarre.com\/wp-content\/uploads\/TECNODENIM-1.jpg","datePublished":"2023-06-09T10:26:28+00:00","dateModified":"2023-07-21T12:38:35+00:00","description":"A TecnoDenim, automa\u00e7\u00e3o completa da prepara\u00e7\u00e3o, armazenamento e dosagem de produtos espec\u00edficos para linhas de tingimento cont\u00ednuo para tecido \u00edndigo\/jeans","breadcrumb":{"@id":"https:\/\/www.escarre.com\/pt-pt\/denim\/#breadcrumb"},"inLanguage":"pt-PT","potentialAction":[{"@type":"ReadAction","target":["https:\/\/www.escarre.com\/pt-pt\/denim\/"]}]},{"@type":"ImageObject","inLanguage":"pt-PT","@id":"https:\/\/www.escarre.com\/pt-pt\/denim\/#primaryimage","url":"https:\/\/www.escarre.com\/wp-content\/uploads\/TECNODENIM-1.jpg","contentUrl":"https:\/\/www.escarre.com\/wp-content\/uploads\/TECNODENIM-1.jpg","width":960,"height":650},{"@type":"BreadcrumbList","@id":"https:\/\/www.escarre.com\/pt-pt\/denim\/#breadcrumb","itemListElement":[{"@type":"ListItem","position":1,"name":"Portada","item":"https:\/\/www.escarre.com\/pt-pt\/"},{"@type":"ListItem","position":2,"name":"Denim"}]},{"@type":"WebSite","@id":"https:\/\/www.escarre.com\/pt-pt\/#website","url":"https:\/\/www.escarre.com\/pt-pt\/","name":"Escarre","description":"","publisher":{"@id":"https:\/\/www.escarre.com\/pt-pt\/#organization"},"potentialAction":[{"@type":"SearchAction","target":{"@type":"EntryPoint","urlTemplate":"https:\/\/www.escarre.com\/pt-pt\/?s={search_term_string}"},"query-input":{"@type":"PropertyValueSpecification","valueRequired":true,"valueName":"search_term_string"}}],"inLanguage":"pt-PT"},{"@type":"Organization","@id":"https:\/\/www.escarre.com\/pt-pt\/#organization","name":"Escarre","url":"https:\/\/www.escarre.com\/pt-pt\/","logo":{"@type":"ImageObject","inLanguage":"pt-PT","@id":"https:\/\/www.escarre.com\/pt-pt\/#\/schema\/logo\/image\/","url":"https:\/\/www.escarre.com\/wp-content\/uploads\/logo-eas-1.png","contentUrl":"https:\/\/www.escarre.com\/wp-content\/uploads\/logo-eas-1.png","width":700,"height":125,"caption":"Escarre"},"image":{"@id":"https:\/\/www.escarre.com\/pt-pt\/#\/schema\/logo\/image\/"}}]}},"_links":{"self":[{"href":"https:\/\/www.escarre.com\/pt-pt\/wp-json\/wp\/v2\/pages\/3284","targetHints":{"allow":["GET"]}}],"collection":[{"href":"https:\/\/www.escarre.com\/pt-pt\/wp-json\/wp\/v2\/pages"}],"about":[{"href":"https:\/\/www.escarre.com\/pt-pt\/wp-json\/wp\/v2\/types\/page"}],"author":[{"embeddable":true,"href":"https:\/\/www.escarre.com\/pt-pt\/wp-json\/wp\/v2\/users\/1"}],"replies":[{"embeddable":true,"href":"https:\/\/www.escarre.com\/pt-pt\/wp-json\/wp\/v2\/comments?post=3284"}],"version-history":[{"count":2,"href":"https:\/\/www.escarre.com\/pt-pt\/wp-json\/wp\/v2\/pages\/3284\/revisions"}],"predecessor-version":[{"id":4627,"href":"https:\/\/www.escarre.com\/pt-pt\/wp-json\/wp\/v2\/pages\/3284\/revisions\/4627"}],"wp:featuredmedia":[{"embeddable":true,"href":"https:\/\/www.escarre.com\/pt-pt\/wp-json\/wp\/v2\/media\/1299"}],"wp:attachment":[{"href":"https:\/\/www.escarre.com\/pt-pt\/wp-json\/wp\/v2\/media?parent=3284"}],"wp:term":[{"taxonomy":"color","embeddable":true,"href":"https:\/\/www.escarre.com\/pt-pt\/wp-json\/wp\/v2\/color?post=3284"}],"curies":[{"name":"wp","href":"https:\/\/api.w.org\/{rel}","templated":true}]}}