{"id":3299,"date":"2023-06-05T08:58:07","date_gmt":"2023-06-05T08:58:07","guid":{"rendered":"https:\/\/www.escarre.com\/soporte\/"},"modified":"2023-06-23T06:24:25","modified_gmt":"2023-06-23T06:24:25","slug":"soporte","status":"publish","type":"page","link":"https:\/\/www.escarre.com\/pt-pt\/soporte\/","title":{"rendered":"Suporte"},"content":{"rendered":"\n<p>Na EAS, criamos uma equipe de suporte para oferecer o melhor atendimento em qualquer lugar do mundo.<\/p>\n<p>Sabemos o quanto \u00e9 importante ter um servi\u00e7o de suporte t\u00e9cnico de qualidade no momento que voc\u00ea precisar. Nosso servi\u00e7o de suporte remoto permitir\u00e1 que voc\u00ea resolva qualquer problema t\u00e9cnico de forma r\u00e1pida e eficiente. Com apenas uma conex\u00e3o \u00e0 Internet, voc\u00ea pode acessar nossa equipe de suporte em qualquer um de nossos computadores.<\/p>\n<p>Nossa equipe \u00e9 formada por t\u00e9cnicos especializados prontos para ajud\u00e1-lo a resolver um problema t\u00e9cnico, tirar d\u00favidas sobre a opera\u00e7\u00e3o ou agendar assist\u00eancia no local.<\/p>\n\n\n\n<p><\/p>\n\n\n\n<p><\/p>\n","protected":false},"excerpt":{"rendered":"<p>Na EAS, criamos uma equipe de suporte para oferecer o melhor atendimento em qualquer lugar do mundo. Sabemos o quanto \u00e9 importante ter um servi\u00e7o de suporte t\u00e9cnico de qualidade &hellip;<\/p>\n","protected":false},"author":1,"featured_media":3620,"parent":0,"menu_order":0,"comment_status":"closed","ping_status":"closed","template":"page-templates\/page-with-header-section-2.php","meta":{"_acf_changed":false,"footnotes":""},"color":[11],"class_list":["post-3299","page","type-page","status-publish","has-post-thumbnail","hentry","color-grey"],"acf":[],"yoast_head":"<!-- This site is optimized with the Yoast SEO plugin v26.7 - https:\/\/yoast.com\/wordpress\/plugins\/seo\/ -->\n<title>Suporte - Escarre<\/title>\n<meta name=\"description\" content=\"Na EAS, criamos uma equipe de suporte para oferecer o melhor atendimento em qualquer lugar do mundo. Sabemos o quanto \u00e9 importante ter um servi\u00e7o de\" \/>\n<meta name=\"robots\" content=\"index, follow, max-snippet:-1, max-image-preview:large, max-video-preview:-1\" \/>\n<link rel=\"canonical\" href=\"https:\/\/www.escarre.com\/pt-pt\/soporte\/\" \/>\n<meta property=\"og:locale\" content=\"pt_PT\" \/>\n<meta property=\"og:type\" content=\"article\" \/>\n<meta property=\"og:title\" content=\"Suporte - Escarre\" \/>\n<meta property=\"og:description\" content=\"Na EAS, criamos uma equipe de suporte para oferecer o melhor atendimento em qualquer lugar do mundo. Sabemos o quanto \u00e9 importante ter um servi\u00e7o de\" \/>\n<meta property=\"og:url\" content=\"https:\/\/www.escarre.com\/pt-pt\/soporte\/\" \/>\n<meta property=\"og:site_name\" content=\"Escarre\" \/>\n<meta property=\"article:modified_time\" content=\"2023-06-23T06:24:25+00:00\" \/>\n<meta property=\"og:image\" content=\"https:\/\/www.escarre.com\/wp-content\/uploads\/Conexion-total-con-la-planta-1.jpg\" \/>\n\t<meta property=\"og:image:width\" content=\"960\" \/>\n\t<meta property=\"og:image:height\" content=\"600\" \/>\n\t<meta property=\"og:image:type\" content=\"image\/jpeg\" \/>\n<meta name=\"twitter:card\" content=\"summary_large_image\" \/>\n<meta name=\"twitter:label1\" content=\"Tempo estimado de leitura\" \/>\n\t<meta name=\"twitter:data1\" content=\"1 minuto\" \/>\n<script type=\"application\/ld+json\" class=\"yoast-schema-graph\">{\"@context\":\"https:\/\/schema.org\",\"@graph\":[{\"@type\":\"WebPage\",\"@id\":\"https:\/\/www.escarre.com\/pt-pt\/soporte\/\",\"url\":\"https:\/\/www.escarre.com\/pt-pt\/soporte\/\",\"name\":\"Suporte - Escarre\",\"isPartOf\":{\"@id\":\"https:\/\/www.escarre.com\/pt-pt\/#website\"},\"primaryImageOfPage\":{\"@id\":\"https:\/\/www.escarre.com\/pt-pt\/soporte\/#primaryimage\"},\"image\":{\"@id\":\"https:\/\/www.escarre.com\/pt-pt\/soporte\/#primaryimage\"},\"thumbnailUrl\":\"https:\/\/www.escarre.com\/wp-content\/uploads\/Conexion-total-con-la-planta-1.jpg\",\"datePublished\":\"2023-06-05T08:58:07+00:00\",\"dateModified\":\"2023-06-23T06:24:25+00:00\",\"description\":\"Na EAS, criamos uma equipe de suporte para oferecer o melhor atendimento em qualquer lugar do mundo. Sabemos o quanto \u00e9 importante ter um servi\u00e7o de\",\"breadcrumb\":{\"@id\":\"https:\/\/www.escarre.com\/pt-pt\/soporte\/#breadcrumb\"},\"inLanguage\":\"pt-PT\",\"potentialAction\":[{\"@type\":\"ReadAction\",\"target\":[\"https:\/\/www.escarre.com\/pt-pt\/soporte\/\"]}]},{\"@type\":\"ImageObject\",\"inLanguage\":\"pt-PT\",\"@id\":\"https:\/\/www.escarre.com\/pt-pt\/soporte\/#primaryimage\",\"url\":\"https:\/\/www.escarre.com\/wp-content\/uploads\/Conexion-total-con-la-planta-1.jpg\",\"contentUrl\":\"https:\/\/www.escarre.com\/wp-content\/uploads\/Conexion-total-con-la-planta-1.jpg\",\"width\":960,\"height\":600},{\"@type\":\"BreadcrumbList\",\"@id\":\"https:\/\/www.escarre.com\/pt-pt\/soporte\/#breadcrumb\",\"itemListElement\":[{\"@type\":\"ListItem\",\"position\":1,\"name\":\"Portada\",\"item\":\"https:\/\/www.escarre.com\/pt-pt\/\"},{\"@type\":\"ListItem\",\"position\":2,\"name\":\"Suporte\"}]},{\"@type\":\"WebSite\",\"@id\":\"https:\/\/www.escarre.com\/pt-pt\/#website\",\"url\":\"https:\/\/www.escarre.com\/pt-pt\/\",\"name\":\"Escarre\",\"description\":\"\",\"publisher\":{\"@id\":\"https:\/\/www.escarre.com\/pt-pt\/#organization\"},\"potentialAction\":[{\"@type\":\"SearchAction\",\"target\":{\"@type\":\"EntryPoint\",\"urlTemplate\":\"https:\/\/www.escarre.com\/pt-pt\/?s={search_term_string}\"},\"query-input\":{\"@type\":\"PropertyValueSpecification\",\"valueRequired\":true,\"valueName\":\"search_term_string\"}}],\"inLanguage\":\"pt-PT\"},{\"@type\":\"Organization\",\"@id\":\"https:\/\/www.escarre.com\/pt-pt\/#organization\",\"name\":\"Escarre\",\"url\":\"https:\/\/www.escarre.com\/pt-pt\/\",\"logo\":{\"@type\":\"ImageObject\",\"inLanguage\":\"pt-PT\",\"@id\":\"https:\/\/www.escarre.com\/pt-pt\/#\/schema\/logo\/image\/\",\"url\":\"https:\/\/www.escarre.com\/wp-content\/uploads\/logo-eas-1.png\",\"contentUrl\":\"https:\/\/www.escarre.com\/wp-content\/uploads\/logo-eas-1.png\",\"width\":700,\"height\":125,\"caption\":\"Escarre\"},\"image\":{\"@id\":\"https:\/\/www.escarre.com\/pt-pt\/#\/schema\/logo\/image\/\"}}]}<\/script>\n<!-- \/ Yoast SEO plugin. -->","yoast_head_json":{"title":"Suporte - Escarre","description":"Na EAS, criamos uma equipe de suporte para oferecer o melhor atendimento em qualquer lugar do mundo. Sabemos o quanto \u00e9 importante ter um servi\u00e7o de","robots":{"index":"index","follow":"follow","max-snippet":"max-snippet:-1","max-image-preview":"max-image-preview:large","max-video-preview":"max-video-preview:-1"},"canonical":"https:\/\/www.escarre.com\/pt-pt\/soporte\/","og_locale":"pt_PT","og_type":"article","og_title":"Suporte - Escarre","og_description":"Na EAS, criamos uma equipe de suporte para oferecer o melhor atendimento em qualquer lugar do mundo. Sabemos o quanto \u00e9 importante ter um servi\u00e7o de","og_url":"https:\/\/www.escarre.com\/pt-pt\/soporte\/","og_site_name":"Escarre","article_modified_time":"2023-06-23T06:24:25+00:00","og_image":[{"width":960,"height":600,"url":"https:\/\/www.escarre.com\/wp-content\/uploads\/Conexion-total-con-la-planta-1.jpg","type":"image\/jpeg"}],"twitter_card":"summary_large_image","twitter_misc":{"Tempo estimado de leitura":"1 minuto"},"schema":{"@context":"https:\/\/schema.org","@graph":[{"@type":"WebPage","@id":"https:\/\/www.escarre.com\/pt-pt\/soporte\/","url":"https:\/\/www.escarre.com\/pt-pt\/soporte\/","name":"Suporte - Escarre","isPartOf":{"@id":"https:\/\/www.escarre.com\/pt-pt\/#website"},"primaryImageOfPage":{"@id":"https:\/\/www.escarre.com\/pt-pt\/soporte\/#primaryimage"},"image":{"@id":"https:\/\/www.escarre.com\/pt-pt\/soporte\/#primaryimage"},"thumbnailUrl":"https:\/\/www.escarre.com\/wp-content\/uploads\/Conexion-total-con-la-planta-1.jpg","datePublished":"2023-06-05T08:58:07+00:00","dateModified":"2023-06-23T06:24:25+00:00","description":"Na EAS, criamos uma equipe de suporte para oferecer o melhor atendimento em qualquer lugar do mundo. Sabemos o quanto \u00e9 importante ter um servi\u00e7o de","breadcrumb":{"@id":"https:\/\/www.escarre.com\/pt-pt\/soporte\/#breadcrumb"},"inLanguage":"pt-PT","potentialAction":[{"@type":"ReadAction","target":["https:\/\/www.escarre.com\/pt-pt\/soporte\/"]}]},{"@type":"ImageObject","inLanguage":"pt-PT","@id":"https:\/\/www.escarre.com\/pt-pt\/soporte\/#primaryimage","url":"https:\/\/www.escarre.com\/wp-content\/uploads\/Conexion-total-con-la-planta-1.jpg","contentUrl":"https:\/\/www.escarre.com\/wp-content\/uploads\/Conexion-total-con-la-planta-1.jpg","width":960,"height":600},{"@type":"BreadcrumbList","@id":"https:\/\/www.escarre.com\/pt-pt\/soporte\/#breadcrumb","itemListElement":[{"@type":"ListItem","position":1,"name":"Portada","item":"https:\/\/www.escarre.com\/pt-pt\/"},{"@type":"ListItem","position":2,"name":"Suporte"}]},{"@type":"WebSite","@id":"https:\/\/www.escarre.com\/pt-pt\/#website","url":"https:\/\/www.escarre.com\/pt-pt\/","name":"Escarre","description":"","publisher":{"@id":"https:\/\/www.escarre.com\/pt-pt\/#organization"},"potentialAction":[{"@type":"SearchAction","target":{"@type":"EntryPoint","urlTemplate":"https:\/\/www.escarre.com\/pt-pt\/?s={search_term_string}"},"query-input":{"@type":"PropertyValueSpecification","valueRequired":true,"valueName":"search_term_string"}}],"inLanguage":"pt-PT"},{"@type":"Organization","@id":"https:\/\/www.escarre.com\/pt-pt\/#organization","name":"Escarre","url":"https:\/\/www.escarre.com\/pt-pt\/","logo":{"@type":"ImageObject","inLanguage":"pt-PT","@id":"https:\/\/www.escarre.com\/pt-pt\/#\/schema\/logo\/image\/","url":"https:\/\/www.escarre.com\/wp-content\/uploads\/logo-eas-1.png","contentUrl":"https:\/\/www.escarre.com\/wp-content\/uploads\/logo-eas-1.png","width":700,"height":125,"caption":"Escarre"},"image":{"@id":"https:\/\/www.escarre.com\/pt-pt\/#\/schema\/logo\/image\/"}}]}},"_links":{"self":[{"href":"https:\/\/www.escarre.com\/pt-pt\/wp-json\/wp\/v2\/pages\/3299","targetHints":{"allow":["GET"]}}],"collection":[{"href":"https:\/\/www.escarre.com\/pt-pt\/wp-json\/wp\/v2\/pages"}],"about":[{"href":"https:\/\/www.escarre.com\/pt-pt\/wp-json\/wp\/v2\/types\/page"}],"author":[{"embeddable":true,"href":"https:\/\/www.escarre.com\/pt-pt\/wp-json\/wp\/v2\/users\/1"}],"replies":[{"embeddable":true,"href":"https:\/\/www.escarre.com\/pt-pt\/wp-json\/wp\/v2\/comments?post=3299"}],"version-history":[{"count":0,"href":"https:\/\/www.escarre.com\/pt-pt\/wp-json\/wp\/v2\/pages\/3299\/revisions"}],"wp:featuredmedia":[{"embeddable":true,"href":"https:\/\/www.escarre.com\/pt-pt\/wp-json\/wp\/v2\/media\/3620"}],"wp:attachment":[{"href":"https:\/\/www.escarre.com\/pt-pt\/wp-json\/wp\/v2\/media?parent=3299"}],"wp:term":[{"taxonomy":"color","embeddable":true,"href":"https:\/\/www.escarre.com\/pt-pt\/wp-json\/wp\/v2\/color?post=3299"}],"curies":[{"name":"wp","href":"https:\/\/api.w.org\/{rel}","templated":true}]}}